{"id":10416,"date":"2024-02-27T17:45:58","date_gmt":"2024-02-27T16:45:58","guid":{"rendered":"https:\/\/handbag-sense.com\/product\/hermes-kelly-32-epsom-rouge-grenat\/"},"modified":"2025-06-20T15:48:21","modified_gmt":"2025-06-20T13:48:21","slug":"hermes-kelly-32-epsom-rouge-grenat","status":"publish","type":"product","link":"https:\/\/handbag-sense.com\/es\/producto\/hermes-kelly-32-epsom-rouge-grenat\/","title":{"rendered":"Herm\u00e8s Kelly 32 Epsom Rouge Grenat"},"content":{"rendered":"<div class=\"c-columns-m-1 c-columns-2 c-columns-gap-s\">\n<div><strong>Material:<\/strong> Cuero Epsom<br \/>\n<strong>Color:<\/strong> Granadina roja<br \/>\n<strong>Elementos met\u00e1licos:<\/strong> Herrajes de paladio<br \/>\n<strong>Material interior:<\/strong> Cuero<\/div>\n<div><strong>Grado:<\/strong> 3  <img decoding=\"async\" class=\"info_box alignnone size-medium wp-image-885\" title=\"Informaci\u00f3n\" role=\"img\" src=\"https:\/\/handbag-sense.com\/wp-content\/uploads\/2023\/05\/info_icon.svg\" alt=\"Cuadro de informaci\u00f3n\" width=\"15\" height=\"15\"><br \/>\n<strong>A\u00f1o de producci\u00f3n \/ Sello: <\/strong>2018 \/ C<br \/>\n<strong>Medidas:<\/strong> 32 x 23 x 10,5 cm<br \/>\n<strong>Naviero:<\/strong> Mundial<\/div>\n<div><strong>Condici\u00f3n:<\/strong>usado<\/div>\n<\/div>\n<p><strong>Incluye:<\/strong> Bolsa guardapolvo, correa, clochette, cerradura, llaves<\/p>\n","protected":false},"excerpt":{"rendered":"<p><strong>Herm\u00e8s Kelly 32 Epsom Rouge Grenat Palladium Herrajes.<\/strong> El <strong>Kelly 32<\/strong> <strong>Sellier<\/strong> en color <strong>Rouge Grenat, <\/strong>hecho de cuero <strong>Epsom<\/strong> duradero con herrajes de paladio, es de 2018. Se incluye una cerradura, dos llaves, la correa de transporte original, la bolsa guardapolvo original y la factura original. Tambi\u00e9n se puede llevar maravillosamente como bandolera. El bolso Kelly de Herm\u00e8s es un icono absoluto entre los bolsos y ha sido sin\u00f3nimo de elegancia y clase durante d\u00e9cadas. El bolso Kelly es de 2018, tiene sello C y est\u00e1 en muy buen estado.<\/p>\n","protected":false},"featured_media":10424,"template":"","meta":[],"product_brand":[2433],"product_cat":[1813],"product_tag":[1919,1918],"class_list":{"0":"post-10416","1":"product","2":"type-product","3":"status-publish","4":"has-post-thumbnail","6":"product_brand-hermes-es","7":"product_cat-bolso","8":"product_tag-hermes-kelly-32-es","9":"product_tag-hermes-kelly-sellier-es","10":"pa_brand-hermes-es","11":"pa_color-azul","12":"pa_grade-grado-3","13":"pa_hermes-models-kelly-es","14":"pa_material-cuero","16":"first","17":"outofstock","18":"sold-individually","19":"shipping-taxable","20":"product-type-simple"},"_links":{"self":[{"href":"https:\/\/handbag-sense.com\/es\/wp-json\/wp\/v2\/product\/10416","targetHints":{"allow":["GET"]}}],"collection":[{"href":"https:\/\/handbag-sense.com\/es\/wp-json\/wp\/v2\/product"}],"about":[{"href":"https:\/\/handbag-sense.com\/es\/wp-json\/wp\/v2\/types\/product"}],"wp:featuredmedia":[{"embeddable":true,"href":"https:\/\/handbag-sense.com\/es\/wp-json\/wp\/v2\/media\/10424"}],"wp:attachment":[{"href":"https:\/\/handbag-sense.com\/es\/wp-json\/wp\/v2\/media?parent=10416"}],"wp:term":[{"taxonomy":"product_brand","embeddable":true,"href":"https:\/\/handbag-sense.com\/es\/wp-json\/wp\/v2\/product_brand?post=10416"},{"taxonomy":"product_cat","embeddable":true,"href":"https:\/\/handbag-sense.com\/es\/wp-json\/wp\/v2\/product_cat?post=10416"},{"taxonomy":"product_tag","embeddable":true,"href":"https:\/\/handbag-sense.com\/es\/wp-json\/wp\/v2\/product_tag?post=10416"}],"curies":[{"name":"wp","href":"https:\/\/api.w.org\/{rel}","templated":true}]}}