{"id":10410,"date":"2023-12-29T16:42:27","date_gmt":"2023-12-29T15:42:27","guid":{"rendered":"https:\/\/handbag-sense.com\/product\/zapatilla-rosa-blanco-talla-9\/"},"modified":"2025-06-20T15:53:43","modified_gmt":"2025-06-20T13:53:43","slug":"zapatilla-rosa-blanco-talla-9","status":"publish","type":"product","link":"https:\/\/handbag-sense.com\/es\/producto\/zapatilla-rosa-blanco-talla-9\/","title":{"rendered":"Zapatilla Rosa \/ Blanco Talla 9"},"content":{"rendered":"<div class=\"c-columns-m-1 c-columns-2 c-columns-gap-s\">\n<div><strong>Color:<\/strong> rosa\/blanco<br \/>\n<strong>Material:<\/strong> Cuero \/ Caucho \/ Algod\u00f3n<\/div>\n<div><strong>Grado:<\/strong> 1  <img decoding=\"async\" class=\"info_box alignnone size-medium wp-image-885\" title=\"Informaci\u00f3n\" role=\"img\" src=\"http:\/\/handbag-sense.com\/wp-content\/uploads\/2023\/05\/info_icon.svg\" alt=\"Cuadro de informaci\u00f3n\" width=\"15\" height=\"15\"><br \/>\n<strong>Talla:<\/strong> 9<\/div>\n<\/div>\n<p><strong>Incluye:<\/strong> Bolsa para el polvo, Caja<\/p>\n","protected":false},"excerpt":{"rendered":"<p><strong>Louis Vuitton Trainer Rosa \/ Blanco Talla 9 para Hombre. <\/strong>Estas <strong>exclusivas zapatillas Louis Vuitton<\/strong> combinan elegancia y funcionalidad. Est\u00e1n hechos de piel de becerro lisa, combinada con piel de becerro granulada con monograma en relieve, lo que garantiza una apariencia lujosa. La suela exterior est\u00e1 art\u00edsticamente adornada con flores de monograma, lo que le da a los zapatos un toque \u00fanico. Presentadas en una atractiva combinaci\u00f3n de colores blanco-rosa, estas zapatillas son un verdadero punto de atracci\u00f3n. Los laterales est\u00e1n adornados con la caracter\u00edstica firma de Vuitton, mientras que las marcas \"LV\" en la leng\u00fceta y el tal\u00f3n a\u00f1aden un encanto extra a la marca. Equipado con una suela de goma robusta para una comodidad y durabilidad \u00f3ptimas.<\/p>\n<p>Presentada en el desfile debut de Virgil Abloh para la colecci\u00f3n Primavera-Verano 2019, la Louis Vuitton \"LV Trainer\" se ha consolidado como una zapatilla de hombre indispensable. El dise\u00f1o ic\u00f3nico se inspir\u00f3 en las zapatillas de baloncesto vintage y emana un encanto atemporal. Estas zapatillas se fabrican en Italia, y cada par representa una excelente artesan\u00eda: se invierten siete horas de meticuloso trabajo de costura en la producci\u00f3n de cada par. Esto los convierte en imprescindibles indispensables para todo hombre moderno y consciente del estilo. Las \"LV Trainers\" de Louis Vuitton son m\u00e1s que simples zapatillas: son una declaraci\u00f3n de lujo y elegancia, ideales para hombres que valoran tanto el estilo como la comodidad. Las <strong>zapatillas Louis Vuitton<\/strong><strong> <\/strong>son nuevos y nunca se usan.<\/p>\n","protected":false},"featured_media":10420,"template":"","meta":[],"product_brand":[2437],"product_cat":[1955],"product_tag":[1985,2000],"class_list":{"0":"post-10410","1":"product","2":"type-product","3":"status-publish","4":"has-post-thumbnail","6":"product_brand-louis-vuitton-es","7":"product_cat-calzado","8":"product_tag-louis-vuitton-trainer-es","9":"product_tag-lv-trainer-rosa-blanco","10":"pa_brand-louis-vuitton-es","11":"pa_color-beige-es","12":"pa_color-lila-es","13":"pa_color-multicolor","14":"pa_color-desnudo","15":"pa_color-rosa-es","16":"pa_color-blanco","17":"pa_grade-grado-1","18":"pa_material-cuero","20":"first","21":"outofstock","22":"shipping-taxable","23":"product-type-simple"},"_links":{"self":[{"href":"https:\/\/handbag-sense.com\/es\/wp-json\/wp\/v2\/product\/10410","targetHints":{"allow":["GET"]}}],"collection":[{"href":"https:\/\/handbag-sense.com\/es\/wp-json\/wp\/v2\/product"}],"about":[{"href":"https:\/\/handbag-sense.com\/es\/wp-json\/wp\/v2\/types\/product"}],"wp:featuredmedia":[{"embeddable":true,"href":"https:\/\/handbag-sense.com\/es\/wp-json\/wp\/v2\/media\/10420"}],"wp:attachment":[{"href":"https:\/\/handbag-sense.com\/es\/wp-json\/wp\/v2\/media?parent=10410"}],"wp:term":[{"taxonomy":"product_brand","embeddable":true,"href":"https:\/\/handbag-sense.com\/es\/wp-json\/wp\/v2\/product_brand?post=10410"},{"taxonomy":"product_cat","embeddable":true,"href":"https:\/\/handbag-sense.com\/es\/wp-json\/wp\/v2\/product_cat?post=10410"},{"taxonomy":"product_tag","embeddable":true,"href":"https:\/\/handbag-sense.com\/es\/wp-json\/wp\/v2\/product_tag?post=10410"}],"curies":[{"name":"wp","href":"https:\/\/api.w.org\/{rel}","templated":true}]}}