{"id":10369,"date":"2024-01-25T21:25:20","date_gmt":"2024-01-25T20:25:20","guid":{"rendered":"https:\/\/handbag-sense.com\/product\/birkin-25-malva-sylvestre-swift-rose\/"},"modified":"2025-06-20T15:52:51","modified_gmt":"2025-06-20T13:52:51","slug":"birkin-25-malva-sylvestre-swift-rose","status":"publish","type":"product","link":"https:\/\/handbag-sense.com\/es\/producto\/birkin-25-malva-sylvestre-swift-rose\/","title":{"rendered":"Birkin 25 Malva Sylvestre Swift Rose"},"content":{"rendered":"<div class=\"c-columns-m-1 c-columns-2 c-columns-gap-s\">\n<div><strong>Material:<\/strong> Cuero Swift<br \/>\n<strong>Color:<\/strong> Malva Sylvestre<br \/>\n<strong>Elementos met\u00e1licos:<\/strong> Herrajes de oro rosa<br \/>\n<strong>Material interior:<\/strong> Cuero<\/div>\n<div><strong>Grado: <\/strong> 1  <img decoding=\"async\" class=\"info_box alignnone size-medium wp-image-885\" title=\"Informaci\u00f3n\" role=\"img\" src=\"https:\/\/handbag-sense.com\/wp-content\/uploads\/2023\/05\/info_icon.svg\" alt=\"Cuadro de informaci\u00f3n\" width=\"15\" height=\"15\"><br \/>\n<strong>A\u00f1o de producci\u00f3n\/Sello:<\/strong> 2023 \/ B<br \/>\n<strong>Tama\u00f1o:<\/strong> 25 x 20 x 13 cm<br \/>\n<strong>Naviero:<\/strong> Mundial<\/div>\n<\/div>\n<p><strong>Incluye:<\/strong> Recibo original, bolsa guardapolvo, clochette, cerradura, llaves, impermeable, fieltro, folleto, caja<\/p>\n","protected":false},"excerpt":{"rendered":"<p><strong>Herm\u00e8s Birkin 25 Mauve Sylvestre Swift Herrajes de oro rosa.<\/strong>  Descubre este exclusivo bolso Birkin 25, confeccionado a mano con piel Swift en el encantador color Malva Sylvestre y bellamente acentuado con herrajes de oro rosa. Este exquisito bolso Birkin Mauve Sylvestre cuenta con asas de cuero elegantemente enrolladas, un cierre seguro de correa superior con un distintivo cierre giratorio. Este lujoso paquete se completa con una campana, un candado acompa\u00f1ado de dos llaves, la ic\u00f3nica bolsa guardapolvo de Herm\u00e8s y la caracter\u00edstica caja naranja. Est\u00e1 en perfecto estado, se incluye la factura original de 2023. El <strong>Birkin 25 Mauve Sylvestre<\/strong> es m\u00e1s que un simple bolso; Es una pieza rara y excepcional que encarna la esencia de la elegancia y la exclusividad, lo que la convierte en una adici\u00f3n verdaderamente especial a cualquier colecci\u00f3n sofisticada.<\/p>\n","protected":false},"featured_media":10401,"template":"","meta":[],"product_brand":[2433],"product_cat":[1813],"product_tag":[1997,1914,1998],"class_list":{"0":"post-10369","1":"product","2":"type-product","3":"status-publish","4":"has-post-thumbnail","6":"product_brand-hermes-es","7":"product_cat-bolso","8":"product_tag-birkin-25-malva-sylvestre","9":"product_tag-hermes-birkin-25-es","10":"product_tag-hermes-malva-sylvestre","11":"pa_brand-hermes-es","12":"pa_color-rosado","13":"pa_color-rosa-es","14":"pa_grade-grado-1","15":"pa_hermes-models-birkin-es","16":"pa_material-cuero","18":"first","19":"outofstock","20":"sold-individually","21":"shipping-taxable","22":"product-type-simple"},"_links":{"self":[{"href":"https:\/\/handbag-sense.com\/es\/wp-json\/wp\/v2\/product\/10369","targetHints":{"allow":["GET"]}}],"collection":[{"href":"https:\/\/handbag-sense.com\/es\/wp-json\/wp\/v2\/product"}],"about":[{"href":"https:\/\/handbag-sense.com\/es\/wp-json\/wp\/v2\/types\/product"}],"wp:featuredmedia":[{"embeddable":true,"href":"https:\/\/handbag-sense.com\/es\/wp-json\/wp\/v2\/media\/10401"}],"wp:attachment":[{"href":"https:\/\/handbag-sense.com\/es\/wp-json\/wp\/v2\/media?parent=10369"}],"wp:term":[{"taxonomy":"product_brand","embeddable":true,"href":"https:\/\/handbag-sense.com\/es\/wp-json\/wp\/v2\/product_brand?post=10369"},{"taxonomy":"product_cat","embeddable":true,"href":"https:\/\/handbag-sense.com\/es\/wp-json\/wp\/v2\/product_cat?post=10369"},{"taxonomy":"product_tag","embeddable":true,"href":"https:\/\/handbag-sense.com\/es\/wp-json\/wp\/v2\/product_tag?post=10369"}],"curies":[{"name":"wp","href":"https:\/\/api.w.org\/{rel}","templated":true}]}}