{"id":10367,"date":"2024-01-29T13:26:23","date_gmt":"2024-01-29T12:26:23","guid":{"rendered":"https:\/\/handbag-sense.com\/product\/birkin-35-negro-togo\/"},"modified":"2025-06-20T15:48:33","modified_gmt":"2025-06-20T13:48:33","slug":"birkin-35-negro-togo","status":"publish","type":"product","link":"https:\/\/handbag-sense.com\/es\/producto\/birkin-35-negro-togo\/","title":{"rendered":"Birkin 35 Negro Togo"},"content":{"rendered":"<div class=\"c-columns-m-1 c-columns-2 c-columns-gap-s\">\n<div><strong>Material:<\/strong> Cuero Togo<br \/>\n<strong>Color:<\/strong> Negro<br \/>\n<strong>Elementos met\u00e1licos:<\/strong> Herrajes de paladio<br \/>\n<strong>Material interior:<\/strong> Cuero<\/div>\n<div><strong>Grado: <\/strong>3  <img decoding=\"async\" class=\"info_box alignnone size-medium wp-image-885\" title=\"Informaci\u00f3n\" role=\"img\" src=\"https:\/\/handbag-sense.com\/wp-content\/uploads\/2023\/05\/info_icon.svg\" alt=\"Cuadro de informaci\u00f3n\" width=\"15\" height=\"15\"><br \/>\n<strong>A\u00f1o de producci\u00f3n\/Sello:<\/strong> 2014 \/ R<br \/>\n<strong>Tama\u00f1o:<\/strong> 35 x 25 x 18 cm<br \/>\n<strong>Naviero:<\/strong> Mundial<\/div>\n<\/div>\n<p><strong>Incluye:<\/strong> Recibo original, caja, bolsa guardapolvo, clochette, llaves, cerradura, fieltro, chubasquero<\/p>\n","protected":false},"excerpt":{"rendered":"<p><strong>Herm\u00e8s Birkin 35 Negro Togo Palladium Herrajes<\/strong>. Eleva tu estilo con este ic\u00f3nico Birkin 35, hecho a mano con cuero Togo en el cl\u00e1sico color negro, perfectamente complementado con elegantes herrajes de paladio. Este bolso cuenta con asas de cuero enrollado, una parte superior segura y un cierre de correa coronado con un refinado cierre giratorio de paladio. Reconocido por su versatilidad y amplitud, este bolso tan codiciado es ideal para diversas ocasiones, ya que se adapta sin esfuerzo a elementos esenciales como su computadora port\u00e1til, agenda y tel\u00e9fono, lo que lo convierte en el mejor compa\u00f1ero para entornos profesionales. En excelentes condiciones, este Birkin presenta ara\u00f1azos m\u00ednimos en los herrajes, lo que indica un uso suave. Viene completo con el recibo original, la bolsa para el polvo y la caja de Herm\u00e8s. Este <strong>Birkin 35 Back<\/strong> es m\u00e1s que un simple bolso; Es una declaraci\u00f3n de gusto exquisito y lujo funcional.<\/p>\n","protected":false},"featured_media":10393,"template":"","meta":[],"product_brand":[2433],"product_cat":[1813],"product_tag":[1993,1892,1893],"class_list":{"0":"post-10367","1":"product","2":"type-product","3":"status-publish","4":"has-post-thumbnail","6":"product_brand-hermes-es","7":"product_cat-bolso","8":"product_tag-birkin-35-negro","9":"product_tag-birkin-35-togo-es","10":"product_tag-hermes-birkin-35-es","11":"pa_brand-hermes-es","12":"pa_color-negro","13":"pa_color-azul","14":"pa_grade-grado-4","15":"pa_hermes-models-birkin-es","16":"pa_material-cuero","18":"first","19":"outofstock","20":"shipping-taxable","21":"product-type-simple"},"_links":{"self":[{"href":"https:\/\/handbag-sense.com\/es\/wp-json\/wp\/v2\/product\/10367","targetHints":{"allow":["GET"]}}],"collection":[{"href":"https:\/\/handbag-sense.com\/es\/wp-json\/wp\/v2\/product"}],"about":[{"href":"https:\/\/handbag-sense.com\/es\/wp-json\/wp\/v2\/types\/product"}],"wp:featuredmedia":[{"embeddable":true,"href":"https:\/\/handbag-sense.com\/es\/wp-json\/wp\/v2\/media\/10393"}],"wp:attachment":[{"href":"https:\/\/handbag-sense.com\/es\/wp-json\/wp\/v2\/media?parent=10367"}],"wp:term":[{"taxonomy":"product_brand","embeddable":true,"href":"https:\/\/handbag-sense.com\/es\/wp-json\/wp\/v2\/product_brand?post=10367"},{"taxonomy":"product_cat","embeddable":true,"href":"https:\/\/handbag-sense.com\/es\/wp-json\/wp\/v2\/product_cat?post=10367"},{"taxonomy":"product_tag","embeddable":true,"href":"https:\/\/handbag-sense.com\/es\/wp-json\/wp\/v2\/product_tag?post=10367"}],"curies":[{"name":"wp","href":"https:\/\/api.w.org\/{rel}","templated":true}]}}