{"id":10366,"date":"2024-02-29T13:47:01","date_gmt":"2024-02-29T12:47:01","guid":{"rendered":"https:\/\/handbag-sense.com\/product\/fiesta-en-el-jardin-36-naranja\/"},"modified":"2025-06-20T15:48:13","modified_gmt":"2025-06-20T13:48:13","slug":"fiesta-en-el-jardin-36-naranja","status":"publish","type":"product","link":"https:\/\/handbag-sense.com\/es\/producto\/fiesta-en-el-jardin-36-naranja\/","title":{"rendered":"Fiesta en el Jard\u00edn 36 Naranja"},"content":{"rendered":"<div class=\"c-columns-m-1 c-columns-2 c-columns-gap-s\">\n<div><strong>Material: <\/strong>Lona\/cuero<br \/>\n<strong>Color:<\/strong> Naranja<br \/>\n<strong>Elementos met\u00e1licos:<\/strong> Herrajes de paladio<br \/>\n<strong>Material interior:<\/strong> Cuero<\/div>\n<div><strong>Calificaci\u00f3n:<\/strong> 4  <img decoding=\"async\" class=\"info_box alignnone size-medium wp-image-885\" title=\"Informaci\u00f3n\" role=\"img\" src=\"https:\/\/handbag-sense.com\/wp-content\/uploads\/2023\/05\/info_icon.svg\" alt=\"Cuadro de informaci\u00f3n\" width=\"15\" height=\"15\"><br \/>\n<strong>A\u00f1o de producci\u00f3n\/Sello:<\/strong> 2011\/O<br \/>\n<strong>Tama\u00f1o:<\/strong> 36 x 26 x 17 cm<br \/>\n<strong>Naviero:<\/strong> Mundial<\/div>\n<div><\/div>\n<\/div>\n","protected":false},"excerpt":{"rendered":"<p><strong>Bolso shopping Herm\u00e8s Garden Party 36 en lona naranja y piel.<\/strong>  Descubre el encanto de la bolsa de compras Herm\u00e8s Garden Party, s\u00edmbolo de elegancia y funcionalidad. Este bolso Garden Party est\u00e1 confeccionado en lona naranja vibrante complementada con detalles de cuero naranja y est\u00e1 adornado con herrajes de paladio. Las asas dobles, hechas de la misma piel naranja, brindan versatilidad y comodidad para llevarlo en la mano. En el interior, el bolso est\u00e1 forrado con una lona naranja a juego, lo que realza a\u00fan m\u00e1s su atractivo est\u00e9tico. Cuenta con un cierre seguro y conveniente con un bot\u00f3n de presi\u00f3n. El bolso cuenta con el sello Square O, que indica su producci\u00f3n en 2011. El<strong> bolso Garden Party Orange<\/strong> est\u00e1 en muy buen estado con peque\u00f1os signos de desgaste. Se trata de un pr\u00e1ctico bolso de mano de Herm\u00e8s, ideal para los recados diarios.<\/p>\n","protected":false},"featured_media":10392,"template":"","meta":[],"product_brand":[2433],"product_cat":[1813,1815],"product_tag":[1994],"class_list":{"0":"post-10366","1":"product","2":"type-product","3":"status-publish","4":"has-post-thumbnail","6":"product_brand-hermes-es","7":"product_cat-bolso","8":"product_cat-comprador","9":"product_tag-fiesta-en-el-jardin-de-hermes","10":"pa_brand-hermes-es","11":"pa_color-naranja","12":"pa_grade-grado-4","13":"pa_hermes-models-garden-party-es","14":"pa_material-cuero","16":"first","17":"outofstock","18":"shipping-taxable","19":"product-type-simple"},"_links":{"self":[{"href":"https:\/\/handbag-sense.com\/es\/wp-json\/wp\/v2\/product\/10366","targetHints":{"allow":["GET"]}}],"collection":[{"href":"https:\/\/handbag-sense.com\/es\/wp-json\/wp\/v2\/product"}],"about":[{"href":"https:\/\/handbag-sense.com\/es\/wp-json\/wp\/v2\/types\/product"}],"wp:featuredmedia":[{"embeddable":true,"href":"https:\/\/handbag-sense.com\/es\/wp-json\/wp\/v2\/media\/10392"}],"wp:attachment":[{"href":"https:\/\/handbag-sense.com\/es\/wp-json\/wp\/v2\/media?parent=10366"}],"wp:term":[{"taxonomy":"product_brand","embeddable":true,"href":"https:\/\/handbag-sense.com\/es\/wp-json\/wp\/v2\/product_brand?post=10366"},{"taxonomy":"product_cat","embeddable":true,"href":"https:\/\/handbag-sense.com\/es\/wp-json\/wp\/v2\/product_cat?post=10366"},{"taxonomy":"product_tag","embeddable":true,"href":"https:\/\/handbag-sense.com\/es\/wp-json\/wp\/v2\/product_tag?post=10366"}],"curies":[{"name":"wp","href":"https:\/\/api.w.org\/{rel}","templated":true}]}}