{"id":10343,"date":"2024-01-12T16:42:00","date_gmt":"2024-01-12T15:42:00","guid":{"rendered":"https:\/\/handbag-sense.com\/product\/kelly-32-oro-togo-retourne\/"},"modified":"2025-06-20T15:53:06","modified_gmt":"2025-06-20T13:53:06","slug":"kelly-32-oro-togo-retourne","status":"publish","type":"product","link":"https:\/\/handbag-sense.com\/es\/producto\/kelly-32-oro-togo-retourne\/","title":{"rendered":"Kelly 32 Oro Togo Retourne"},"content":{"rendered":"<div class=\"c-columns-m-1 c-columns-2 c-columns-gap-s\">\n<div><strong>Material:<\/strong> Cuero Togo<br \/>\n<strong>Color:<\/strong> Oro<br \/>\n<strong>Elementos met\u00e1licos:<\/strong> Herrajes de oro<br \/>\n<strong>Material interior:<\/strong> Cuero<\/div>\n<div><strong>Grado: <\/strong> 3  <img decoding=\"async\" class=\"info_box alignnone size-medium wp-image-885\" title=\"Informaci\u00f3n\" role=\"img\" src=\"https:\/\/handbag-sense.com\/wp-content\/uploads\/2023\/05\/info_icon.svg\" alt=\"Cuadro de informaci\u00f3n\" width=\"15\" height=\"15\"><br \/>\n<strong>A\u00f1o de producci\u00f3n\/Sello:<\/strong> 2020\/D<br \/>\n<strong>Medidas:<\/strong> 32 x 23 x 10,5 cm<br \/>\n<strong>Naviero:<\/strong> Mundial<\/div>\n<\/div>\n<p><strong>Incluye:<\/strong> Recibo original, bolsa guardapolvo, correa, clochette, cerradura, llaves, impermeable, fieltro, folleto, caja<\/p>\n","protected":false},"excerpt":{"rendered":"<p><strong>Herm\u00e8s Kelly 32 Gold Togo Retourne Gold Hardware.<\/strong> Descubra la elegancia con nuestro exquisito <strong>Herm\u00e8s Kelly 32<\/strong>, hecho a mano en piel de Togo en el cl\u00e1sico color dorado y acabado con elegantes detalles met\u00e1licos dorados, creando una armoniosa sinfon\u00eda de color y brillo. El <strong>Kelly 32 Gold<\/strong> viene con: una campana, un candado con dos llaves a juego, la correa de hombro original que transforma el bolso en una c\u00f3moda opci\u00f3n bandolera, el bolso antipolvo original de Herm\u00e8s y la inconfundible caja de Herm\u00e8s. Se incluye la factura original de 2020. El <strong>Kelly Gold<\/strong> ha sido un icono absoluto entre los bolsos durante d\u00e9cadas, sin\u00f3nimo de elegancia y clase. Se ha usado con mucho cuidado y rara vez, por lo que se encuentra en excelentes condiciones, mostrando signos m\u00ednimos de desgaste en los herrajes de la correa.<\/p>\n<p>Este bolso no solo es un s\u00edmbolo de estilo y elegancia, sino tambi\u00e9n una valiosa inversi\u00f3n que conserva su belleza y valor a lo largo de los a\u00f1os. El <strong>Herm\u00e8s Kelly 32 Gold Retourne Togo<\/strong> es un homenaje a la elegancia refinada y un cl\u00e1sico atemporal que merece un lugar en todos los armarios.<\/p>\n","protected":false},"featured_media":10374,"template":"","meta":[],"product_brand":[2433],"product_cat":[1813],"product_tag":[1919,1990,1989],"class_list":{"0":"post-10343","1":"product","2":"type-product","3":"status-publish","4":"has-post-thumbnail","6":"product_brand-hermes-es","7":"product_cat-bolso","8":"product_tag-hermes-kelly-32-es","9":"product_tag-hermes-kelly-oro","10":"product_tag-kelly-32-oro","11":"pa_brand-hermes-es","12":"pa_color-oro","13":"pa_grade-grado-3","14":"pa_hermes-models-kelly-es","15":"pa_material-cuero","17":"first","18":"outofstock","19":"shipping-taxable","20":"product-type-simple"},"_links":{"self":[{"href":"https:\/\/handbag-sense.com\/es\/wp-json\/wp\/v2\/product\/10343","targetHints":{"allow":["GET"]}}],"collection":[{"href":"https:\/\/handbag-sense.com\/es\/wp-json\/wp\/v2\/product"}],"about":[{"href":"https:\/\/handbag-sense.com\/es\/wp-json\/wp\/v2\/types\/product"}],"wp:featuredmedia":[{"embeddable":true,"href":"https:\/\/handbag-sense.com\/es\/wp-json\/wp\/v2\/media\/10374"}],"wp:attachment":[{"href":"https:\/\/handbag-sense.com\/es\/wp-json\/wp\/v2\/media?parent=10343"}],"wp:term":[{"taxonomy":"product_brand","embeddable":true,"href":"https:\/\/handbag-sense.com\/es\/wp-json\/wp\/v2\/product_brand?post=10343"},{"taxonomy":"product_cat","embeddable":true,"href":"https:\/\/handbag-sense.com\/es\/wp-json\/wp\/v2\/product_cat?post=10343"},{"taxonomy":"product_tag","embeddable":true,"href":"https:\/\/handbag-sense.com\/es\/wp-json\/wp\/v2\/product_tag?post=10343"}],"curies":[{"name":"wp","href":"https:\/\/api.w.org\/{rel}","templated":true}]}}