{"id":10322,"date":"2023-12-27T17:09:22","date_gmt":"2023-12-27T16:09:22","guid":{"rendered":"https:\/\/handbag-sense.com\/product\/bolso-de-lona-mediano-gucci-x-balenciaga-the-hacker-project\/"},"modified":"2025-06-20T15:54:06","modified_gmt":"2025-06-20T13:54:06","slug":"bolso-de-lona-mediano-gucci-x-balenciaga-the-hacker-project","status":"publish","type":"product","link":"https:\/\/handbag-sense.com\/es\/producto\/bolso-de-lona-mediano-gucci-x-balenciaga-the-hacker-project\/","title":{"rendered":"Bolso de lona mediano Gucci x Balenciaga The Hacker Project"},"content":{"rendered":"<div class=\"c-columns-m-1 c-columns-2 c-columns-gap-s\">\n<div><strong>Material:<\/strong> Lona<br \/>\n<strong>Color:<\/strong> Multicolor<br \/>\n<strong>Elementos met\u00e1licos:<\/strong> Metal dorado<\/div>\n<div><strong>Grado:<\/strong> 1  <img decoding=\"async\" class=\"info_box alignnone size-medium wp-image-885\" title=\"Informaci\u00f3n\" role=\"img\" src=\"https:\/\/handbag-sense.com\/wp-content\/uploads\/2023\/05\/info_icon.svg\" alt=\"Cuadro de informaci\u00f3n\" width=\"15\" height=\"15\"><br \/>\n<strong>Material interior:<\/strong> Forro textil<br \/>\n<strong>Tama\u00f1o:<\/strong> 44 x 26 x 22 cm<\/div>\n<\/div>\n<p><strong>Incluye:<\/strong> bolsa guardapolvo, dos llaves, correa, hombrera para correa, etiqueta de equipaje, soporte de asa<\/p>\n","protected":false},"excerpt":{"rendered":"<p><strong>Bolso de lona mediano Gucci x Balenciaga The Hacker Project.  <\/strong>Eleva tu estilo de viaje con esta pieza exclusiva. El interior de este excepcional compa\u00f1ero de viaje est\u00e1 lujosamente forrado, a\u00f1adiendo un toque de sofisticaci\u00f3n a la practicidad del bolso. Su espacioso interior le brinda un amplio espacio para empacar sus elementos esenciales para cualquier viaje. Los herrajes dorados a\u00f1aden un toque de elegancia al bolso, complementando a la perfecci\u00f3n el dise\u00f1o general. La bolsa est\u00e1 en un estado nuevo y sin usar.<\/p>\n","protected":false},"featured_media":10365,"template":"","meta":[],"product_brand":[2405],"product_cat":[1922],"product_tag":[1988],"class_list":{"0":"post-10322","1":"product","2":"type-product","3":"status-publish","4":"has-post-thumbnail","6":"product_brand-balenciaga-es","7":"product_cat-bolsa-de-viaje","8":"product_tag-balenciaga-es","9":"pa_brand-balenciaga-es","10":"pa_color-beige-es","11":"pa_color-marron","12":"pa_grade-grado-4","13":"pa_material-cuero","14":"pa_material-lona","15":"pa_material-otros-materiales","17":"first","18":"outofstock","19":"shipping-taxable","20":"purchasable","21":"product-type-simple"},"_links":{"self":[{"href":"https:\/\/handbag-sense.com\/es\/wp-json\/wp\/v2\/product\/10322","targetHints":{"allow":["GET"]}}],"collection":[{"href":"https:\/\/handbag-sense.com\/es\/wp-json\/wp\/v2\/product"}],"about":[{"href":"https:\/\/handbag-sense.com\/es\/wp-json\/wp\/v2\/types\/product"}],"wp:featuredmedia":[{"embeddable":true,"href":"https:\/\/handbag-sense.com\/es\/wp-json\/wp\/v2\/media\/10365"}],"wp:attachment":[{"href":"https:\/\/handbag-sense.com\/es\/wp-json\/wp\/v2\/media?parent=10322"}],"wp:term":[{"taxonomy":"product_brand","embeddable":true,"href":"https:\/\/handbag-sense.com\/es\/wp-json\/wp\/v2\/product_brand?post=10322"},{"taxonomy":"product_cat","embeddable":true,"href":"https:\/\/handbag-sense.com\/es\/wp-json\/wp\/v2\/product_cat?post=10322"},{"taxonomy":"product_tag","embeddable":true,"href":"https:\/\/handbag-sense.com\/es\/wp-json\/wp\/v2\/product_tag?post=10322"}],"curies":[{"name":"wp","href":"https:\/\/api.w.org\/{rel}","templated":true}]}}