{"id":10315,"date":"2024-01-03T17:23:41","date_gmt":"2024-01-03T16:23:41","guid":{"rendered":"https:\/\/handbag-sense.com\/product\/cinturon-reversible-x-yk-lv-initiales\/"},"modified":"2025-06-20T15:53:20","modified_gmt":"2025-06-20T13:53:20","slug":"cinturon-reversible-x-yk-lv-initiales","status":"publish","type":"product","link":"https:\/\/handbag-sense.com\/es\/producto\/cinturon-reversible-x-yk-lv-initiales\/","title":{"rendered":"Cintur\u00f3n reversible X YK LV Initiales"},"content":{"rendered":"<div class=\"c-columns-m-1 c-columns-2 c-columns-gap-s\">\n<div><strong>Color:<\/strong> Blanco \/ Negro<br \/>\n<strong>Material:<\/strong> Cuero<\/div>\n<div><strong>Grado:<\/strong> 1  <img decoding=\"async\" class=\"info_box alignnone size-medium wp-image-885\" title=\"Informaci\u00f3n\" role=\"img\" src=\"https:\/\/handbag-sense.com\/wp-content\/uploads\/2023\/05\/info_icon.svg\" alt=\"Cuadro de informaci\u00f3n\" width=\"15\" height=\"15\"><br \/>\n<strong>Tama\u00f1o: <\/strong>95cm<\/div>\n<\/div>\n<p><strong>Incluye:<\/strong> Bolsa para el polvo, Caja<\/p>\n","protected":false},"excerpt":{"rendered":"<p><strong>Louis Vuitton x Yayoi Kusama LV Iniciales Cintur\u00f3n Reversible Negro\/Blanco. <\/strong>Estos exclusivos <strong>cinturones Louis Vuitton<\/strong> combinan elegancia y funcionalidad. Confeccionado con precisi\u00f3n y estilo, el cintur\u00f3n cuenta con materiales de primera calidad para mayor durabilidad y una hebilla cuidadosamente dise\u00f1ada para mayor practicidad. No es solo un accesorio; Es una declaraci\u00f3n. Entregado en una caja, este nuevo lanzamiento es perfecto para regalar o elevar tu propia colecci\u00f3n. Existencias limitadas: asegure la suya ahora.<\/p>\n","protected":false},"featured_media":10353,"template":"","meta":[],"product_brand":[2437],"product_cat":[1887,1822],"product_tag":[1960],"class_list":{"0":"post-10315","1":"product","2":"type-product","3":"status-publish","4":"has-post-thumbnail","6":"product_brand-louis-vuitton-es","7":"product_cat-cinturon","8":"product_cat-accesorio","9":"product_tag-louis-vuitton-es","10":"pa_brand-louis-vuitton-es","11":"pa_color-negro","12":"pa_color-multicolor","13":"pa_color-plata","14":"pa_color-blanco","15":"pa_grade-grado-1","16":"pa_material-cuero","18":"first","19":"outofstock","20":"shipping-taxable","21":"product-type-simple"},"_links":{"self":[{"href":"https:\/\/handbag-sense.com\/es\/wp-json\/wp\/v2\/product\/10315","targetHints":{"allow":["GET"]}}],"collection":[{"href":"https:\/\/handbag-sense.com\/es\/wp-json\/wp\/v2\/product"}],"about":[{"href":"https:\/\/handbag-sense.com\/es\/wp-json\/wp\/v2\/types\/product"}],"wp:featuredmedia":[{"embeddable":true,"href":"https:\/\/handbag-sense.com\/es\/wp-json\/wp\/v2\/media\/10353"}],"wp:attachment":[{"href":"https:\/\/handbag-sense.com\/es\/wp-json\/wp\/v2\/media?parent=10315"}],"wp:term":[{"taxonomy":"product_brand","embeddable":true,"href":"https:\/\/handbag-sense.com\/es\/wp-json\/wp\/v2\/product_brand?post=10315"},{"taxonomy":"product_cat","embeddable":true,"href":"https:\/\/handbag-sense.com\/es\/wp-json\/wp\/v2\/product_cat?post=10315"},{"taxonomy":"product_tag","embeddable":true,"href":"https:\/\/handbag-sense.com\/es\/wp-json\/wp\/v2\/product_tag?post=10315"}],"curies":[{"name":"wp","href":"https:\/\/api.w.org\/{rel}","templated":true}]}}