{"id":10304,"date":"2024-01-19T16:47:04","date_gmt":"2024-01-19T15:47:04","guid":{"rendered":"https:\/\/handbag-sense.com\/product\/kelly-35-caramelo-epsom-etain-azul-thalassa\/"},"modified":"2025-06-20T15:52:55","modified_gmt":"2025-06-20T13:52:55","slug":"kelly-35-caramelo-epsom-etain-azul-thalassa","status":"publish","type":"product","link":"https:\/\/handbag-sense.com\/es\/producto\/kelly-35-caramelo-epsom-etain-azul-thalassa\/","title":{"rendered":"Kelly 35 Caramelo Epsom Etain \/ Azul Thalassa"},"content":{"rendered":"<div class=\"c-columns-m-1 c-columns-2 c-columns-gap-s\">\n<div><strong>Material:<\/strong> Cuero Epsom<br \/>\n<strong>Color:<\/strong> Etain \/ Thalassa Azul<br \/>\n<strong>Elementos met\u00e1licos:<\/strong> Herrajes de paladio<br \/>\n<strong>Material interior:<\/strong> Cuero<\/div>\n<div><strong>Calificaci\u00f3n: 4<\/strong> <img decoding=\"async\" class=\"info_box alignnone size-medium wp-image-885\" title=\"Informaci\u00f3n\" role=\"img\" src=\"https:\/\/handbag-sense.com\/wp-content\/uploads\/2023\/05\/info_icon.svg\" alt=\"Cuadro de informaci\u00f3n\" width=\"15\" height=\"15\"><br \/>\n<strong>A\u00f1o de producci\u00f3n\/Sello:<\/strong> 2012 \/ P<br \/>\n<strong>Tama\u00f1o:<\/strong> 35 x 24 x 12 cm<br \/>\n<strong>Naviero:<\/strong> Mundial<\/div>\n<\/div>\n<p><strong>Incluye:<\/strong> Recibo original, bolsa guardapolvo, correa, clochette, cerradura, llaves, correa de lona 105 cm, caja<\/p>\n","protected":false},"excerpt":{"rendered":"<p><strong>Herm\u00e8s Kelly 35 Candy Epsom Etain \/ Herrajes de Palladium Thalassa Azul.<\/strong> Este <strong>bolso limitado Kelly 35 Candy<\/strong> en 2 <strong>colores: en color Etain <\/strong>por fuera, hecho de cuero <strong>Epsom<\/strong> duradero, y en color <strong>Blue Thalassa<\/strong> por fuera con herrajes de paladio es de 2012. Se incluye una cerradura, dos llaves y la correa de transporte original. Tambi\u00e9n se puede llevar maravillosamente como bandolera. El bolso Kelly de Herm\u00e8s es un icono absoluto entre los bolsos y ha sido sin\u00f3nimo de elegancia y clase durante d\u00e9cadas. La colecci\u00f3n Hermes Candy es una de las ediciones limitadas m\u00e1s variadas para Birkin's y Kelly's.<\/p>\n","protected":false},"featured_media":10318,"template":"","meta":[],"product_brand":[2433],"product_cat":[1813],"product_tag":[1979,1978,1980],"class_list":{"0":"post-10304","1":"product","2":"type-product","3":"status-publish","4":"has-post-thumbnail","6":"product_brand-hermes-es","7":"product_cat-bolso","8":"product_tag-caramelo-hermes-kelly","9":"product_tag-hermes-kelly-35-es","10":"product_tag-kelly-epsom-etain-es","11":"pa_brand-hermes-es","12":"pa_color-oro","13":"pa_grade-grado-3","14":"pa_hermes-models-kelly-es","15":"pa_material-cuero","17":"first","18":"outofstock","19":"shipping-taxable","20":"product-type-simple"},"_links":{"self":[{"href":"https:\/\/handbag-sense.com\/es\/wp-json\/wp\/v2\/product\/10304","targetHints":{"allow":["GET"]}}],"collection":[{"href":"https:\/\/handbag-sense.com\/es\/wp-json\/wp\/v2\/product"}],"about":[{"href":"https:\/\/handbag-sense.com\/es\/wp-json\/wp\/v2\/types\/product"}],"wp:featuredmedia":[{"embeddable":true,"href":"https:\/\/handbag-sense.com\/es\/wp-json\/wp\/v2\/media\/10318"}],"wp:attachment":[{"href":"https:\/\/handbag-sense.com\/es\/wp-json\/wp\/v2\/media?parent=10304"}],"wp:term":[{"taxonomy":"product_brand","embeddable":true,"href":"https:\/\/handbag-sense.com\/es\/wp-json\/wp\/v2\/product_brand?post=10304"},{"taxonomy":"product_cat","embeddable":true,"href":"https:\/\/handbag-sense.com\/es\/wp-json\/wp\/v2\/product_cat?post=10304"},{"taxonomy":"product_tag","embeddable":true,"href":"https:\/\/handbag-sense.com\/es\/wp-json\/wp\/v2\/product_tag?post=10304"}],"curies":[{"name":"wp","href":"https:\/\/api.w.org\/{rel}","templated":true}]}}