{"id":10287,"date":"2023-12-23T23:08:47","date_gmt":"2023-12-23T22:08:47","guid":{"rendered":"https:\/\/handbag-sense.com\/product\/nigo-monogram-azul-denim-keepall-bandouliere-50\/"},"modified":"2025-06-20T15:54:07","modified_gmt":"2025-06-20T13:54:07","slug":"nigo-monogram-azul-denim-keepall-bandouliere-50","status":"publish","type":"product","link":"https:\/\/handbag-sense.com\/es\/producto\/nigo-monogram-azul-denim-keepall-bandouliere-50\/","title":{"rendered":"NIGO Monogram Azul Denim Keepall Bandouli\u00e8re 50"},"content":{"rendered":"<div class=\"c-columns-m-1 c-columns-2 c-columns-gap-s\">\n<div><strong>Material:<\/strong> Denim \/ Cuero<br \/>\n<strong>Color:<\/strong> Azul marino<br \/>\n<strong>Elementos met\u00e1licos:<\/strong> Metal dorado<\/div>\n<div><strong>Grado:<\/strong> 1  <img decoding=\"async\" class=\"info_box alignnone size-medium wp-image-885\" title=\"Informaci\u00f3n\" role=\"img\" src=\"https:\/\/handbag-sense.com\/wp-content\/uploads\/2023\/05\/info_icon.svg\" alt=\"Cuadro de informaci\u00f3n\" width=\"15\" height=\"15\"><br \/>\n<strong>Material interior:<\/strong> Forro textil<br \/>\n<strong>Tama\u00f1o:<\/strong> 50 x 29 x 23 cm<\/div>\n<\/div>\n<p><strong>Incluye:<\/strong> Bolsa guardapolvo, correa para el hombro, hombrera para correa, etiqueta de equipaje, etiqueta de coraz\u00f3n rojo<\/p>\n<p>&nbsp;<\/p>\n","protected":false},"excerpt":{"rendered":"<p><strong>Louis Vuitton NIGO Blue Monogram Denim Drip &amp; Taurillon Keepall Bandouli\u00e8re 50 con herrajes dorados.<\/strong>  Esta pieza exclusiva es el resultado de la colaboraci\u00f3n entre Louis Vuitton y el artista japon\u00e9s Nigo, presente en la colecci\u00f3n pre-primavera 2022. Confeccionado con una meticulosa atenci\u00f3n al detalle, este Keepall cuenta con un distintivo exterior azul Monogram Denim Drip combinado con detalles duraderos de cuero Taurillon. El interior est\u00e1 elegantemente forrado con material textil azul, lo que a\u00f1ade un toque de lujo a su funcionalidad. Eleve su estilo de viaje con este excepcional Louis Vuitton x NIGO Keepall Bandouli\u00e8re 50, una mezcla \u00fanica de arte y artesan\u00eda. La bolsa <strong>de viaje Louis Vuitton NIGO <\/strong>est\u00e1 en un estado nuevo y sin usar.<\/p>\n","protected":false},"featured_media":10308,"template":"","meta":[],"product_brand":[2437],"product_cat":[1922],"product_tag":[1975,1976],"class_list":{"0":"post-10287","1":"product","2":"type-product","3":"status-publish","4":"has-post-thumbnail","6":"product_brand-louis-vuitton-es","7":"product_cat-bolsa-de-viaje","8":"product_tag-louis-vuitton-nigo-es","9":"product_tag-nigo-blue-keepall-es","10":"pa_brand-louis-vuitton-es","11":"pa_color-negro","12":"pa_color-gris","13":"pa_grade-grado-4","14":"pa_material-cuero","15":"pa_material-lona","16":"pa_material-otros-materiales","18":"first","19":"outofstock","20":"shipping-taxable","21":"product-type-simple"},"_links":{"self":[{"href":"https:\/\/handbag-sense.com\/es\/wp-json\/wp\/v2\/product\/10287","targetHints":{"allow":["GET"]}}],"collection":[{"href":"https:\/\/handbag-sense.com\/es\/wp-json\/wp\/v2\/product"}],"about":[{"href":"https:\/\/handbag-sense.com\/es\/wp-json\/wp\/v2\/types\/product"}],"wp:featuredmedia":[{"embeddable":true,"href":"https:\/\/handbag-sense.com\/es\/wp-json\/wp\/v2\/media\/10308"}],"wp:attachment":[{"href":"https:\/\/handbag-sense.com\/es\/wp-json\/wp\/v2\/media?parent=10287"}],"wp:term":[{"taxonomy":"product_brand","embeddable":true,"href":"https:\/\/handbag-sense.com\/es\/wp-json\/wp\/v2\/product_brand?post=10287"},{"taxonomy":"product_cat","embeddable":true,"href":"https:\/\/handbag-sense.com\/es\/wp-json\/wp\/v2\/product_cat?post=10287"},{"taxonomy":"product_tag","embeddable":true,"href":"https:\/\/handbag-sense.com\/es\/wp-json\/wp\/v2\/product_tag?post=10287"}],"curies":[{"name":"wp","href":"https:\/\/api.w.org\/{rel}","templated":true}]}}