{"id":10263,"date":"2024-01-11T15:20:25","date_gmt":"2024-01-11T14:20:25","guid":{"rendered":"https:\/\/handbag-sense.com\/product\/birkin-25-negro-togo\/"},"modified":"2025-06-20T15:53:09","modified_gmt":"2025-06-20T13:53:09","slug":"birkin-25-negro-togo","status":"publish","type":"product","link":"https:\/\/handbag-sense.com\/es\/producto\/birkin-25-negro-togo\/","title":{"rendered":"Birkin 25 Negro Togo"},"content":{"rendered":"<div class=\"c-columns-m-1 c-columns-2 c-columns-gap-s\">\n<div><strong>Material:<\/strong> Cuero Togo<br \/>\n<strong>Color:<\/strong> Negro<br \/>\n<strong>Elementos met\u00e1licos:<\/strong> Herrajes de paladio<br \/>\n<strong>Material interior:<\/strong> Cuero<\/div>\n<div><strong>Grado: <\/strong> 1  <img decoding=\"async\" class=\"info_box alignnone size-medium wp-image-885\" title=\"Informaci\u00f3n\" role=\"img\" src=\"https:\/\/handbag-sense.com\/wp-content\/uploads\/2023\/05\/info_icon.svg\" alt=\"Cuadro de informaci\u00f3n\" width=\"15\" height=\"15\"><br \/>\n<strong>A\u00f1o de producci\u00f3n \/ Sello:<\/strong> 2023 \/ B<br \/>\n<strong>Tama\u00f1o:<\/strong> 25 x 20 x 13 cm<br \/>\n<strong>Naviero:<\/strong> Mundial<\/div>\n<\/div>\n<p><strong>Incluye:<\/strong> Recibo original, bolsa guardapolvo, clochette, cerradura, llaves, fieltro, folleto, caja<\/p>\n","protected":false},"excerpt":{"rendered":"<p><strong>Herm\u00e8s Birkin 25 Negro Togo Palladium Herrajes<\/strong>. Disfrute del lujo de este impresionante bolso Birkin 25, hecho a mano con cuero Togo en el atemporal color negro, adornado con elegantes herrajes plateados. Un emblema duradero en el \u00e1mbito de los bolsos de lujo, el Herm\u00e8s Birkin 25 es aclamado constantemente por su sofisticaci\u00f3n inigualable y su clase distintiva. Esta pieza en particular se completa con una campana, un candado acompa\u00f1ado de dos llaves, la bolsa para el polvo de la firma Herm\u00e8s y la ic\u00f3nica caja naranja. El bolso <strong>Herm\u00e8s Birkin 25 Black <\/strong>est\u00e1 en un estado completamente nuevo, se incluye la factura original con fecha de 2023. Este Birkin no es solo un bolso, sino un s\u00edmbolo de estilo atemporal y una joya de la corona en cualquier colecci\u00f3n de lujo.<\/p>\n","protected":false},"featured_media":10277,"template":"","meta":[],"product_brand":[2433],"product_cat":[1813],"product_tag":[1965,1966,1914],"class_list":{"0":"post-10263","1":"product","2":"type-product","3":"status-publish","4":"has-post-thumbnail","6":"product_brand-hermes-es","7":"product_cat-bolso","8":"product_tag-birkin-25-negro","9":"product_tag-birkin-togo-negro","10":"product_tag-hermes-birkin-25-es","11":"pa_brand-hermes-es","12":"pa_color-negro","13":"pa_grade-grado-1","14":"pa_hermes-models-birkin-es","15":"pa_material-cuero","17":"first","18":"outofstock","19":"shipping-taxable","20":"purchasable","21":"product-type-simple"},"_links":{"self":[{"href":"https:\/\/handbag-sense.com\/es\/wp-json\/wp\/v2\/product\/10263","targetHints":{"allow":["GET"]}}],"collection":[{"href":"https:\/\/handbag-sense.com\/es\/wp-json\/wp\/v2\/product"}],"about":[{"href":"https:\/\/handbag-sense.com\/es\/wp-json\/wp\/v2\/types\/product"}],"wp:featuredmedia":[{"embeddable":true,"href":"https:\/\/handbag-sense.com\/es\/wp-json\/wp\/v2\/media\/10277"}],"wp:attachment":[{"href":"https:\/\/handbag-sense.com\/es\/wp-json\/wp\/v2\/media?parent=10263"}],"wp:term":[{"taxonomy":"product_brand","embeddable":true,"href":"https:\/\/handbag-sense.com\/es\/wp-json\/wp\/v2\/product_brand?post=10263"},{"taxonomy":"product_cat","embeddable":true,"href":"https:\/\/handbag-sense.com\/es\/wp-json\/wp\/v2\/product_cat?post=10263"},{"taxonomy":"product_tag","embeddable":true,"href":"https:\/\/handbag-sense.com\/es\/wp-json\/wp\/v2\/product_tag?post=10263"}],"curies":[{"name":"wp","href":"https:\/\/api.w.org\/{rel}","templated":true}]}}