{"id":10262,"date":"2024-01-18T17:59:45","date_gmt":"2024-01-18T16:59:45","guid":{"rendered":"https:\/\/handbag-sense.com\/product\/constance-18-caja-negra\/"},"modified":"2025-06-20T15:53:01","modified_gmt":"2025-06-20T13:53:01","slug":"constance-18-caja-negra","status":"publish","type":"product","link":"https:\/\/handbag-sense.com\/es\/producto\/constance-18-caja-negra\/","title":{"rendered":"Constance 18 Caja Negra"},"content":{"rendered":"<div class=\"c-columns-m-1 c-columns-2 c-columns-gap-s\">\n<div><strong>Material:<\/strong> Caja de cuero<br \/>\n<strong>Color:<\/strong> Negro<br \/>\n<strong>Elementos met\u00e1licos:<\/strong> Herrajes de oro<br \/>\n<strong>Material interior:<\/strong> Cuero<\/div>\n<div><strong>Grado: <\/strong> 1  <img decoding=\"async\" class=\"info_box alignnone size-medium wp-image-885\" title=\"Informaci\u00f3n\" role=\"img\" src=\"https:\/\/handbag-sense.com\/wp-content\/uploads\/2023\/05\/info_icon.svg\" alt=\"Cuadro de informaci\u00f3n\" width=\"15\" height=\"15\"><br \/>\n<strong>A\u00f1o de producci\u00f3n\/Sello:<\/strong> 2021 \/ Z<br \/>\n<strong>Tama\u00f1o:<\/strong> 18 x 15 x 4 cm<br \/>\n<strong>Naviero:<\/strong> Mundial<\/div>\n<\/div>\n<p><strong>Incluye:<\/strong> Recibo original, bolsa guardapolvo, fieltro, folleto, caja<\/p>\n","protected":false},"excerpt":{"rendered":"<p><strong>Herm\u00e8s Constance 18 Black Box Herrajes dorados<\/strong>. Este mini Constance est\u00e1 hecho a mano con cuero Noir Box y cuenta con herrajes dorados. El bolso tiene un cierre met\u00e1lico en forma de \"H\" y una correa ajustable para el hombro. El interior est\u00e1 forrado en cuero, dividido en dos compartimentos, con un bolsillo lateral en la pared trasera. La bolsa est\u00e1 en buen estado, viene con la bolsa guardapolvo, el fieltro, la caja de Herm\u00e8s y el recibo original de Herm\u00e8s de 2021. Descubre la exquisita elegancia del <strong>Herm\u00e8s Constance 18 Box Noir<\/strong>, un icono entre los bolsos de lujo.<\/p>\n","protected":false},"featured_media":10274,"template":"","meta":[],"product_brand":[2433],"product_cat":[1813,1838],"product_tag":[1964,1963,1962],"class_list":{"0":"post-10262","1":"product","2":"type-product","3":"status-publish","4":"has-post-thumbnail","6":"product_brand-hermes-es","7":"product_cat-bolso","8":"product_cat-bolso-de-noche","9":"product_tag-caja-hermes-constanza","10":"product_tag-hermes-constanza-18","11":"product_tag-hermes-constanza-negro","12":"pa_brand-hermes-es","13":"pa_color-rojo","14":"pa_grade-grado-1","15":"pa_hermes-models-constance-es","16":"pa_material-cuero","18":"first","19":"outofstock","20":"shipping-taxable","21":"product-type-simple"},"_links":{"self":[{"href":"https:\/\/handbag-sense.com\/es\/wp-json\/wp\/v2\/product\/10262","targetHints":{"allow":["GET"]}}],"collection":[{"href":"https:\/\/handbag-sense.com\/es\/wp-json\/wp\/v2\/product"}],"about":[{"href":"https:\/\/handbag-sense.com\/es\/wp-json\/wp\/v2\/types\/product"}],"wp:featuredmedia":[{"embeddable":true,"href":"https:\/\/handbag-sense.com\/es\/wp-json\/wp\/v2\/media\/10274"}],"wp:attachment":[{"href":"https:\/\/handbag-sense.com\/es\/wp-json\/wp\/v2\/media?parent=10262"}],"wp:term":[{"taxonomy":"product_brand","embeddable":true,"href":"https:\/\/handbag-sense.com\/es\/wp-json\/wp\/v2\/product_brand?post=10262"},{"taxonomy":"product_cat","embeddable":true,"href":"https:\/\/handbag-sense.com\/es\/wp-json\/wp\/v2\/product_cat?post=10262"},{"taxonomy":"product_tag","embeddable":true,"href":"https:\/\/handbag-sense.com\/es\/wp-json\/wp\/v2\/product_tag?post=10262"}],"curies":[{"name":"wp","href":"https:\/\/api.w.org\/{rel}","templated":true}]}}