{"id":10261,"date":"2024-01-03T17:06:15","date_gmt":"2024-01-03T16:06:15","guid":{"rendered":"https:\/\/handbag-sense.com\/product\/cinturon-reversible-monogram\/"},"modified":"2025-06-20T15:53:26","modified_gmt":"2025-06-20T13:53:26","slug":"cinturon-reversible-monogram","status":"publish","type":"product","link":"https:\/\/handbag-sense.com\/es\/producto\/cinturon-reversible-monogram\/","title":{"rendered":"Cintur\u00f3n reversible Monogram"},"content":{"rendered":"<div class=\"c-columns-m-1 c-columns-2 c-columns-gap-s\">\n<div><strong>Color:<\/strong> Blanco \/ Multicolor<br \/>\n<strong>Material:<\/strong>Cuero liso<\/div>\n<div><strong>Grado:<\/strong> 1  <img decoding=\"async\" class=\"info_box alignnone size-medium wp-image-885\" title=\"Informaci\u00f3n\" role=\"img\" src=\"https:\/\/handbag-sense.com\/wp-content\/uploads\/2023\/05\/info_icon.svg\" alt=\"Cuadro de informaci\u00f3n\" width=\"15\" height=\"15\"><br \/>\n<strong>Tama\u00f1o: <\/strong>90cm<\/div>\n<\/div>\n<p><strong>Incluye:<\/strong> Bolsa para el polvo, Caja<\/p>\n","protected":false},"excerpt":{"rendered":"<p>Presentamos el ep\u00edtome del lujo con el <strong>cintur\u00f3n multicolor Louis Vuitton<\/strong> , una fusi\u00f3n perfecta de elegancia y funcionalidad. Esta incorporaci\u00f3n exclusiva a la l\u00ednea Louis Vuitton presenta un giro vibrante en el ic\u00f3nico monograma, agregando personalidad a cualquier atuendo.<\/p>\n<p>Confeccionado con precisi\u00f3n y estilo, el cintur\u00f3n cuenta con materiales de primera calidad para mayor durabilidad y una hebilla cuidadosamente dise\u00f1ada para mayor practicidad. No es solo un accesorio; Es una declaraci\u00f3n.<\/p>\n<p>Entregado en una caja, este nuevo lanzamiento es perfecto para regalar o elevar tu propia colecci\u00f3n. Disfrute de la sofisticaci\u00f3n sin esfuerzo con el<strong> cintur\u00f3n multicolor Louis Vuitton<\/strong> , donde el estilo se une a la sustancia. Existencias limitadas: asegure la suya ahora.<\/p>\n","protected":false},"featured_media":10269,"template":"","meta":[],"product_brand":[2437],"product_cat":[1887,1822],"product_tag":[1961,1960],"class_list":{"0":"post-10261","1":"product","2":"type-product","3":"status-publish","4":"has-post-thumbnail","6":"product_brand-louis-vuitton-es","7":"product_cat-cinturon","8":"product_cat-accesorio","9":"product_tag-cinturon-reversible-monogram","10":"product_tag-louis-vuitton-es","11":"pa_brand-louis-vuitton-es","12":"pa_color-negro","13":"pa_color-azul","14":"pa_color-nata","15":"pa_color-gris","16":"pa_color-multicolor","17":"pa_color-naranja","18":"pa_color-rosado","19":"pa_color-rojo","20":"pa_grade-grado-1","21":"pa_material-cuero","23":"first","24":"outofstock","25":"shipping-taxable","26":"product-type-simple"},"_links":{"self":[{"href":"https:\/\/handbag-sense.com\/es\/wp-json\/wp\/v2\/product\/10261","targetHints":{"allow":["GET"]}}],"collection":[{"href":"https:\/\/handbag-sense.com\/es\/wp-json\/wp\/v2\/product"}],"about":[{"href":"https:\/\/handbag-sense.com\/es\/wp-json\/wp\/v2\/types\/product"}],"wp:featuredmedia":[{"embeddable":true,"href":"https:\/\/handbag-sense.com\/es\/wp-json\/wp\/v2\/media\/10269"}],"wp:attachment":[{"href":"https:\/\/handbag-sense.com\/es\/wp-json\/wp\/v2\/media?parent=10261"}],"wp:term":[{"taxonomy":"product_brand","embeddable":true,"href":"https:\/\/handbag-sense.com\/es\/wp-json\/wp\/v2\/product_brand?post=10261"},{"taxonomy":"product_cat","embeddable":true,"href":"https:\/\/handbag-sense.com\/es\/wp-json\/wp\/v2\/product_cat?post=10261"},{"taxonomy":"product_tag","embeddable":true,"href":"https:\/\/handbag-sense.com\/es\/wp-json\/wp\/v2\/product_tag?post=10261"}],"curies":[{"name":"wp","href":"https:\/\/api.w.org\/{rel}","templated":true}]}}