{"id":10196,"date":"2023-11-06T12:25:08","date_gmt":"2023-11-06T11:25:08","guid":{"rendered":"https:\/\/handbag-sense.com\/product\/kelly-mini-chevre-rose-sakura-nata\/"},"modified":"2025-06-20T15:57:26","modified_gmt":"2025-06-20T13:57:26","slug":"kelly-mini-chevre-rose-sakura-nata","status":"publish","type":"product","link":"https:\/\/handbag-sense.com\/es\/producto\/kelly-mini-chevre-rose-sakura-nata\/","title":{"rendered":"Kelly Mini Ch\u00e8vre Rose Sakura \/ Nata"},"content":{"rendered":"<div class=\"c-columns-m-1 c-columns-2 c-columns-gap-s\">\n<div><strong>Material:<\/strong> Cuero Chevre<br \/>\n<strong>Color:<\/strong> Rose Sakura \/ Nata<br \/>\n<strong>Elementos met\u00e1licos:<\/strong> Herrajes de oro<br \/>\n<strong>Material interior:<\/strong> Cuero<\/div>\n<div><strong>Grado:<\/strong> 1  <img decoding=\"async\" class=\"info_box alignnone size-medium wp-image-885\" title=\"Informaci\u00f3n\" role=\"img\" src=\"https:\/\/handbag-sense.com\/wp-content\/uploads\/2023\/05\/info_icon.svg\" alt=\"Cuadro de informaci\u00f3n\" width=\"15\" height=\"15\"><br \/>\n<strong>A\u00f1o de producci\u00f3n\/Sello:<\/strong> 2023 \/ B<br \/>\n<strong>Tama\u00f1o:<\/strong> 20 x 12 x 6 cm<br \/>\n<strong>Naviero:<\/strong> Mundial<\/div>\n<\/div>\n","protected":false},"excerpt":{"rendered":"<p><strong>Herm\u00e8s Kelly Mini Ch\u00e8vre Rose Sakura\/Nata HSS (Sello de herradura) Herrajes dorados<\/strong>. Este raro bolso Kelly Mini est\u00e1 disponible en 2 colores: Rose, Sakura y Nata, hecho de cuero Ch\u00e8vre con herrajes dorados. Se incluyen una correa para el hombro, una bolsa para el polvo de Herm\u00e8s y la caja naranja. Tambi\u00e9n se puede llevar maravillosamente como bandolera. La <strong>bolsa HSS bicolor Kelly 20<\/strong> es absolutamente nueva, tiene el sello B, viene con el recibo original de 2023. Un bolso Kelly de colecci\u00f3n muy especial en 20 cm, ofrecido solo a una clientela VIP.<\/p>\n","protected":false},"featured_media":10218,"template":"","meta":[],"product_brand":[2433],"product_cat":[1813,1860,1818,1840,1838],"product_tag":[1870,1951,1881,1949,1950],"class_list":{"0":"post-10196","1":"product","2":"type-product","3":"status-publish","4":"has-post-thumbnail","6":"product_brand-hermes-es","7":"product_cat-bolso","8":"product_cat-bandolera","9":"product_cat-bolso-pequeno","10":"product_cat-clutch-pochette","11":"product_cat-bolso-de-noche","12":"product_tag-hermes-kelly-mini-es","13":"product_tag-kelly-20-rose-sakura-es","14":"product_tag-kelly-mini-hss-es","15":"product_tag-kelly-mini-sakura-es","16":"product_tag-kelly-rose-sakura-es","17":"pa_brand-hermes-es","18":"pa_color-verde","19":"pa_grade-grado-1","20":"pa_hermes-models-kelly-es","21":"pa_material-cuero","23":"first","24":"outofstock","25":"sold-individually","26":"product-type-simple"},"_links":{"self":[{"href":"https:\/\/handbag-sense.com\/es\/wp-json\/wp\/v2\/product\/10196","targetHints":{"allow":["GET"]}}],"collection":[{"href":"https:\/\/handbag-sense.com\/es\/wp-json\/wp\/v2\/product"}],"about":[{"href":"https:\/\/handbag-sense.com\/es\/wp-json\/wp\/v2\/types\/product"}],"wp:featuredmedia":[{"embeddable":true,"href":"https:\/\/handbag-sense.com\/es\/wp-json\/wp\/v2\/media\/10218"}],"wp:attachment":[{"href":"https:\/\/handbag-sense.com\/es\/wp-json\/wp\/v2\/media?parent=10196"}],"wp:term":[{"taxonomy":"product_brand","embeddable":true,"href":"https:\/\/handbag-sense.com\/es\/wp-json\/wp\/v2\/product_brand?post=10196"},{"taxonomy":"product_cat","embeddable":true,"href":"https:\/\/handbag-sense.com\/es\/wp-json\/wp\/v2\/product_cat?post=10196"},{"taxonomy":"product_tag","embeddable":true,"href":"https:\/\/handbag-sense.com\/es\/wp-json\/wp\/v2\/product_tag?post=10196"}],"curies":[{"name":"wp","href":"https:\/\/api.w.org\/{rel}","templated":true}]}}