{"id":10193,"date":"2023-12-22T19:44:49","date_gmt":"2023-12-22T18:44:49","guid":{"rendered":"https:\/\/handbag-sense.com\/product\/keepall-bandouliere-55-x-yayoi-kusama-estampado-de-calabaza\/"},"modified":"2025-06-17T17:38:43","modified_gmt":"2025-06-17T15:38:43","slug":"keepall-bandouliere-55-x-yayoi-kusama-estampado-de-calabaza","status":"publish","type":"product","link":"https:\/\/handbag-sense.com\/es\/producto\/keepall-bandouliere-55-x-yayoi-kusama-estampado-de-calabaza\/","title":{"rendered":"Keepall Bandouli\u00e8re 55 x Yayoi Kusama Estampado de calabaza"},"content":{"rendered":"<div class=\"c-columns-m-1 c-columns-2 c-columns-gap-s\">\n<div><strong>Material:<\/strong> Monogram Eclipse Lienzo con recubrimiento inverso<br \/>\n<strong>Color:<\/strong> Estampado de calabaza<br \/>\n<strong>Elementos met\u00e1licos:<\/strong> Plata<\/div>\n<div><strong>Grado:<\/strong> 1  <img decoding=\"async\" class=\"info_box alignnone size-medium wp-image-885\" title=\"Informaci\u00f3n\" role=\"img\" src=\"https:\/\/handbag-sense.com\/wp-content\/uploads\/2023\/05\/info_icon.svg\" alt=\"Cuadro de informaci\u00f3n\" width=\"15\" height=\"15\"><br \/>\n<strong>Material interior:<\/strong> Forro textil<br \/>\n<strong>Tama\u00f1o:<\/strong> 55 x 31 x 24 cm<\/div>\n<\/div>\n<p><strong>Incluye:<\/strong> Cerradura, dos llaves, correa, hombrera para correa, etiqueta de equipaje<\/p>\n","protected":false},"excerpt":{"rendered":"<p><strong>Louis Vuitton x Yayoi Kusama Estampado de calabaza Monograma recubierto de lona Keepall Bandouli\u00e8re 55 Herrajes plateados.  <\/strong>El bolso de viaje Louis Vuitton Keepall en Pumpkin Print es una pieza vers\u00e1til que puede acompa\u00f1arte en varias ocasiones. Su generoso tama\u00f1o 55 proporciona un amplio espacio de almacenamiento y es apto para cabina, lo que le permite viajar con facilidad. El estilo discreto y la funcionalidad excepcional de la bolsa la han convertido en una de las favoritas entre los \u00e1vidos viajeros.<\/p>\n<p>Este bolso Louis Vuitton Keepall, talla 55, en colaboraci\u00f3n con Yayoi Kusama, muestra el amor de la ic\u00f3nica artista por las calabazas. Confeccionado en lona Monogram Eclipse Reverse y adornado con calabazas de colores, este bolso Keepall es una verdadera obra de arte. La fascinaci\u00f3n de Yayoi Kusama por las calabazas se remonta a su infancia, y las ha incorporado a sus pinturas y esculturas como s\u00edmbolos de calidez y comodidad. Experimenta la fusi\u00f3n de la moda y el arte con este bolso Louis Vuitton Keepall de edici\u00f3n limitada de la colecci\u00f3n Louis Vuitton x Yayoi Kusama. Haz una declaraci\u00f3n audaz y lleva un pedazo de historia art\u00edstica a donde quiera que vayas. Aqu\u00ed mismo, transforman un bolso funcional en una pieza de colecci\u00f3n. La bolsa est\u00e1 en un estado nuevo y sin usar.<\/p>\n","protected":false},"featured_media":10214,"template":"","meta":[],"product_brand":[2437],"product_cat":[1922],"product_tag":[1947,1948],"class_list":{"0":"post-10193","1":"product","2":"type-product","3":"status-publish","4":"has-post-thumbnail","6":"product_brand-louis-vuitton-es","7":"product_cat-bolsa-de-viaje","8":"product_tag-bandouliere-55-x-yk-es","9":"product_tag-louis-vuitton-estampado-de-calabaza","10":"pa_brand-louis-vuitton-es","11":"pa_color-negro","12":"pa_color-gris","13":"pa_grade-grado-4","14":"pa_material-cuero","15":"pa_material-lona","16":"pa_material-otros-materiales","18":"first","19":"outofstock","20":"shipping-taxable","21":"product-type-simple"},"_links":{"self":[{"href":"https:\/\/handbag-sense.com\/es\/wp-json\/wp\/v2\/product\/10193","targetHints":{"allow":["GET"]}}],"collection":[{"href":"https:\/\/handbag-sense.com\/es\/wp-json\/wp\/v2\/product"}],"about":[{"href":"https:\/\/handbag-sense.com\/es\/wp-json\/wp\/v2\/types\/product"}],"wp:featuredmedia":[{"embeddable":true,"href":"https:\/\/handbag-sense.com\/es\/wp-json\/wp\/v2\/media\/10214"}],"wp:attachment":[{"href":"https:\/\/handbag-sense.com\/es\/wp-json\/wp\/v2\/media?parent=10193"}],"wp:term":[{"taxonomy":"product_brand","embeddable":true,"href":"https:\/\/handbag-sense.com\/es\/wp-json\/wp\/v2\/product_brand?post=10193"},{"taxonomy":"product_cat","embeddable":true,"href":"https:\/\/handbag-sense.com\/es\/wp-json\/wp\/v2\/product_cat?post=10193"},{"taxonomy":"product_tag","embeddable":true,"href":"https:\/\/handbag-sense.com\/es\/wp-json\/wp\/v2\/product_tag?post=10193"}],"curies":[{"name":"wp","href":"https:\/\/api.w.org\/{rel}","templated":true}]}}