{"id":10190,"date":"2023-10-08T19:26:59","date_gmt":"2023-10-08T17:26:59","guid":{"rendered":"https:\/\/handbag-sense.com\/product\/mediana-clasica-doble-solapa-beige\/"},"modified":"2025-06-20T16:03:23","modified_gmt":"2025-06-20T14:03:23","slug":"chanel-medium-classic-double-flap-beige","status":"publish","type":"product","link":"https:\/\/handbag-sense.com\/es\/producto\/chanel-medium-classic-double-flap-beige\/","title":{"rendered":"Medium Classic Double Flap Beige"},"content":{"rendered":"<div class=\"c-columns-m-1 c-columns-2 c-columns-gap-s\">\n<div><strong>Material:<\/strong> Cordero<br \/>\n<strong>Color:<\/strong> Beige<br \/>\n<strong>Elementos met\u00e1licos:<\/strong> Herrajes de oro<br \/>\n<strong>Material interior:<\/strong> Cuero<\/div>\n<div><strong>Calificaci\u00f3n: <\/strong> 4 <img decoding=\"async\" class=\"info_box alignnone size-medium wp-image-885\" title=\"Informaci\u00f3n\" role=\"img\" src=\"https:\/\/handbag-sense.com\/wp-content\/uploads\/2023\/05\/info_icon.svg\" alt=\"Cuadro de informaci\u00f3n\" width=\"15\" height=\"15\" \/><br \/>\n<strong>A\u00f1o de producci\u00f3n\/c\u00f3digo de serie:<\/strong> 1998-1999, a partir de 539...<br \/>\n<strong>Tama\u00f1o:<\/strong> 25.5 x 15,5 x 6.5 cm<\/div>\n<\/div>\n<p><strong>Incluye:<\/strong> Tarjeta de autenticidad, bolsa para el polvo, caja<\/p>\n","protected":false},"excerpt":{"rendered":"<p><strong>Chanel Medium Classic Doble Solapa beige.<\/strong> El bolso mediano con doble solapa es un Chanel cl\u00e1sico y atemporal. Este bolso es ideal para cualquier ocasi\u00f3n y tiene espacio suficiente para todo. La solapa doble mediana est\u00e1 confeccionada en piel de cordero en color beige, tiene una correa de cadena tejida y un cierre CC en acabado dorado. La bolsa se divide en un compartimento principal, un bolsillo y un compartimento con cremallera. Hay otro bolsillo de parche en la parte posterior de la bolsa. El forro es de piel en color beige. El bolso se puede llevar colgado del hombro, as\u00ed como cruzado. Un bolso c\u00f3modo y elegante que es uno de los cl\u00e1sicos populares de Chanel. El bolso ha sido te\u00f1ida, est\u00e1 en muy buenas condiciones, viene con la bolsa guardapolvo, la tarjeta de autenticidad y la caja Chanel.<\/p>\n","protected":false},"featured_media":10212,"template":"","meta":[],"product_brand":[2418],"product_cat":[1813],"product_tag":[],"class_list":{"0":"post-10190","1":"product","2":"type-product","3":"status-publish","4":"has-post-thumbnail","6":"product_brand-chanel-es","7":"product_cat-bolso","8":"pa_brand-chanel-es","9":"pa_chanel-models-timeless-classique-es","10":"pa_color-beige-es","11":"pa_grade-grado-4","12":"pa_material-cuero","14":"first","15":"outofstock","16":"shipping-taxable","17":"product-type-simple"},"_links":{"self":[{"href":"https:\/\/handbag-sense.com\/es\/wp-json\/wp\/v2\/product\/10190","targetHints":{"allow":["GET"]}}],"collection":[{"href":"https:\/\/handbag-sense.com\/es\/wp-json\/wp\/v2\/product"}],"about":[{"href":"https:\/\/handbag-sense.com\/es\/wp-json\/wp\/v2\/types\/product"}],"wp:featuredmedia":[{"embeddable":true,"href":"https:\/\/handbag-sense.com\/es\/wp-json\/wp\/v2\/media\/10212"}],"wp:attachment":[{"href":"https:\/\/handbag-sense.com\/es\/wp-json\/wp\/v2\/media?parent=10190"}],"wp:term":[{"taxonomy":"product_brand","embeddable":true,"href":"https:\/\/handbag-sense.com\/es\/wp-json\/wp\/v2\/product_brand?post=10190"},{"taxonomy":"product_cat","embeddable":true,"href":"https:\/\/handbag-sense.com\/es\/wp-json\/wp\/v2\/product_cat?post=10190"},{"taxonomy":"product_tag","embeddable":true,"href":"https:\/\/handbag-sense.com\/es\/wp-json\/wp\/v2\/product_tag?post=10190"}],"curies":[{"name":"wp","href":"https:\/\/api.w.org\/{rel}","templated":true}]}}