{"id":10184,"date":"2023-10-09T11:11:52","date_gmt":"2023-10-09T09:11:52","guid":{"rendered":"https:\/\/handbag-sense.com\/product\/bolso-mediano-clasico-con-doble-solapa-rosa\/"},"modified":"2025-06-20T16:03:04","modified_gmt":"2025-06-20T14:03:04","slug":"bolso-mediano-clasico-con-doble-solapa-rosa","status":"publish","type":"product","link":"https:\/\/handbag-sense.com\/es\/producto\/bolso-mediano-clasico-con-doble-solapa-rosa\/","title":{"rendered":"Bolso mediano cl\u00e1sico con doble solapa rosa"},"content":{"rendered":"<div class=\"c-columns-m-1 c-columns-2 c-columns-gap-s\">\n<div><strong>Material:<\/strong> Cordero<br \/>\n<strong>Color:<\/strong> Rosado<br \/>\n<strong>Elementos met\u00e1licos:<\/strong> Herrajes plateados<br \/>\n<strong>Material interior:<\/strong> Cuero<\/div>\n<div><strong>Calificaci\u00f3n: <\/strong> 4  <img decoding=\"async\" class=\"info_box alignnone size-medium wp-image-885\" title=\"Informaci\u00f3n\" role=\"img\" src=\"https:\/\/handbag-sense.com\/wp-content\/uploads\/2023\/05\/info_icon.svg\" alt=\"Cuadro de informaci\u00f3n\" width=\"15\" height=\"15\"><br \/>\n<strong>A\u00f1o de producci\u00f3n\/c\u00f3digo de serie:<\/strong> 2019, a partir de 265...<br \/>\n<strong>Medidas:<\/strong> 25,5 x 15,5 x 6,5 cm<\/div>\n<\/div>\n","protected":false},"excerpt":{"rendered":"<p><strong>Bolso Chanel Medium Classic Doble Solapa Rosa.<\/strong>  El bolso mediano con doble solapa es un Chanel cl\u00e1sico y atemporal. Este bolso es ideal para cualquier ocasi\u00f3n y tiene espacio suficiente para todo. La solapa doble mediana est\u00e1 confeccionada en piel de cordero en color rosa, tiene una correa de cadena tejida y un cierre CC en acabado plateado. La bolsa se divide en un compartimento principal, un bolsillo y un compartimento con cremallera. Hay otro bolsillo de parche en la parte posterior de la bolsa. El forro es de piel en color rosa. El bolso se puede llevar colgado del hombro, as\u00ed como cruzado. Un bolso c\u00f3modo y elegante que es uno de los cl\u00e1sicos populares de Chanel. El bolso rara vez se us\u00f3 y est\u00e1 en excelentes condiciones, viene con una bolsa para el polvo de Chanel, una caja de Chanel y un certificado de autenticidad de Entrupy.<\/p>\n","protected":false},"featured_media":10205,"template":"","meta":[],"product_brand":[2418],"product_cat":[1813],"product_tag":[1945,1946,1944],"class_list":{"0":"post-10184","1":"product","2":"type-product","3":"status-publish","4":"has-post-thumbnail","6":"product_brand-chanel-es","7":"product_cat-bolso","8":"product_tag-chanel-clasico-medio","9":"product_tag-chanel-rosa-es","10":"product_tag-chanel-rosa-medio","11":"pa_brand-chanel-es","12":"pa_chanel-models-timeless-classique-es","13":"pa_color-rosado","14":"pa_color-rosa-es","15":"pa_grade-grado-4","16":"pa_material-cuero","18":"first","19":"outofstock","20":"sold-individually","21":"product-type-simple"},"_links":{"self":[{"href":"https:\/\/handbag-sense.com\/es\/wp-json\/wp\/v2\/product\/10184","targetHints":{"allow":["GET"]}}],"collection":[{"href":"https:\/\/handbag-sense.com\/es\/wp-json\/wp\/v2\/product"}],"about":[{"href":"https:\/\/handbag-sense.com\/es\/wp-json\/wp\/v2\/types\/product"}],"wp:featuredmedia":[{"embeddable":true,"href":"https:\/\/handbag-sense.com\/es\/wp-json\/wp\/v2\/media\/10205"}],"wp:attachment":[{"href":"https:\/\/handbag-sense.com\/es\/wp-json\/wp\/v2\/media?parent=10184"}],"wp:term":[{"taxonomy":"product_brand","embeddable":true,"href":"https:\/\/handbag-sense.com\/es\/wp-json\/wp\/v2\/product_brand?post=10184"},{"taxonomy":"product_cat","embeddable":true,"href":"https:\/\/handbag-sense.com\/es\/wp-json\/wp\/v2\/product_cat?post=10184"},{"taxonomy":"product_tag","embeddable":true,"href":"https:\/\/handbag-sense.com\/es\/wp-json\/wp\/v2\/product_tag?post=10184"}],"curies":[{"name":"wp","href":"https:\/\/api.w.org\/{rel}","templated":true}]}}