{"id":10146,"date":"2023-10-24T17:00:37","date_gmt":"2023-10-24T15:00:37","guid":{"rendered":"https:\/\/handbag-sense.com\/product\/constanza-24-epsom-bougainvillier\/"},"modified":"2025-06-20T16:02:22","modified_gmt":"2025-06-20T14:02:22","slug":"hermes-constance-24-epsom-bougainvillier","status":"publish","type":"product","link":"https:\/\/handbag-sense.com\/es\/producto\/hermes-constance-24-epsom-bougainvillier\/","title":{"rendered":"Constance 24 Epsom Bougainvillier"},"content":{"rendered":"<div class=\"c-columns-m-1 c-columns-2 c-columns-gap-s\">\n<div><strong>Material:<\/strong> Cuero Epsom<br \/>\n<strong>Color:<\/strong> Bougainvillier<br \/>\n<strong>Elementos met\u00e1licos:<\/strong> Herrajes de oro<br \/>\n<strong>Material interior:<\/strong> Cuero<\/div>\n<div><strong>Calificaci\u00f3n: <\/strong>3.5 <img decoding=\"async\" class=\"info_box alignnone size-medium wp-image-885\" title=\"Informaci\u00f3n\" role=\"img\" src=\"https:\/\/handbag-sense.com\/wp-content\/uploads\/2023\/05\/info_icon.svg\" alt=\"Cuadro de informaci\u00f3n\" width=\"15\" height=\"15\" \/><br \/>\n<strong>A\u00f1o de producci\u00f3n \/ sello:<\/strong> 2020 \/ Y<br \/>\n<strong>Tama\u00f1o:<\/strong> 24 x 18 x 5 cm<br \/>\n<strong>Naviero:<\/strong> Mundial<\/div>\n<\/div>\n<p><strong>Incluye:<\/strong> Caja, bolsa para el polvo, recibo original<\/p>\n","protected":false},"excerpt":{"rendered":"<p><strong>Herm\u00e8s Constance 24 Epsom Bougainvillier Herrajes de oro. <\/strong>El <strong>Herm\u00e8s Constance 24<\/strong> de Bougainvillier, fabricado artesanalmente en piel Epsom, combina elegancia y funcionalidad. Este elegante bolso Constance, marcado por su color rojo brillante y sus herrajes dorados, es un verdadero punto de atracci\u00f3n. Cuenta con costuras tonales, un cierre met\u00e1lico en forma de \"H\" caracter\u00edstico y una pr\u00e1ctica correa para el hombro. El interior est\u00e1 forrado en piel e incluye un bolsillo con cremallera y tirador grabado en Herm\u00e8s. El <strong>Constance 24<\/strong> <strong>Bougainvillier <\/strong>est\u00e1 en muy buenas condiciones en general, con algunos de los herrajes todav\u00eda cubiertos con pel\u00edcula protectora. Sin embargo, los herrajes descubiertos presentan ara\u00f1azos. Se incluyen la bolsa de polvo de Herm\u00e8s, la caja naranja original y la factura original de 2020. Una pieza exquisita para los amantes de los accesorios de lujo.<\/p>\n","protected":false},"featured_media":10189,"template":"","meta":[],"product_brand":[2433],"product_cat":[1813,1820],"product_tag":[1943,1942,1941,1940],"class_list":{"0":"post-10146","1":"product","2":"type-product","3":"status-publish","4":"has-post-thumbnail","6":"product_brand-hermes-es","7":"product_cat-bolso","8":"product_cat-bolso-cruzado","9":"product_tag-constance-epsom-bougainvillier-es","10":"product_tag-constanza-24-bougainvillier","11":"product_tag-hermes-constance-bougainvillier-es","12":"product_tag-hermes-constanza-24","13":"pa_brand-hermes-es","14":"pa_color-burdeos","15":"pa_color-rojo","16":"pa_grade-grado-4","17":"pa_hermes-models-constance-es","18":"pa_material-cuero","20":"first","21":"outofstock","22":"shipping-taxable","23":"product-type-simple"},"_links":{"self":[{"href":"https:\/\/handbag-sense.com\/es\/wp-json\/wp\/v2\/product\/10146","targetHints":{"allow":["GET"]}}],"collection":[{"href":"https:\/\/handbag-sense.com\/es\/wp-json\/wp\/v2\/product"}],"about":[{"href":"https:\/\/handbag-sense.com\/es\/wp-json\/wp\/v2\/types\/product"}],"wp:featuredmedia":[{"embeddable":true,"href":"https:\/\/handbag-sense.com\/es\/wp-json\/wp\/v2\/media\/10189"}],"wp:attachment":[{"href":"https:\/\/handbag-sense.com\/es\/wp-json\/wp\/v2\/media?parent=10146"}],"wp:term":[{"taxonomy":"product_brand","embeddable":true,"href":"https:\/\/handbag-sense.com\/es\/wp-json\/wp\/v2\/product_brand?post=10146"},{"taxonomy":"product_cat","embeddable":true,"href":"https:\/\/handbag-sense.com\/es\/wp-json\/wp\/v2\/product_cat?post=10146"},{"taxonomy":"product_tag","embeddable":true,"href":"https:\/\/handbag-sense.com\/es\/wp-json\/wp\/v2\/product_tag?post=10146"}],"curies":[{"name":"wp","href":"https:\/\/api.w.org\/{rel}","templated":true}]}}