{"id":10145,"date":"2023-10-16T15:42:44","date_gmt":"2023-10-16T13:42:44","guid":{"rendered":"https:\/\/handbag-sense.com\/product\/birkin-30-togo-negro\/"},"modified":"2025-06-20T16:02:42","modified_gmt":"2025-06-20T14:02:42","slug":"birkin-30-togo-negro","status":"publish","type":"product","link":"https:\/\/handbag-sense.com\/es\/producto\/birkin-30-togo-negro\/","title":{"rendered":"Birkin 30 Togo Negro"},"content":{"rendered":"<div class=\"c-columns-m-1 c-columns-2 c-columns-gap-s\">\n<div><strong>Material:<\/strong> Cuero Togo<br \/>\n<strong>Color:<\/strong> Negro<br \/>\n<strong>Elementos met\u00e1licos:<\/strong> Herrajes de oro<br \/>\n<strong>Material interior:<\/strong> Cuero<\/div>\n<div><strong>Grado: <\/strong> 2  <img decoding=\"async\" class=\"info_box alignnone size-medium wp-image-885\" title=\"Informaci\u00f3n\" role=\"img\" src=\"https:\/\/handbag-sense.com\/wp-content\/uploads\/2023\/05\/info_icon.svg\" alt=\"Cuadro de informaci\u00f3n\" width=\"15\" height=\"15\"><br \/>\n<strong>A\u00f1o de producci\u00f3n \/ Sello:<\/strong> 2022 \/ U<br \/>\n<strong>Tama\u00f1o:<\/strong> 30 x 22 x 16 cm<br \/>\n<strong>Naviero:<\/strong> Mundial<\/div>\n<\/div>\n","protected":false},"excerpt":{"rendered":"<p><strong>Herm\u00e8s Birkin 30 Herrajes Oro Negro<\/strong>. Este bolso Birkin 30 est\u00e1 fabricado en piel Togo en color negro con herrajes dorados. El hermoso bolso Birkin de Herm\u00e8s es un icono absoluto entre los bolsos y ha sido sin\u00f3nimo de elegancia y clase durante d\u00e9cadas. El <strong>Birkin de Herm\u00e8s negro <\/strong> <span style=\"color: black;\">se prob\u00f3 dos veces y est\u00e1 en excelentes condiciones, los sellos est\u00e1n parcialmente en los herrajes. Se incluye la factura original fechada en 2022, un juego de llaves, una bolsa para el polvo y la caja Herm\u00e8s<\/span><strong><span style=\"color: black;\">.<\/span><\/strong><\/p>\n","protected":false},"featured_media":10180,"template":"","meta":[],"product_brand":[2433],"product_cat":[1813],"product_tag":[1899,1905,1895,1897],"class_list":{"0":"post-10145","1":"product","2":"type-product","3":"status-publish","4":"has-post-thumbnail","6":"product_brand-hermes-es","7":"product_cat-bolso","8":"product_tag-birkin-30-negro","9":"product_tag-birkin-30-togo-es","10":"product_tag-bolso-birkin-hermes","11":"product_tag-hermes-birkin-30-es","12":"pa_brand-hermes-es","13":"pa_color-negro","14":"pa_grade-grado-2","15":"pa_hermes-models-birkin-es","16":"pa_material-cuero","18":"first","19":"outofstock","20":"sold-individually","21":"product-type-simple"},"_links":{"self":[{"href":"https:\/\/handbag-sense.com\/es\/wp-json\/wp\/v2\/product\/10145","targetHints":{"allow":["GET"]}}],"collection":[{"href":"https:\/\/handbag-sense.com\/es\/wp-json\/wp\/v2\/product"}],"about":[{"href":"https:\/\/handbag-sense.com\/es\/wp-json\/wp\/v2\/types\/product"}],"wp:featuredmedia":[{"embeddable":true,"href":"https:\/\/handbag-sense.com\/es\/wp-json\/wp\/v2\/media\/10180"}],"wp:attachment":[{"href":"https:\/\/handbag-sense.com\/es\/wp-json\/wp\/v2\/media?parent=10145"}],"wp:term":[{"taxonomy":"product_brand","embeddable":true,"href":"https:\/\/handbag-sense.com\/es\/wp-json\/wp\/v2\/product_brand?post=10145"},{"taxonomy":"product_cat","embeddable":true,"href":"https:\/\/handbag-sense.com\/es\/wp-json\/wp\/v2\/product_cat?post=10145"},{"taxonomy":"product_tag","embeddable":true,"href":"https:\/\/handbag-sense.com\/es\/wp-json\/wp\/v2\/product_tag?post=10145"}],"curies":[{"name":"wp","href":"https:\/\/api.w.org\/{rel}","templated":true}]}}