{"id":10142,"date":"2023-11-02T11:25:46","date_gmt":"2023-11-02T10:25:46","guid":{"rendered":"https:\/\/handbag-sense.com\/product\/hermes-kelly-25-nata-epsom-sellier\/"},"modified":"2025-06-20T15:57:26","modified_gmt":"2025-06-20T13:57:26","slug":"hermes-kelly-25-nata-epsom-sellier","status":"publish","type":"product","link":"https:\/\/handbag-sense.com\/es\/producto\/hermes-kelly-25-nata-epsom-sellier\/","title":{"rendered":"Herm\u00e8s Kelly 25 Nata Epsom Sellier"},"content":{"rendered":"<div class=\"c-columns-m-1 c-columns-2 c-columns-gap-s\">\n<div><strong>Material:<\/strong> Cuero Epsom<br \/>\n<strong>Color:<\/strong> Nata<br \/>\n<strong>Elementos met\u00e1licos:<\/strong> Herrajes de oro<br \/>\n<strong>Material interior:<\/strong> Cuero<\/div>\n<div><strong>Tama\u00f1o:<\/strong> 25 x 19 x 9 cm<br \/>\n<strong>A\u00f1o de producci\u00f3n\/C\u00f3digo de fecha:<\/strong> 2022 \/ sello U<br \/>\n<strong>Grado:<\/strong> 1  <img decoding=\"async\" class=\"info_box alignnone size-medium wp-image-885\" title=\"Informaci\u00f3n\" role=\"img\" src=\"https:\/\/handbag-sense.com\/wp-content\/uploads\/2023\/05\/info_icon.svg\" alt=\"Cuadro de informaci\u00f3n\" width=\"15\" height=\"15\"><\/div>\n<\/div>\n","protected":false},"excerpt":{"rendered":"<p><a><strong>Herm\u00e8s Kelly 25 Nata Epsom Sellier oro Herrajes.<\/strong>  Esta Kelly en el color Nata es un punto de atracci\u00f3n absoluto y combina tanto con jeans como con ropa de noche. S\u00faper chic y muy elegante con vestidos y tacones altos. Incluye: cerradura con dos llaves, correa, bolsa para el polvo, caja Herm\u00e8s y la factura original, los datos de la persona est\u00e1n oscurecidos. Tambi\u00e9n se puede llevar maravillosamente como bandolera. El bolso Kelly de <strong>Herm\u00e8s<\/strong> es un icono absoluto entre los bolsos y ha sido sin\u00f3nimo de elegancia y clase durante d\u00e9cadas. El <strong>Kelly 25 Nata Epsom Sellier<\/strong><\/a><a>  La bolsa es nueva y nunca se usa.<\/a><\/p>\n","protected":false},"featured_media":10155,"template":"","meta":[],"product_brand":[2433],"product_cat":[1813],"product_tag":[],"class_list":{"0":"post-10142","1":"product","2":"type-product","3":"status-publish","4":"has-post-thumbnail","6":"product_brand-hermes-es","7":"product_cat-bolso","8":"pa_brand-hermes-es","9":"pa_color-negro","10":"pa_grade-grado-1","11":"pa_hermes-models-kelly-es","12":"pa_material-cuero","14":"first","15":"outofstock","16":"sold-individually","17":"shipping-taxable","18":"product-type-simple"},"_links":{"self":[{"href":"https:\/\/handbag-sense.com\/es\/wp-json\/wp\/v2\/product\/10142","targetHints":{"allow":["GET"]}}],"collection":[{"href":"https:\/\/handbag-sense.com\/es\/wp-json\/wp\/v2\/product"}],"about":[{"href":"https:\/\/handbag-sense.com\/es\/wp-json\/wp\/v2\/types\/product"}],"wp:featuredmedia":[{"embeddable":true,"href":"https:\/\/handbag-sense.com\/es\/wp-json\/wp\/v2\/media\/10155"}],"wp:attachment":[{"href":"https:\/\/handbag-sense.com\/es\/wp-json\/wp\/v2\/media?parent=10142"}],"wp:term":[{"taxonomy":"product_brand","embeddable":true,"href":"https:\/\/handbag-sense.com\/es\/wp-json\/wp\/v2\/product_brand?post=10142"},{"taxonomy":"product_cat","embeddable":true,"href":"https:\/\/handbag-sense.com\/es\/wp-json\/wp\/v2\/product_cat?post=10142"},{"taxonomy":"product_tag","embeddable":true,"href":"https:\/\/handbag-sense.com\/es\/wp-json\/wp\/v2\/product_tag?post=10142"}],"curies":[{"name":"wp","href":"https:\/\/api.w.org\/{rel}","templated":true}]}}