{"id":10131,"date":"2023-12-12T18:52:14","date_gmt":"2023-12-12T17:52:14","guid":{"rendered":"https:\/\/handbag-sense.com\/product\/collar-largo-farandole-120\/"},"modified":"2025-06-20T15:56:59","modified_gmt":"2025-06-20T13:56:59","slug":"collar-largo-farandole-120","status":"publish","type":"product","link":"https:\/\/handbag-sense.com\/es\/producto\/collar-largo-farandole-120\/","title":{"rendered":"Collar Largo Farandole 120"},"content":{"rendered":"<div class=\"c-columns-m-1 c-columns-2 c-columns-gap-s\">\n<div><strong>Color:<\/strong> Plata<br \/>\n<strong>Material:<\/strong> Plata 925<\/div>\n<div><strong>Grado:<\/strong> 1  <img decoding=\"async\" class=\"info_box alignnone size-medium wp-image-885\" title=\"Informaci\u00f3n\" role=\"img\" src=\"https:\/\/handbag-sense.com\/wp-content\/uploads\/2023\/05\/info_icon.svg\" alt=\"Cuadro de informaci\u00f3n\" width=\"15\" height=\"15\"><br \/>\n<strong>Tama\u00f1o:<\/strong> 120 cm<\/div>\n<\/div>\n<p><strong>Incluye:<\/strong> Caja<\/p>\n","protected":false},"excerpt":{"rendered":"<p><strong>Herm\u00e8s Farandole Collar Largo 120 cm<\/strong>. Collar <strong>Herm\u00e8s Farandole<\/strong> 100% aut\u00e9ntico en plata, ahora disponible en exclusiva en nuestra tienda online. Esta exquisita cadena, con una impresionante longitud de 120 cm, no solo es una declaraci\u00f3n de estilo, sino que tambi\u00e9n encarna una elegancia atemporal. El <strong>collar Farandole<\/strong> es completamente nuevo y se entrega con cari\u00f1o en la caja original de Herm\u00e8s, lo que lo convierte en un regalo perfecto. En tiempos en los que es casi imposible encontrar esta pieza de joyer\u00eda \u00fanica en las tiendas, le ofrecemos la oportunidad de recibirla directamente en la puerta de su casa. Su autenticidad y el reto de adquirirlo en retail lo convierten en un hallazgo exclusivo para los amantes de la joyer\u00eda.<\/p>\n","protected":false},"featured_media":10148,"template":"","meta":[],"product_brand":[2433],"product_cat":[1822],"product_tag":[1930],"class_list":{"0":"post-10131","1":"product","2":"type-product","3":"status-publish","4":"has-post-thumbnail","6":"product_brand-hermes-es","7":"product_cat-accesorio","8":"product_tag-hermes-farandole-120-es","9":"pa_brand-hermes-es","10":"pa_color-beige-es","11":"pa_color-lila-es","12":"pa_color-multicolor","13":"pa_color-desnudo","14":"pa_color-rosa-es","15":"pa_color-blanco","16":"pa_grade-grado-1","17":"pa_material-cuero","19":"first","20":"outofstock","21":"shipping-taxable","22":"product-type-simple"},"_links":{"self":[{"href":"https:\/\/handbag-sense.com\/es\/wp-json\/wp\/v2\/product\/10131","targetHints":{"allow":["GET"]}}],"collection":[{"href":"https:\/\/handbag-sense.com\/es\/wp-json\/wp\/v2\/product"}],"about":[{"href":"https:\/\/handbag-sense.com\/es\/wp-json\/wp\/v2\/types\/product"}],"wp:featuredmedia":[{"embeddable":true,"href":"https:\/\/handbag-sense.com\/es\/wp-json\/wp\/v2\/media\/10148"}],"wp:attachment":[{"href":"https:\/\/handbag-sense.com\/es\/wp-json\/wp\/v2\/media?parent=10131"}],"wp:term":[{"taxonomy":"product_brand","embeddable":true,"href":"https:\/\/handbag-sense.com\/es\/wp-json\/wp\/v2\/product_brand?post=10131"},{"taxonomy":"product_cat","embeddable":true,"href":"https:\/\/handbag-sense.com\/es\/wp-json\/wp\/v2\/product_cat?post=10131"},{"taxonomy":"product_tag","embeddable":true,"href":"https:\/\/handbag-sense.com\/es\/wp-json\/wp\/v2\/product_tag?post=10131"}],"curies":[{"name":"wp","href":"https:\/\/api.w.org\/{rel}","templated":true}]}}