{"id":10130,"date":"2023-11-07T18:04:13","date_gmt":"2023-11-07T17:04:13","guid":{"rendered":"https:\/\/handbag-sense.com\/product\/lindy-touch-26-framboise\/"},"modified":"2025-06-20T15:57:10","modified_gmt":"2025-06-20T13:57:10","slug":"lindy-touch-26-framboise","status":"publish","type":"product","link":"https:\/\/handbag-sense.com\/es\/producto\/lindy-touch-26-framboise\/","title":{"rendered":"Lindy Touch 26 Framboise"},"content":{"rendered":"<div class=\"c-columns-m-1 c-columns-2 c-columns-gap-s\">\n<div><strong>Material:<\/strong> Taurillon Clemence\/Croco<br \/>\n<strong>Color:<\/strong> Framboise<br \/>\n<strong>Elementos met\u00e1licos: <\/strong>Herrajes de paladio<br \/>\n<strong>Material interior:<\/strong> Cuero<\/div>\n<div><strong>Grado:<\/strong> 3  <img decoding=\"async\" class=\"info_box alignnone size-medium wp-image-885\" title=\"Informaci\u00f3n\" role=\"img\" src=\"https:\/\/handbag-sense.com\/wp-content\/uploads\/2023\/05\/info_icon.svg\" alt=\"Cuadro de informaci\u00f3n\" width=\"15\" height=\"15\"><br \/>\n<strong>A\u00f1o de producci\u00f3n \/ Sello:<\/strong> 2021 \/ Z<br \/>\n<strong>Tama\u00f1o:<\/strong> 26 x 18 x 13 cm<br \/>\n<strong>Naviero:<\/strong> Mundial<\/div>\n<\/div>\n<p><strong>Incluye:<\/strong> Caja, bolsa para el polvo, clochette, llaves, cerradura<\/p>\n","protected":false},"excerpt":{"rendered":"<p><strong>Herm\u00e8s Lindy Touch 26 Framboise Palladium Herrajes. <\/strong>Este elegante <strong>Lindy Touch 26<\/strong> en el color Framboise est\u00e1 hecho a mano con cuero Taurillon Clemence con un \"toque\" de lujosa piel Crocodile Niloticus. El <strong>Herm\u00e8s Lindy 26 Touch Framboise<\/strong> que rara vez se us\u00f3, est\u00e1 en excelentes condiciones, cuenta con asas de cuero enrollado en la parte delantera, correa cruzada de cuero de cocodrilo, solapa superior y cierre giratorio plateado. El interior del bolso est\u00e1 hecho de cuero liso con bolsillos de parche y espacio para los elementos esenciales del d\u00eda a d\u00eda. Se incluye la factura original fechada en 2021, una bolsa para el polvo y la caja de Herm\u00e8s<strong>.<\/strong><\/p>\n","protected":false},"featured_media":10159,"template":"","meta":[],"product_brand":[2433],"product_cat":[1860,1815,1820],"product_tag":[1932,1935,1934],"class_list":{"0":"post-10130","1":"product","2":"type-product","3":"status-publish","4":"has-post-thumbnail","6":"product_brand-hermes-es","7":"product_cat-bandolera","8":"product_cat-comprador","9":"product_cat-bolso-cruzado","10":"product_tag-hermes-lindy-26-es","11":"product_tag-hermes-lindy-framboise-es","12":"product_tag-hermes-lindy-touch-es","13":"pa_brand-hermes-es","14":"pa_color-azul","15":"pa_color-violeta","16":"pa_grade-grado-3","17":"pa_hermes-models-lindy-es","18":"pa_material-cuero","20":"first","21":"instock","22":"shipping-taxable","23":"purchasable","24":"product-type-simple"},"_links":{"self":[{"href":"https:\/\/handbag-sense.com\/es\/wp-json\/wp\/v2\/product\/10130","targetHints":{"allow":["GET"]}}],"collection":[{"href":"https:\/\/handbag-sense.com\/es\/wp-json\/wp\/v2\/product"}],"about":[{"href":"https:\/\/handbag-sense.com\/es\/wp-json\/wp\/v2\/types\/product"}],"wp:featuredmedia":[{"embeddable":true,"href":"https:\/\/handbag-sense.com\/es\/wp-json\/wp\/v2\/media\/10159"}],"wp:attachment":[{"href":"https:\/\/handbag-sense.com\/es\/wp-json\/wp\/v2\/media?parent=10130"}],"wp:term":[{"taxonomy":"product_brand","embeddable":true,"href":"https:\/\/handbag-sense.com\/es\/wp-json\/wp\/v2\/product_brand?post=10130"},{"taxonomy":"product_cat","embeddable":true,"href":"https:\/\/handbag-sense.com\/es\/wp-json\/wp\/v2\/product_cat?post=10130"},{"taxonomy":"product_tag","embeddable":true,"href":"https:\/\/handbag-sense.com\/es\/wp-json\/wp\/v2\/product_tag?post=10130"}],"curies":[{"name":"wp","href":"https:\/\/api.w.org\/{rel}","templated":true}]}}