{"id":10128,"date":"2023-10-27T16:22:51","date_gmt":"2023-10-27T14:22:51","guid":{"rendered":"https:\/\/handbag-sense.com\/product\/bolso-nino-rosa-claro\/"},"modified":"2025-06-20T16:02:04","modified_gmt":"2025-06-20T14:02:04","slug":"chanel-boy-bag-rosa-claro","status":"publish","type":"product","link":"https:\/\/handbag-sense.com\/es\/producto\/chanel-boy-bag-rosa-claro\/","title":{"rendered":"Boy Bag Rosa Claro"},"content":{"rendered":"<div class=\"c-columns-m-1 c-columns-2 c-columns-gap-s\">\n<div><strong>Material:<\/strong> L<label class=\"selectit\">eather<\/label><br \/>\n<strong>Color:<\/strong> Rosa claro<br \/>\n<strong>Elementos met\u00e1licos:<\/strong> Herrajes de rutenio<br \/>\n<strong>Material interior:<\/strong> Forro textil<\/div>\n<div><strong>Calificaci\u00f3n: <\/strong> 4 <img decoding=\"async\" class=\"info_box alignnone size-medium wp-image-885\" title=\"Informaci\u00f3n\" role=\"img\" src=\"https:\/\/handbag-sense.com\/wp-content\/uploads\/2023\/05\/info_icon.svg\" alt=\"Cuadro de informaci\u00f3n\" width=\"15\" height=\"15\" \/><br \/>\n<strong>A\u00f1o de producci\u00f3n\/c\u00f3digo de serie:<\/strong> 2016, a partir de 215...<br \/>\n<strong>Tama\u00f1o:<\/strong> 25 x 15 x 9 cm<\/div>\n<\/div>\n<p><strong>Incluye:<\/strong> Caja, bolsa para el polvo, recibo original<\/p>\n","protected":false},"excerpt":{"rendered":"<p><strong>Chanel Boy Bag Rosa Claro con Herrajes de Rutenio.<\/strong> Este bolso de ensue\u00f1o es uno de los cl\u00e1sicos de CHANEL, lo que lo convierte en un compa\u00f1ero atemporal y siempre buscado para el d\u00eda a d\u00eda. El bolso Chanel Boy est\u00e1 confeccionado en piel de becerro en color rosa claro, combinado con una cadena en acabado rutenio ajustable en longitud para que el bolso se pueda llevar largo o corto sobre el hombro. El interior del bolso est\u00e1 dividido en un gran compartimento principal y un bolsillo. La bolsa se cierra con el t\u00edpico CC-Boy Push Lock. El <strong>Chanel Boy rosa claro<\/strong> est\u00e1 en muy buen estado, viene con la bolsa guardapolvo, la caja Chanel y el recibo original de 2016.<\/p>\n","protected":false},"featured_media":18644,"template":"","meta":[],"product_brand":[2418],"product_cat":[1813,1860,1820],"product_tag":[1933,1937,1936],"class_list":{"0":"post-10128","1":"product","2":"type-product","3":"status-publish","4":"has-post-thumbnail","6":"product_brand-chanel-es","7":"product_cat-bolso","8":"product_cat-bandolera","9":"product_cat-bolso-cruzado","10":"product_tag-bolso-chanel-boy","11":"product_tag-bolso-nino-rosa","12":"product_tag-chanel-boy-rosa","13":"pa_brand-chanel-es","14":"pa_chanel-models-boy-bag-es","15":"pa_color-negro","16":"pa_color-multicolor","17":"pa_grade-grado-4","18":"pa_material-cuero","19":"pa_material-tweed-es","21":"first","22":"instock","23":"shipping-taxable","24":"purchasable","25":"product-type-simple"},"_links":{"self":[{"href":"https:\/\/handbag-sense.com\/es\/wp-json\/wp\/v2\/product\/10128","targetHints":{"allow":["GET"]}}],"collection":[{"href":"https:\/\/handbag-sense.com\/es\/wp-json\/wp\/v2\/product"}],"about":[{"href":"https:\/\/handbag-sense.com\/es\/wp-json\/wp\/v2\/types\/product"}],"wp:featuredmedia":[{"embeddable":true,"href":"https:\/\/handbag-sense.com\/es\/wp-json\/wp\/v2\/media\/18644"}],"wp:attachment":[{"href":"https:\/\/handbag-sense.com\/es\/wp-json\/wp\/v2\/media?parent=10128"}],"wp:term":[{"taxonomy":"product_brand","embeddable":true,"href":"https:\/\/handbag-sense.com\/es\/wp-json\/wp\/v2\/product_brand?post=10128"},{"taxonomy":"product_cat","embeddable":true,"href":"https:\/\/handbag-sense.com\/es\/wp-json\/wp\/v2\/product_cat?post=10128"},{"taxonomy":"product_tag","embeddable":true,"href":"https:\/\/handbag-sense.com\/es\/wp-json\/wp\/v2\/product_tag?post=10128"}],"curies":[{"name":"wp","href":"https:\/\/api.w.org\/{rel}","templated":true}]}}