{"id":10127,"date":"2023-10-08T18:48:53","date_gmt":"2023-10-08T16:48:53","guid":{"rendered":"https:\/\/handbag-sense.com\/product\/kelly-25-sellier-epsom-negro\/"},"modified":"2025-06-20T16:03:29","modified_gmt":"2025-06-20T14:03:29","slug":"kelly-25-sellier-epsom-negro","status":"publish","type":"product","link":"https:\/\/handbag-sense.com\/es\/producto\/kelly-25-sellier-epsom-negro\/","title":{"rendered":"Kelly 25 Sellier Epsom Negro"},"content":{"rendered":"<div class=\"c-columns-m-1 c-columns-2 c-columns-gap-s\">\n<div><strong>Material:<\/strong> Cuero Epsom<br \/>\n<strong>Color:<\/strong> Negro<br \/>\n<strong>Elementos met\u00e1licos:<\/strong> Herrajes de oro<br \/>\n<strong>Material interior:<\/strong> Cuero<\/div>\n<div><strong>Grado:<\/strong> 1  <img decoding=\"async\" class=\"info_box alignnone size-medium wp-image-885\" title=\"Informaci\u00f3n\" role=\"img\" src=\"https:\/\/handbag-sense.com\/wp-content\/uploads\/2023\/05\/info_icon.svg\" alt=\"Cuadro de informaci\u00f3n\" width=\"15\" height=\"15\"><br \/>\n<strong>A\u00f1o de producci\u00f3n\/Sello:<\/strong> 2023 \/ B<br \/>\n<strong>Tama\u00f1o:<\/strong> 25 x 19 x 9 cm<br \/>\n<strong>Naviero:<\/strong> Mundial<\/div>\n<\/div>\n<p><strong>Incluye:<\/strong> Recibo original, bolsa guardapolvo, correa, clochette, cerradura, llaves, impermeable, fieltro, folleto, caja<\/p>\n","protected":false},"excerpt":{"rendered":"<p><strong>Herm\u00e8s Kelly 25 Sellier Epsom Herrajes Oro Negro<\/strong>.  <a>Este Kelly 25 Sellier en color negro llama la atenci\u00f3n y combina tanto con vaqueros como con ropa de noche. S\u00faper chic y muy elegante con vestidos y tacones altos. Incluye: cerradura con dos llaves, correa para el hombro, bolsa para el polvo, caja Herm\u00e8s y la factura original de 2023, los datos personales est\u00e1n oscurecidos. Tambi\u00e9n se puede llevar maravillosamente como bandolera.  <\/a>El bolso Kelly de Herm\u00e8s es un icono absoluto entre los bolsos y ha sido sin\u00f3nimo de elegancia y clase durante d\u00e9cadas. El Kelly 25 negro es nuevo, nunca se ha usado y tiene el sello B.<\/p>\n","protected":false},"featured_media":10147,"template":"","meta":[],"product_brand":[2433],"product_cat":[1813],"product_tag":[],"class_list":{"0":"post-10127","1":"product","2":"type-product","3":"status-publish","4":"has-post-thumbnail","6":"product_brand-hermes-es","7":"product_cat-bolso","8":"pa_brand-hermes-es","9":"pa_color-negro","10":"pa_grade-grado-1","11":"pa_hermes-models-kelly-es","12":"pa_material-cuero","14":"first","15":"outofstock","16":"shipping-taxable","17":"product-type-simple"},"_links":{"self":[{"href":"https:\/\/handbag-sense.com\/es\/wp-json\/wp\/v2\/product\/10127","targetHints":{"allow":["GET"]}}],"collection":[{"href":"https:\/\/handbag-sense.com\/es\/wp-json\/wp\/v2\/product"}],"about":[{"href":"https:\/\/handbag-sense.com\/es\/wp-json\/wp\/v2\/types\/product"}],"wp:featuredmedia":[{"embeddable":true,"href":"https:\/\/handbag-sense.com\/es\/wp-json\/wp\/v2\/media\/10147"}],"wp:attachment":[{"href":"https:\/\/handbag-sense.com\/es\/wp-json\/wp\/v2\/media?parent=10127"}],"wp:term":[{"taxonomy":"product_brand","embeddable":true,"href":"https:\/\/handbag-sense.com\/es\/wp-json\/wp\/v2\/product_brand?post=10127"},{"taxonomy":"product_cat","embeddable":true,"href":"https:\/\/handbag-sense.com\/es\/wp-json\/wp\/v2\/product_cat?post=10127"},{"taxonomy":"product_tag","embeddable":true,"href":"https:\/\/handbag-sense.com\/es\/wp-json\/wp\/v2\/product_tag?post=10127"}],"curies":[{"name":"wp","href":"https:\/\/api.w.org\/{rel}","templated":true}]}}