{"id":10105,"date":"2023-10-08T13:07:13","date_gmt":"2023-10-08T11:07:13","guid":{"rendered":"https:\/\/handbag-sense.com\/product\/bolsa-de-bolos-burberry-nova-check\/"},"modified":"2025-06-20T16:03:45","modified_gmt":"2025-06-20T14:03:45","slug":"bolsa-de-bolos-burberry-nova-check","status":"publish","type":"product","link":"https:\/\/handbag-sense.com\/es\/producto\/bolsa-de-bolos-burberry-nova-check\/","title":{"rendered":"Bolsa de bolos Burberry Nova Check"},"content":{"rendered":"<div class=\"c-columns-m-1 c-columns-2 c-columns-gap-s\">\n<div><strong>Material:<\/strong> Cuero<br \/>\n<strong>Color:<\/strong> Beige \/ Negro \/ Rojo<br \/>\n<strong>Elementos met\u00e1licos:<\/strong> Plata<\/div>\n<div><strong>Material interior:<\/strong> Textil<br \/>\n<strong>Tama\u00f1o:<\/strong> 17 x 16 x 7 cm<br \/>\n<strong>Condici\u00f3n:<\/strong> Muy bien  <img decoding=\"async\" class=\"info_box alignnone size-medium wp-image-885\" title=\"Informaci\u00f3n\" role=\"img\" src=\"https:\/\/handbag-sense.com\/wp-content\/uploads\/2023\/05\/info_icon.svg\" alt=\"Cuadro de informaci\u00f3n\" width=\"15\" height=\"15\"><\/div>\n<\/div>\n","protected":false},"excerpt":{"rendered":"<p><strong>Bolsa Burberry Nova Check, Bowling<\/strong>. Eleva tu estilo con la elegancia atemporal del <strong>bolso bowling Burberry Nova Check.<\/strong> Elaborado a la perfecci\u00f3n, este bolso combina sin esfuerzo elementos de dise\u00f1o cl\u00e1sicos con toques modernos, lo que lo convierte en un accesorio imprescindible para los entusiastas de la moda.<\/p>\n","protected":false},"featured_media":10133,"template":"","meta":[],"product_brand":[],"product_cat":[1813,1818,1840],"product_tag":[],"class_list":{"0":"post-10105","1":"product","2":"type-product","3":"status-publish","4":"has-post-thumbnail","6":"product_cat-bolso","7":"product_cat-bolso-pequeno","8":"product_cat-clutch-pochette","9":"pa_color-beige-es","10":"pa_color-negro","11":"pa_color-desnudo","12":"pa_color-rojo","13":"pa_material-cuero","14":"pa_material-tejido","16":"first","17":"outofstock","18":"taxable","19":"shipping-taxable","20":"product-type-simple"},"_links":{"self":[{"href":"https:\/\/handbag-sense.com\/es\/wp-json\/wp\/v2\/product\/10105","targetHints":{"allow":["GET"]}}],"collection":[{"href":"https:\/\/handbag-sense.com\/es\/wp-json\/wp\/v2\/product"}],"about":[{"href":"https:\/\/handbag-sense.com\/es\/wp-json\/wp\/v2\/types\/product"}],"wp:featuredmedia":[{"embeddable":true,"href":"https:\/\/handbag-sense.com\/es\/wp-json\/wp\/v2\/media\/10133"}],"wp:attachment":[{"href":"https:\/\/handbag-sense.com\/es\/wp-json\/wp\/v2\/media?parent=10105"}],"wp:term":[{"taxonomy":"product_brand","embeddable":true,"href":"https:\/\/handbag-sense.com\/es\/wp-json\/wp\/v2\/product_brand?post=10105"},{"taxonomy":"product_cat","embeddable":true,"href":"https:\/\/handbag-sense.com\/es\/wp-json\/wp\/v2\/product_cat?post=10105"},{"taxonomy":"product_tag","embeddable":true,"href":"https:\/\/handbag-sense.com\/es\/wp-json\/wp\/v2\/product_tag?post=10105"}],"curies":[{"name":"wp","href":"https:\/\/api.w.org\/{rel}","templated":true}]}}