{"id":10089,"date":"2023-10-09T16:09:32","date_gmt":"2023-10-09T14:09:32","guid":{"rendered":"https:\/\/handbag-sense.com\/product\/mini-solapa-cuadrada-perla-negro\/"},"modified":"2025-06-20T16:02:47","modified_gmt":"2025-06-20T14:02:47","slug":"mini-solapa-cuadrada-perla-negro","status":"publish","type":"product","link":"https:\/\/handbag-sense.com\/es\/producto\/mini-solapa-cuadrada-perla-negro\/","title":{"rendered":"Mini Solapa Cuadrada Perla Negro"},"content":{"rendered":"<div class=\"c-columns-m-1 c-columns-2 c-columns-gap-s\">\n<div><strong>Material:<\/strong> Cordero<br \/>\n<strong>Color:<\/strong> Negro<br \/>\n<strong>Elementos met\u00e1licos:<\/strong> Herrajes dorados mate<br \/>\n<strong>Material interior:<\/strong> Forro textil<\/div>\n<div><strong>Grado: <\/strong> 2  <img decoding=\"async\" class=\"info_box alignnone size-medium wp-image-885\" title=\"Informaci\u00f3n\" role=\"img\" src=\"https:\/\/handbag-sense.com\/wp-content\/uploads\/2023\/05\/info_icon.svg\" alt=\"Cuadro de informaci\u00f3n\" width=\"15\" height=\"15\"><br \/>\n<strong>A\u00f1o de producci\u00f3n\/c\u00f3digo de serie:<\/strong> 2022-2023, a partir de U41...<br \/>\n<strong>Tama\u00f1o:<\/strong> 19 x 14 x 7 cm<\/div>\n<div><strong>Condici\u00f3n:<\/strong> Usado<\/div>\n<\/div>\n<p><strong>Incluye:<\/strong> Bolsa para el polvo, caja<\/p>\n","protected":false},"excerpt":{"rendered":"<p><strong>CHANEL Mini Solapa Cuadrada Perla negra<\/strong>. El Mini Square est\u00e1 hecho de piel de cordero, tiene una correa de cadena tejida y un CC-lock en acabado dorado mate. El interior del bolso est\u00e1 hecho de cuero y est\u00e1 dividido en un compartimento principal con un bolsillo con cremallera. Hay otro bolsillo de parche en la parte posterior de la bolsa. El bolso Flap Mini se puede llevar colgado del hombro, as\u00ed como cruzado. Un bolso c\u00f3modo y compacto que refleja el dise\u00f1o cl\u00e1sico de Chanel. El <strong>bolso Chanel Mini Flap Pearl <\/strong>es como nuevo, con microchip. El bolso viene con bolsa para el polvo y en caja Chanel.<\/p>\n","protected":false},"featured_media":10121,"template":"","meta":[],"product_brand":[2418],"product_cat":[1813],"product_tag":[],"class_list":{"0":"post-10089","1":"product","2":"type-product","3":"status-publish","4":"has-post-thumbnail","6":"product_brand-chanel-es","7":"product_cat-bolso","8":"pa_brand-chanel-es","9":"pa_chanel-models-timeless-classique-es","10":"pa_color-negro","11":"pa_material-cuero","13":"first","14":"outofstock","15":"product-type-simple"},"_links":{"self":[{"href":"https:\/\/handbag-sense.com\/es\/wp-json\/wp\/v2\/product\/10089","targetHints":{"allow":["GET"]}}],"collection":[{"href":"https:\/\/handbag-sense.com\/es\/wp-json\/wp\/v2\/product"}],"about":[{"href":"https:\/\/handbag-sense.com\/es\/wp-json\/wp\/v2\/types\/product"}],"wp:featuredmedia":[{"embeddable":true,"href":"https:\/\/handbag-sense.com\/es\/wp-json\/wp\/v2\/media\/10121"}],"wp:attachment":[{"href":"https:\/\/handbag-sense.com\/es\/wp-json\/wp\/v2\/media?parent=10089"}],"wp:term":[{"taxonomy":"product_brand","embeddable":true,"href":"https:\/\/handbag-sense.com\/es\/wp-json\/wp\/v2\/product_brand?post=10089"},{"taxonomy":"product_cat","embeddable":true,"href":"https:\/\/handbag-sense.com\/es\/wp-json\/wp\/v2\/product_cat?post=10089"},{"taxonomy":"product_tag","embeddable":true,"href":"https:\/\/handbag-sense.com\/es\/wp-json\/wp\/v2\/product_tag?post=10089"}],"curies":[{"name":"wp","href":"https:\/\/api.w.org\/{rel}","templated":true}]}}