{"id":10070,"date":"2023-12-22T19:19:20","date_gmt":"2023-12-22T18:19:20","guid":{"rendered":"https:\/\/handbag-sense.com\/product\/keepall-bandouliere-50-monograma-comic-lienzo\/"},"modified":"2025-06-20T15:56:54","modified_gmt":"2025-06-20T13:56:54","slug":"keepall-bandouliere-50-monograma-comic-lienzo","status":"publish","type":"product","link":"https:\/\/handbag-sense.com\/es\/producto\/keepall-bandouliere-50-monograma-comic-lienzo\/","title":{"rendered":"Keepall Bandouli\u00e8re 50 Monograma C\u00f3mic Lienzo"},"content":{"rendered":"<div class=\"c-columns-m-1 c-columns-2 c-columns-gap-s\">\n<div><strong>Material:<\/strong> Lona<br \/>\n<strong>Color:<\/strong> Multicolor<br \/>\n<strong>Elementos met\u00e1licos:<\/strong> Metal plateado<\/div>\n<div><strong>Grado:<\/strong> 1  <img decoding=\"async\" class=\"info_box alignnone size-medium wp-image-885\" title=\"Informaci\u00f3n\" role=\"img\" src=\"https:\/\/handbag-sense.com\/wp-content\/uploads\/2023\/05\/info_icon.svg\" alt=\"Cuadro de informaci\u00f3n\" width=\"15\" height=\"15\"><br \/>\n<strong>Material interior:<\/strong> Forro textil<br \/>\n<strong>Tama\u00f1o:<\/strong> 50 x 29 x 22 cm<\/div>\n<\/div>\n<p><strong>Incluye:<\/strong> Recibo original, bolsa guardapolvo, dos llaves, correa, hombrera para correa, etiqueta de equipaje, soporte para asa<\/p>\n","protected":false},"excerpt":{"rendered":"<p><strong>Louis Vuitton blanco y arco\u00edris Monograma de c\u00f3mic Lienzo Keepall Bandouli\u00e8re 50 Herrajes plateados.  <\/strong>Eleva tu estilo de viaje con esta pieza exclusiva de la colecci\u00f3n Hombre Primavera Verano 2023 de Louis Vuitton. Este Keepall Bandouli\u00e8re 50 es una verdadera obra maestra, que combina la ic\u00f3nica lona con monograma de Louis Vuitton con un divertido y vibrante dise\u00f1o de arco\u00edris inspirado en los c\u00f3mics. Es una sorprendente mezcla de moda cl\u00e1sica y contempor\u00e1nea. El interior de este excepcional compa\u00f1ero de viaje est\u00e1 lujosamente forrado en una lona azul claro, lo que a\u00f1ade un toque de sofisticaci\u00f3n a la practicidad del bolso. Con su espacioso interior, tendr\u00e1s un amplio espacio para empacar tus elementos esenciales para cualquier viaje. Los herrajes plateados a\u00f1aden un toque de elegancia al bolso, complementando perfectamente el dise\u00f1o general. Ya sea que est\u00e9 viajando por todo el mundo o haciendo una declaraci\u00f3n de estilo m\u00e1s cerca de casa, el <strong>Louis Vuitton Comic Book Monogram Canvas Keepall Bandouli\u00e8re 50<\/strong> es el compa\u00f1ero perfecto para aquellos que aprecian tanto la moda como la funcionalidad. Experimenta la fusi\u00f3n del arte y la moda con esta pieza de edici\u00f3n limitada de Louis Vuitton. Eleve su juego de viajes y haga una declaraci\u00f3n audaz con cada viaje. La bolsa est\u00e1 en un estado nuevo y sin usar.<\/p>\n","protected":false},"featured_media":10110,"template":"","meta":[],"product_brand":[2437],"product_cat":[1922],"product_tag":[1923,1924],"class_list":{"0":"post-10070","1":"product","2":"type-product","3":"status-publish","4":"has-post-thumbnail","6":"product_brand-louis-vuitton-es","7":"product_cat-bolsa-de-viaje","8":"product_tag-comic-de-louis-vuitton","9":"product_tag-monograma-de-comic-keepall","10":"pa_brand-louis-vuitton-es","11":"pa_color-negro","12":"pa_color-gris","13":"pa_grade-grado-4","14":"pa_material-cuero","15":"pa_material-lona","16":"pa_material-otros-materiales","18":"first","19":"instock","20":"shipping-taxable","21":"purchasable","22":"product-type-simple"},"_links":{"self":[{"href":"https:\/\/handbag-sense.com\/es\/wp-json\/wp\/v2\/product\/10070","targetHints":{"allow":["GET"]}}],"collection":[{"href":"https:\/\/handbag-sense.com\/es\/wp-json\/wp\/v2\/product"}],"about":[{"href":"https:\/\/handbag-sense.com\/es\/wp-json\/wp\/v2\/types\/product"}],"wp:featuredmedia":[{"embeddable":true,"href":"https:\/\/handbag-sense.com\/es\/wp-json\/wp\/v2\/media\/10110"}],"wp:attachment":[{"href":"https:\/\/handbag-sense.com\/es\/wp-json\/wp\/v2\/media?parent=10070"}],"wp:term":[{"taxonomy":"product_brand","embeddable":true,"href":"https:\/\/handbag-sense.com\/es\/wp-json\/wp\/v2\/product_brand?post=10070"},{"taxonomy":"product_cat","embeddable":true,"href":"https:\/\/handbag-sense.com\/es\/wp-json\/wp\/v2\/product_cat?post=10070"},{"taxonomy":"product_tag","embeddable":true,"href":"https:\/\/handbag-sense.com\/es\/wp-json\/wp\/v2\/product_tag?post=10070"}],"curies":[{"name":"wp","href":"https:\/\/api.w.org\/{rel}","templated":true}]}}