{"id":10057,"date":"2023-10-08T18:05:24","date_gmt":"2023-10-08T16:05:24","guid":{"rendered":"https:\/\/handbag-sense.com\/product\/bolso-jumbo-doble-solapa-timeless-negro\/"},"modified":"2025-06-20T16:03:33","modified_gmt":"2025-06-20T14:03:33","slug":"bolso-jumbo-doble-solapa-timeless-negro","status":"publish","type":"product","link":"https:\/\/handbag-sense.com\/es\/producto\/bolso-jumbo-doble-solapa-timeless-negro\/","title":{"rendered":"Bolso Jumbo Doble Solapa Timeless Negro"},"content":{"rendered":"<div class=\"c-columns-m-1 c-columns-2 c-columns-gap-s\">\n<div><strong>Material:<\/strong> Cordero<br \/>\n<strong>Color:<\/strong> Negro<br \/>\n<strong>Elementos met\u00e1licos:<\/strong> Herrajes plateados<br \/>\n<strong>Material interior:<\/strong> Cuero rojo vino<\/div>\n<div><strong>Calificaci\u00f3n: <\/strong> 4  <img decoding=\"async\" class=\"info_box alignnone size-medium wp-image-885\" title=\"Informaci\u00f3n\" role=\"img\" src=\"https:\/\/handbag-sense.com\/wp-content\/uploads\/2023\/05\/info_icon.svg\" alt=\"Cuadro de informaci\u00f3n\" width=\"15\" height=\"15\"><br \/>\n<strong>A\u00f1o de producci\u00f3n\/c\u00f3digo de serie:<\/strong> 2011, a partir de 156...<br \/>\n<strong>Tama\u00f1o:<\/strong> 30 x 19,5 x 10 cm<\/div>\n<\/div>\n<p><strong>Incluye:<\/strong> Tarjeta de autenticidad, bolsa para el polvo, caja<\/p>\n","protected":false},"excerpt":{"rendered":"<p><strong>Bolso Chanel Timeless Jumbo con doble solapa en color negro.<\/strong> El bolso Classic Jumbo Double Flap es un Chanel cl\u00e1sico y atemporal<strong>.<\/strong> Este bolso es ideal para cualquier ocasi\u00f3n y tiene espacio suficiente para todo, es perfecto para los d\u00edas de compras o para el trabajo. La solapa doble Timeless Jumbo est\u00e1 hecha de piel de cordero en color negro, tiene una correa de cadena tejida y un cierre CC en acabado plateado. El interior de la bolsa se divide en un compartimento principal, un bolsillo, un compartimento con cremallera y 2 bolsillos peque\u00f1os. Hay otro bolsillo de parche en la parte posterior de la bolsa. El forro es de piel en color rojo vino. El bolso se puede llevar colgado del hombro, as\u00ed como cruzado. Un bolso c\u00f3modo y elegante que es uno de los cl\u00e1sicos populares de Chanel. El bolso est\u00e1 en muy buen estado, viene con la bolsa guardapolvo, la tarjeta de autenticidad y la caja Chanel.<\/p>\n","protected":false},"featured_media":10078,"template":"","meta":[],"product_brand":[2418],"product_cat":[1813],"product_tag":[],"class_list":{"0":"post-10057","1":"product","2":"type-product","3":"status-publish","4":"has-post-thumbnail","6":"product_brand-chanel-es","7":"product_cat-bolso","8":"pa_brand-chanel-es","9":"pa_chanel-models-timeless-classique-es","10":"pa_color-negro","11":"pa_grade-grado-4","12":"pa_material-cuero","14":"first","15":"outofstock","16":"shipping-taxable","17":"product-type-simple"},"_links":{"self":[{"href":"https:\/\/handbag-sense.com\/es\/wp-json\/wp\/v2\/product\/10057","targetHints":{"allow":["GET"]}}],"collection":[{"href":"https:\/\/handbag-sense.com\/es\/wp-json\/wp\/v2\/product"}],"about":[{"href":"https:\/\/handbag-sense.com\/es\/wp-json\/wp\/v2\/types\/product"}],"wp:featuredmedia":[{"embeddable":true,"href":"https:\/\/handbag-sense.com\/es\/wp-json\/wp\/v2\/media\/10078"}],"wp:attachment":[{"href":"https:\/\/handbag-sense.com\/es\/wp-json\/wp\/v2\/media?parent=10057"}],"wp:term":[{"taxonomy":"product_brand","embeddable":true,"href":"https:\/\/handbag-sense.com\/es\/wp-json\/wp\/v2\/product_brand?post=10057"},{"taxonomy":"product_cat","embeddable":true,"href":"https:\/\/handbag-sense.com\/es\/wp-json\/wp\/v2\/product_cat?post=10057"},{"taxonomy":"product_tag","embeddable":true,"href":"https:\/\/handbag-sense.com\/es\/wp-json\/wp\/v2\/product_tag?post=10057"}],"curies":[{"name":"wp","href":"https:\/\/api.w.org\/{rel}","templated":true}]}}