{"id":10051,"date":"2023-10-25T18:38:35","date_gmt":"2023-10-25T16:38:35","guid":{"rendered":"https:\/\/handbag-sense.com\/product\/gabrielle-pequena-negro-azul-oscuro\/"},"modified":"2025-06-20T16:02:11","modified_gmt":"2025-06-20T14:02:11","slug":"chanel-gabrielle-pequena-negro-azul-oscuro","status":"publish","type":"product","link":"https:\/\/handbag-sense.com\/es\/producto\/chanel-gabrielle-pequena-negro-azul-oscuro\/","title":{"rendered":"Gabrielle Peque\u00f1a Negro \/ Azul Oscuro"},"content":{"rendered":"<div class=\"c-columns-m-1 c-columns-2 c-columns-gap-s\">\n<div><strong>Material:<\/strong> Tweed\/Piel de becerro<br \/>\n<strong>Color:<\/strong> Negro\/Azul Oscuro<br \/>\n<strong>Elementos met\u00e1licos:<\/strong> Herrajes tricolores<br \/>\n<strong>Material interior:<\/strong> Forro textil<\/div>\n<div><strong>Grado: <\/strong> 3-4 <img decoding=\"async\" class=\"info_box alignnone size-medium wp-image-885\" title=\"Informaci\u00f3n\" role=\"img\" src=\"https:\/\/handbag-sense.com\/wp-content\/uploads\/2023\/05\/info_icon.svg\" alt=\"Cuadro de informaci\u00f3n\" width=\"15\" height=\"15\" \/><br \/>\n<strong>A\u00f1o de producci\u00f3n\/carta:<\/strong> 2018, comienza con 253...<br \/>\n<strong>Tama\u00f1o:<\/strong> 20 x 16 x 8 cm<\/div>\n<\/div>\n<p><strong>Incluye:<\/strong> Tarjeta de autenticidad, recibo original, bolsa para el polvo<\/p>\n","protected":false},"excerpt":{"rendered":"<p><strong>Chanel Gabrielle Peque\u00f1a Negro \/ Azul Oscuro. <\/strong>Este precioso bolso peque\u00f1o de Gabrielle est\u00e1 confeccionado en fina piel de becerro en color negro y tweed azul oscuro, tiene una correa de cadena tejida en metal tricolor con parte de cuero ajustable. El bolso llama la atenci\u00f3n, sobre todo por la combinaci\u00f3n de tweed con piel de becerro fina. <strong>El bolso Gabrielle de Chanel<\/strong> hizo su primera gran aparici\u00f3n en el desfile Primavera\/Verano 2017 de Chanel en Par\u00eds. El dise\u00f1o se remonta a los bolsos binoculares que los hombres alguna vez usaron sobre sus hombros en la pista de carreras y tambi\u00e9n est\u00e1 influenciado por <strong>la inspiraci\u00f3n de Coco Chanel para los cortes masculinos<\/strong> con respecto a sus dise\u00f1os de bolsos. El bolso no solo encarna un bolso est\u00e9tico y elegante, sino que tambi\u00e9n es muy pr\u00e1ctico. La combinaci\u00f3n de la correa ajustable para el hombro y los herrajes trenzados significa que hay tres formas diferentes de llevar el bolso: cruzado, sobre el hombro o una combinaci\u00f3n de ambos. Aquellos a los que les gusta llevar el bolso en la mano tambi\u00e9n tienen esta opci\u00f3n con este bolso. El bolso est\u00e1 en muy buen estado, viene con una bolsa guardapolvo de Chanel, una tarjeta de autenticidad y el recibo original.<\/p>\n","protected":false},"featured_media":10074,"template":"","meta":[],"product_brand":[2418],"product_cat":[1813,1838,1820],"product_tag":[],"class_list":{"0":"post-10051","1":"product","2":"type-product","3":"status-publish","4":"has-post-thumbnail","6":"product_brand-chanel-es","7":"product_cat-bolso","8":"product_cat-bolso-de-noche","9":"product_cat-bolso-cruzado","10":"pa_brand-chanel-es","11":"pa_chanel-models-gabrielle-es","12":"pa_color-beige-es","13":"pa_color-nata","14":"pa_grade-grado-3","15":"pa_material-cuero","16":"pa_material-tweed-es","17":"pa_material-poliester","18":"pa_material-lana","20":"first","21":"outofstock","22":"shipping-taxable","23":"purchasable","24":"product-type-simple"},"_links":{"self":[{"href":"https:\/\/handbag-sense.com\/es\/wp-json\/wp\/v2\/product\/10051","targetHints":{"allow":["GET"]}}],"collection":[{"href":"https:\/\/handbag-sense.com\/es\/wp-json\/wp\/v2\/product"}],"about":[{"href":"https:\/\/handbag-sense.com\/es\/wp-json\/wp\/v2\/types\/product"}],"wp:featuredmedia":[{"embeddable":true,"href":"https:\/\/handbag-sense.com\/es\/wp-json\/wp\/v2\/media\/10074"}],"wp:attachment":[{"href":"https:\/\/handbag-sense.com\/es\/wp-json\/wp\/v2\/media?parent=10051"}],"wp:term":[{"taxonomy":"product_brand","embeddable":true,"href":"https:\/\/handbag-sense.com\/es\/wp-json\/wp\/v2\/product_brand?post=10051"},{"taxonomy":"product_cat","embeddable":true,"href":"https:\/\/handbag-sense.com\/es\/wp-json\/wp\/v2\/product_cat?post=10051"},{"taxonomy":"product_tag","embeddable":true,"href":"https:\/\/handbag-sense.com\/es\/wp-json\/wp\/v2\/product_tag?post=10051"}],"curies":[{"name":"wp","href":"https:\/\/api.w.org\/{rel}","templated":true}]}}