{"id":10049,"date":"2023-10-09T10:56:45","date_gmt":"2023-10-09T08:56:45","guid":{"rendered":"https:\/\/handbag-sense.com\/product\/kelly-32-epsom-blue-jean\/"},"modified":"2025-06-20T16:03:11","modified_gmt":"2025-06-20T14:03:11","slug":"kelly-32-epsom-blue-jean","status":"publish","type":"product","link":"https:\/\/handbag-sense.com\/es\/producto\/kelly-32-epsom-blue-jean\/","title":{"rendered":"Kelly 32 Epsom Blue Jean"},"content":{"rendered":"<div class=\"c-columns-m-1 c-columns-2 c-columns-gap-s\">\n<div><strong>Material:<\/strong> Cuero Epsom<br \/>\n<strong>Color:<\/strong> Vaquero azul<br \/>\n<strong>Elementos met\u00e1licos:<\/strong> Herrajes de paladio<br \/>\n<strong>Material interior:<\/strong> Cuero<\/div>\n<div><strong>Grado:<\/strong> 3  <img decoding=\"async\" class=\"info_box alignnone size-medium wp-image-885\" title=\"Informaci\u00f3n\" role=\"img\" src=\"https:\/\/handbag-sense.com\/wp-content\/uploads\/2023\/05\/info_icon.svg\" alt=\"Cuadro de informaci\u00f3n\" width=\"15\" height=\"15\"><br \/>\n<strong>A\u00f1o de producci\u00f3n \/ Sello:<\/strong> 2006 \/ J<br \/>\n<strong>Medidas:<\/strong> 32 x 23 x 10,5 cm<br \/>\n<strong>Naviero:<\/strong> Mundial<\/div>\n<div><strong>Condici\u00f3n:<\/strong> Usado<\/div>\n<\/div>\n<p><strong>Incluye:<\/strong> Bolsa guardapolvo, correa, clochette, cerradura, llaves<\/p>\n","protected":false},"excerpt":{"rendered":"<p><strong>Herm\u00e8s Kelly 32 Epsom Blue Jean Palladium Herrajes<\/strong>. Este elegante Herm\u00e8s Kelly 32 Sellier, en el elegante color Blue Jean, est\u00e1 hecho a mano con la robusta piel Epsom y se complementa con herrajes de paladio. Esta prenda atemporal se completa con un candado, dos llaves, la correa de hombro original para opciones de estilo vers\u00e1tiles y la bolsa para el polvo caracter\u00edstica de Herm\u00e8s. Dise\u00f1ado para ser usado sin esfuerzo como bandolera, este bolso ofrece funcionalidad y estilo. El bolso Herm\u00e8s Kelly ha sido celebrado durante mucho tiempo como un pin\u00e1culo de los bolsos de lujo, que encarna d\u00e9cadas de elegancia y clase. Este particular bolso Kelly Sellier, del a\u00f1o 2006 con el sello J, se encuentra en un excelente estado de conservaci\u00f3n, mostrando el meticuloso cuidado que ha recibido a lo largo de los a\u00f1os. No es solo un bolso, sino un s\u00edmbolo de sofisticaci\u00f3n atemporal y una adici\u00f3n exquisita a cualquier colecci\u00f3n exigente.<\/p>\n","protected":false},"featured_media":10081,"template":"","meta":[],"product_brand":[2433],"product_cat":[1813],"product_tag":[1921,1919,1918,1920],"class_list":{"0":"post-10049","1":"product","2":"type-product","3":"status-publish","4":"has-post-thumbnail","6":"product_brand-hermes-es","7":"product_cat-bolso","8":"product_tag-hermes-blue-jean-es","9":"product_tag-hermes-kelly-32-es","10":"product_tag-hermes-kelly-sellier-es","11":"product_tag-kelly-blue-jean-es","12":"pa_brand-hermes-es","13":"pa_color-azul","14":"pa_grade-grado-3","15":"pa_hermes-models-kelly-es","16":"pa_material-cuero","18":"first","19":"outofstock","20":"sold-individually","21":"shipping-taxable","22":"product-type-simple"},"_links":{"self":[{"href":"https:\/\/handbag-sense.com\/es\/wp-json\/wp\/v2\/product\/10049","targetHints":{"allow":["GET"]}}],"collection":[{"href":"https:\/\/handbag-sense.com\/es\/wp-json\/wp\/v2\/product"}],"about":[{"href":"https:\/\/handbag-sense.com\/es\/wp-json\/wp\/v2\/types\/product"}],"wp:featuredmedia":[{"embeddable":true,"href":"https:\/\/handbag-sense.com\/es\/wp-json\/wp\/v2\/media\/10081"}],"wp:attachment":[{"href":"https:\/\/handbag-sense.com\/es\/wp-json\/wp\/v2\/media?parent=10049"}],"wp:term":[{"taxonomy":"product_brand","embeddable":true,"href":"https:\/\/handbag-sense.com\/es\/wp-json\/wp\/v2\/product_brand?post=10049"},{"taxonomy":"product_cat","embeddable":true,"href":"https:\/\/handbag-sense.com\/es\/wp-json\/wp\/v2\/product_cat?post=10049"},{"taxonomy":"product_tag","embeddable":true,"href":"https:\/\/handbag-sense.com\/es\/wp-json\/wp\/v2\/product_tag?post=10049"}],"curies":[{"name":"wp","href":"https:\/\/api.w.org\/{rel}","templated":true}]}}