{"id":10015,"date":"2023-10-09T16:02:58","date_gmt":"2023-10-09T14:02:58","guid":{"rendered":"https:\/\/handbag-sense.com\/product\/birkin-25-rosa-sakura-swift\/"},"modified":"2025-06-20T16:02:54","modified_gmt":"2025-06-20T14:02:54","slug":"birkin-25-rosa-sakura-swift","status":"publish","type":"product","link":"https:\/\/handbag-sense.com\/es\/producto\/birkin-25-rosa-sakura-swift\/","title":{"rendered":"Birkin 25 Rosa Sakura Swift"},"content":{"rendered":"<div class=\"c-columns-m-1 c-columns-2 c-columns-gap-s\">\n<div><strong>Material:<\/strong> Cuero Swift<br \/>\n<strong>Color:<\/strong> Sakura Rosa<br \/>\n<strong>Elementos met\u00e1licos:<\/strong> Herrajes de paladio<br \/>\n<strong>Material interior:<\/strong> Cuero<\/div>\n<div><strong>Grado: <\/strong> 1  <img decoding=\"async\" class=\"info_box alignnone size-medium wp-image-885\" title=\"Informaci\u00f3n\" role=\"img\" src=\"https:\/\/handbag-sense.com\/wp-content\/uploads\/2023\/05\/info_icon.svg\" alt=\"Cuadro de informaci\u00f3n\" width=\"15\" height=\"15\"><br \/>\n<strong>A\u00f1o de producci\u00f3n\/Sello:<\/strong> 2023 \/ B<br \/>\n<strong>Tama\u00f1o:<\/strong> 25 x 20 x 13 cm<br \/>\n<strong>Naviero:<\/strong> Mundial<\/div>\n<\/div>\n<p><strong>Incluye:<\/strong> Recibo original, bolsa guardapolvo, clochette, cerradura, llaves, impermeable, fieltro, folleto, caja<\/p>\n","protected":false},"excerpt":{"rendered":"<p><strong>Herm\u00e8s Birkin 25 Rose Sakura Swift Palladium Herrajes.<\/strong>  Descubre este exclusivo bolso Birkin 25, hecho a mano en piel Swift en el encantador color Rose Sakura y bellamente acentuado con herrajes de paladio. Este exquisito bolso Birkin Rose Sakura cuenta con asas de cuero elegantemente enrolladas, un cierre seguro de correa superior con un distintivo cierre giratorio. Este lujoso paquete se completa con una campana, un candado acompa\u00f1ado de dos llaves, la ic\u00f3nica bolsa guardapolvo de Herm\u00e8s y la caracter\u00edstica caja naranja. Est\u00e1 en perfecto estado, se incluye la factura original de 2023. El <strong>Birkin 25 Rose Sakura<\/strong> es m\u00e1s que un bolso de mano; Es una pieza rara y excepcional que encarna la esencia de la elegancia y la exclusividad, lo que la convierte en una adici\u00f3n verdaderamente especial a cualquier colecci\u00f3n sofisticada.<\/p>\n","protected":false},"featured_media":10052,"template":"","meta":[],"product_brand":[2433],"product_cat":[1813],"product_tag":[1916,1915,1914],"class_list":{"0":"post-10015","1":"product","2":"type-product","3":"status-publish","4":"has-post-thumbnail","6":"product_brand-hermes-es","7":"product_cat-bolso","8":"product_tag-birkin-25-sakura-es","9":"product_tag-birkin-rose-sakura-es","10":"product_tag-hermes-birkin-25-es","11":"pa_brand-hermes-es","12":"pa_color-rosado","13":"pa_color-rosa-es","14":"pa_grade-grado-1","15":"pa_hermes-models-birkin-es","16":"pa_material-cuero","18":"first","19":"outofstock","20":"sold-individually","21":"shipping-taxable","22":"product-type-simple"},"_links":{"self":[{"href":"https:\/\/handbag-sense.com\/es\/wp-json\/wp\/v2\/product\/10015","targetHints":{"allow":["GET"]}}],"collection":[{"href":"https:\/\/handbag-sense.com\/es\/wp-json\/wp\/v2\/product"}],"about":[{"href":"https:\/\/handbag-sense.com\/es\/wp-json\/wp\/v2\/types\/product"}],"wp:featuredmedia":[{"embeddable":true,"href":"https:\/\/handbag-sense.com\/es\/wp-json\/wp\/v2\/media\/10052"}],"wp:attachment":[{"href":"https:\/\/handbag-sense.com\/es\/wp-json\/wp\/v2\/media?parent=10015"}],"wp:term":[{"taxonomy":"product_brand","embeddable":true,"href":"https:\/\/handbag-sense.com\/es\/wp-json\/wp\/v2\/product_brand?post=10015"},{"taxonomy":"product_cat","embeddable":true,"href":"https:\/\/handbag-sense.com\/es\/wp-json\/wp\/v2\/product_cat?post=10015"},{"taxonomy":"product_tag","embeddable":true,"href":"https:\/\/handbag-sense.com\/es\/wp-json\/wp\/v2\/product_tag?post=10015"}],"curies":[{"name":"wp","href":"https:\/\/api.w.org\/{rel}","templated":true}]}}