{"id":10003,"date":"2023-10-25T16:57:24","date_gmt":"2023-10-25T14:57:24","guid":{"rendered":"https:\/\/handbag-sense.com\/product\/lady-rosa-medio-claro\/"},"modified":"2025-06-20T16:02:16","modified_gmt":"2025-06-20T14:02:16","slug":"lady-rosa-medio-claro","status":"publish","type":"product","link":"https:\/\/handbag-sense.com\/es\/producto\/lady-rosa-medio-claro\/","title":{"rendered":"Lady Rosa Medio Claro"},"content":{"rendered":"<div class=\"c-columns-m-1 c-columns-2 c-columns-gap-s\">\n<div><strong>Material:<\/strong> piel de becerro<br \/>\n<strong>Color:<\/strong> rosa claro<br \/>\n<strong>Elementos met\u00e1licos:<\/strong> herrajes dorados<br \/>\n<strong>Material interior:<\/strong> forro textil<\/div>\n<div><strong>Grado:<\/strong> 3  <img decoding=\"async\" class=\"info_box alignnone size-medium wp-image-885\" title=\"Informaci\u00f3n\" role=\"img\" src=\"https:\/\/handbag-sense.com\/wp-content\/uploads\/2023\/05\/info_icon.svg\" alt=\"Cuadro de informaci\u00f3n\" width=\"15\" height=\"15\"><br \/>\n<strong>A\u00f1o de producci\u00f3n:<\/strong> 2014<br \/>\n<strong>Tama\u00f1o:<\/strong> 24 x 20 x 10 cm<\/div>\n<\/div>\n<p><strong>Incluye:<\/strong> Tarjeta de identificaci\u00f3n, recibo original, correa, bolsa para el polvo<\/p>\n","protected":false},"excerpt":{"rendered":"<p><strong>Dior Lady Rosa Medio Claro.<\/strong>  Este bolso Dior mediano est\u00e1 confeccionado en piel de becerro de color rosa claro, tiene una bandolera de piel recta y desmontable, por lo que se puede llevar en la mano o como bandolera. El interior del bolso est\u00e1 hecho de tela y est\u00e1 dividido en un compartimento principal con un bolsillo con cremallera. Las etiquetas met\u00e1licas D.I.O.R. con acabado dorado le dan un toque moderno y est\u00e1n construidas con 43 piezas met\u00e1licas, desde las ic\u00f3nicas etiquetas con el logotipo hasta los pies y los ojales. La bolsa viene en excelentes condiciones. Se incluye la bolsa guardapolvo, la tarjeta de identificaci\u00f3n, la correa y el recibo original.<\/p>\n","protected":false},"featured_media":10020,"template":"","meta":[],"product_brand":[2424],"product_cat":[1813,1838],"product_tag":[],"class_list":{"0":"post-10003","1":"product","2":"type-product","3":"status-publish","4":"has-post-thumbnail","6":"product_brand-dior-es","7":"product_cat-bolso","8":"product_cat-bolso-de-noche","9":"pa_brand-dior-es","10":"pa_color-rosa-es","11":"pa_grade-grado-3","12":"pa_material-cuero","14":"first","15":"outofstock","16":"shipping-taxable","17":"product-type-simple"},"_links":{"self":[{"href":"https:\/\/handbag-sense.com\/es\/wp-json\/wp\/v2\/product\/10003","targetHints":{"allow":["GET"]}}],"collection":[{"href":"https:\/\/handbag-sense.com\/es\/wp-json\/wp\/v2\/product"}],"about":[{"href":"https:\/\/handbag-sense.com\/es\/wp-json\/wp\/v2\/types\/product"}],"wp:featuredmedia":[{"embeddable":true,"href":"https:\/\/handbag-sense.com\/es\/wp-json\/wp\/v2\/media\/10020"}],"wp:attachment":[{"href":"https:\/\/handbag-sense.com\/es\/wp-json\/wp\/v2\/media?parent=10003"}],"wp:term":[{"taxonomy":"product_brand","embeddable":true,"href":"https:\/\/handbag-sense.com\/es\/wp-json\/wp\/v2\/product_brand?post=10003"},{"taxonomy":"product_cat","embeddable":true,"href":"https:\/\/handbag-sense.com\/es\/wp-json\/wp\/v2\/product_cat?post=10003"},{"taxonomy":"product_tag","embeddable":true,"href":"https:\/\/handbag-sense.com\/es\/wp-json\/wp\/v2\/product_tag?post=10003"}],"curies":[{"name":"wp","href":"https:\/\/api.w.org\/{rel}","templated":true}]}}