{"id":10002,"date":"2023-10-08T12:34:29","date_gmt":"2023-10-08T10:34:29","guid":{"rendered":"https:\/\/handbag-sense.com\/product\/petite-boite-chapeau-piel-de-cocodrilo\/"},"modified":"2025-06-20T16:03:58","modified_gmt":"2025-06-20T14:03:58","slug":"louis-vuitton-petite-boite-chapeau-piel-de-cocodrilo","status":"publish","type":"product","link":"https:\/\/handbag-sense.com\/es\/producto\/louis-vuitton-petite-boite-chapeau-piel-de-cocodrilo\/","title":{"rendered":"Petite Boite Chapeau Piel de cocodrilo"},"content":{"rendered":"<div class=\"c-columns-m-1 c-columns-2 c-columns-gap-s\">\n<div><strong>Material:<\/strong> Piel de cocodrilo<br \/>\n<strong>Color:<\/strong> Plata<br \/>\n<strong>Elementos met\u00e1licos:<\/strong> Metal de color dorado<\/div>\n<div><strong>Material interior:<\/strong> Forro textil<br \/>\n<strong>Tama\u00f1o:<\/strong> 17 x 16 x 7 cm<br \/>\n<strong>Condici\u00f3n:<\/strong> Muy bien <img decoding=\"async\" class=\"info_box alignnone size-medium wp-image-885\" title=\"Informaci\u00f3n\" role=\"img\" src=\"https:\/\/handbag-sense.com\/wp-content\/uploads\/2023\/05\/info_icon.svg\" alt=\"Cuadro de informaci\u00f3n\" width=\"15\" height=\"15\" \/><\/div>\n<\/div>\n","protected":false},"excerpt":{"rendered":"<p><strong>Louis Vuitton Petite Boite Chapeau Piel de cocodrilo.<\/strong> El Louis Vuitton Petite Boite Chapeau est\u00e1 confeccionado en piel de alig\u00e1tor mate en color plateado con metal dorado. El interior del bolso est\u00e1 adornado con el forro flexible de piel de oveja que a\u00f1ade otro toque de comodidad. Los herrajes dorados contrastan radiantemente con la piel de alig\u00e1tor mate intenso, elevando la est\u00e9tica del bolso a un nuevo nivel. Para personalizar su accesorio, se adjunta una placa de identificaci\u00f3n con la ic\u00f3nica firma LV met\u00e1lica, un toque de singularidad que es inconfundiblemente Louis Vuitton. Con su atenci\u00f3n al detalle, este bolso es realmente una obra maestra. El bolso<strong> Petite Boite Chapeau<\/strong> est\u00e1 en perfecto estado.<\/p>\n","protected":false},"featured_media":10019,"template":"","meta":[],"product_brand":[2437],"product_cat":[1840,1838,1822],"product_tag":[],"class_list":{"0":"post-10002","1":"product","2":"type-product","3":"status-publish","4":"has-post-thumbnail","6":"product_brand-louis-vuitton-es","7":"product_cat-clutch-pochette","8":"product_cat-bolso-de-noche","9":"product_cat-accesorio","10":"pa_brand-louis-vuitton-es","11":"pa_color-plata","12":"pa_material-cuero-exotico","14":"first","15":"outofstock","16":"shipping-taxable","17":"product-type-simple"},"_links":{"self":[{"href":"https:\/\/handbag-sense.com\/es\/wp-json\/wp\/v2\/product\/10002","targetHints":{"allow":["GET"]}}],"collection":[{"href":"https:\/\/handbag-sense.com\/es\/wp-json\/wp\/v2\/product"}],"about":[{"href":"https:\/\/handbag-sense.com\/es\/wp-json\/wp\/v2\/types\/product"}],"wp:featuredmedia":[{"embeddable":true,"href":"https:\/\/handbag-sense.com\/es\/wp-json\/wp\/v2\/media\/10019"}],"wp:attachment":[{"href":"https:\/\/handbag-sense.com\/es\/wp-json\/wp\/v2\/media?parent=10002"}],"wp:term":[{"taxonomy":"product_brand","embeddable":true,"href":"https:\/\/handbag-sense.com\/es\/wp-json\/wp\/v2\/product_brand?post=10002"},{"taxonomy":"product_cat","embeddable":true,"href":"https:\/\/handbag-sense.com\/es\/wp-json\/wp\/v2\/product_cat?post=10002"},{"taxonomy":"product_tag","embeddable":true,"href":"https:\/\/handbag-sense.com\/es\/wp-json\/wp\/v2\/product_tag?post=10002"}],"curies":[{"name":"wp","href":"https:\/\/api.w.org\/{rel}","templated":true}]}}