{"id":10001,"date":"2023-10-09T10:01:43","date_gmt":"2023-10-09T08:01:43","guid":{"rendered":"https:\/\/handbag-sense.com\/product\/bolso-medium-classic-doble-solapa-rojo\/"},"modified":"2025-06-20T16:03:18","modified_gmt":"2025-06-20T14:03:18","slug":"chanel-medium-classic-double-flap-bag-roja","status":"publish","type":"product","link":"https:\/\/handbag-sense.com\/es\/producto\/chanel-medium-classic-double-flap-bag-roja\/","title":{"rendered":"Medium Classic Double Flap Bag Roja"},"content":{"rendered":"<div class=\"c-columns-m-1 c-columns-2 c-columns-gap-s\">\n<div><strong>Material:<\/strong> Cordero<br \/>\n<strong>Color:<\/strong> Rojo<br \/>\n<strong>Elementos met\u00e1licos:<\/strong> Herrajes plateados<br \/>\n<strong>Material interior:<\/strong> Cuero<\/div>\n<div><strong>Calificaci\u00f3n: <\/strong> 4 <img decoding=\"async\" class=\"info_box alignnone size-medium wp-image-885\" title=\"Informaci\u00f3n\" role=\"img\" src=\"https:\/\/handbag-sense.com\/wp-content\/uploads\/2023\/05\/info_icon.svg\" alt=\"Cuadro de informaci\u00f3n\" width=\"15\" height=\"15\" \/><br \/>\n<strong>A\u00f1o de producci\u00f3n\/c\u00f3digo de serie:<\/strong> 2011, a partir de 173...<br \/>\n<strong>Medidas:<\/strong> 25,5 x 15,5 x 6,5 cm<\/div>\n<\/div>\n<p><strong>Incluye:<\/strong> Certificado Entrupy, bolsa para el polvo<\/p>\n","protected":false},"excerpt":{"rendered":"<p><strong>Chanel Medium Classic Double Flap Bag Roja<\/strong>. El bolso Medium Double Flap es un cl\u00e1sico y atemporal de Chanel. Este bolso es ideal para cualquier ocasi\u00f3n y tiene suficiente espacio para todo. El Medium Double Flap est\u00e1 hecho de piel de cordero en color rojo, tiene una correa de cadena tejida y un cierre CC en acabado plateado. El bolso est\u00e1 dividido en un compartimento principal, un bolsillo y un compartimento con cremallera. Hay otro bolsillo adicional en la parte posterior del bolso. El forro est\u00e1 hecho de cuero en color rojo. El bolso se puede llevar sobre el hombro o en bandolera. Un bolso c\u00f3modo y elegante que es uno de los cl\u00e1sicos populares de Chanel. El bolso est\u00e1 en muy buenas condiciones en general, pero tiene un olor notable en el interior, que huele fuertemente a un producto de limpieza o cuidado. Viene con una bolsa de polvo de Chanel y un Certificado de Autenticidad de Entrupy.<\/p>\n","protected":false},"featured_media":10016,"template":"","meta":[],"product_brand":[2418],"product_cat":[1813,1860],"product_tag":[],"class_list":{"0":"post-10001","1":"product","2":"type-product","3":"status-publish","4":"has-post-thumbnail","6":"product_brand-chanel-es","7":"product_cat-bolso","8":"product_cat-bandolera","9":"pa_brand-chanel-es","10":"pa_chanel-models-timeless-classique-es","11":"pa_color-rojo","12":"pa_grade-grado-4","13":"pa_material-cuero","15":"first","16":"outofstock","17":"shipping-taxable","18":"purchasable","19":"product-type-simple"},"_links":{"self":[{"href":"https:\/\/handbag-sense.com\/es\/wp-json\/wp\/v2\/product\/10001","targetHints":{"allow":["GET"]}}],"collection":[{"href":"https:\/\/handbag-sense.com\/es\/wp-json\/wp\/v2\/product"}],"about":[{"href":"https:\/\/handbag-sense.com\/es\/wp-json\/wp\/v2\/types\/product"}],"wp:featuredmedia":[{"embeddable":true,"href":"https:\/\/handbag-sense.com\/es\/wp-json\/wp\/v2\/media\/10016"}],"wp:attachment":[{"href":"https:\/\/handbag-sense.com\/es\/wp-json\/wp\/v2\/media?parent=10001"}],"wp:term":[{"taxonomy":"product_brand","embeddable":true,"href":"https:\/\/handbag-sense.com\/es\/wp-json\/wp\/v2\/product_brand?post=10001"},{"taxonomy":"product_cat","embeddable":true,"href":"https:\/\/handbag-sense.com\/es\/wp-json\/wp\/v2\/product_cat?post=10001"},{"taxonomy":"product_tag","embeddable":true,"href":"https:\/\/handbag-sense.com\/es\/wp-json\/wp\/v2\/product_tag?post=10001"}],"curies":[{"name":"wp","href":"https:\/\/api.w.org\/{rel}","templated":true}]}}