{"id":9276,"date":"2024-05-17T16:39:49","date_gmt":"2024-05-17T14:39:49","guid":{"rendered":"https:\/\/handbag-sense.com\/?post_type=product&#038;p=9276"},"modified":"2025-05-06T11:55:45","modified_gmt":"2025-05-06T09:55:45","slug":"hermes-kelly-25-epsom-mauve-pale","status":"publish","type":"product","link":"https:\/\/handbag-sense.com\/de\/produkt\/hermes-kelly-25-epsom-mauve-pale\/","title":{"rendered":"Kelly 25 Epsom Mauve Pale"},"content":{"rendered":"<div class=\"c-columns-m-1 c-columns-2 c-columns-gap-s\">\n<div><strong>Material:<\/strong> Epsom Leder<br \/>\n<strong>Farbe:<\/strong> Mauve Pale<br \/>\n<strong>Metallelemente:<\/strong> Palladium Hardware<br \/>\n<strong>Innenmaterial:<\/strong> Leder<\/div>\n<div><strong>Grade:<\/strong> 1\u00a0<img decoding=\"async\" class=\"info_box alignnone size-medium wp-image-885\" title=\"Info\" role=\"img\" src=\"https:\/\/handbag-sense.com\/wp-content\/uploads\/2023\/05\/info_icon.svg\" alt=\"info box\" width=\"15\" height=\"15\" \/><br \/>\n<strong>Produktionsjahr \/ Stempel:<\/strong> 2023 \/ B<br \/>\n<strong>Gr\u00f6\u00dfe:<\/strong> 25 x 19 x 9 cm<br \/>\n<strong>Versand:<\/strong> Worldwide<\/div>\n<\/div>\n<p><strong>Beinhaltet:<\/strong> Originalrechnung, Staubbeutel, Schulterriemen, Clochette, Schloss, Schl\u00fcssel, Filz, Regenschutz, Booklet, Box<\/p>\n","protected":false},"excerpt":{"rendered":"<p><strong>Herm\u00e8s Kelly 25 Epsom Mauve Pale mit Palladium Hardware<\/strong>\u00a0- ein Symbol zeitloser Eleganz. Heben Sie Ihren Stil auf ein neues Niveau mit dieser exquisiten <strong>Kelly 25 Sellier<\/strong>, handgefertigt aus dem klassischen Epsom-Leder in der Farbe Mauve Pale und verziert mit Palladium-Beschl\u00e4gen. Diese Tasche ist ein wahres Meisterwerk, das m\u00fchelos von l\u00e4ssigem Denim zu glamour\u00f6ser Abendgarderobe \u00fcbergeht. Ob kombiniert mit Jeans oder hohen Schuhen und Kleidern, diese Kelly-Tasche ist Ihr ultimatives Mode-Statement. Schulterriemen: Tragen Sie sie als Handtasche oder bequem \u00fcber Ihrer Schulter mit dem beiliegenden Riemen. Diese <strong>Kelly 25 Mauve Pale<\/strong> ist brandneu, wurde nie getragen und hat den Stempel \"B\" f\u00fcr das Jahr 2023.<\/p>\n<p>Erleben Sie die Magie von Herm\u00e8s noch heute. Bestellen Sie jetzt und f\u00fcgen Sie diese exquisite<strong> Kelly 25 Sellier Epsom<\/strong> in Mauve Pale zu Ihrer Sammlung hinzu!<\/p>\n","protected":false},"featured_media":18464,"template":"","meta":[],"product_brand":[2404],"product_cat":[347],"product_tag":[1569],"class_list":{"0":"post-9276","1":"product","2":"type-product","3":"status-publish","4":"has-post-thumbnail","6":"product_brand-hermes-de","7":"product_cat-handtasche","8":"product_tag-hermes-kelly-25","9":"pa_brand-hermes-de","10":"pa_color-rosa-de","11":"pa_grade-grad-1","12":"pa_hermes-models-kelly-de","13":"pa_material-leder","15":"first","16":"outofstock","17":"shipping-taxable","18":"product-type-simple"},"_links":{"self":[{"href":"https:\/\/handbag-sense.com\/de\/wp-json\/wp\/v2\/product\/9276","targetHints":{"allow":["GET"]}}],"collection":[{"href":"https:\/\/handbag-sense.com\/de\/wp-json\/wp\/v2\/product"}],"about":[{"href":"https:\/\/handbag-sense.com\/de\/wp-json\/wp\/v2\/types\/product"}],"wp:featuredmedia":[{"embeddable":true,"href":"https:\/\/handbag-sense.com\/de\/wp-json\/wp\/v2\/media\/18464"}],"wp:attachment":[{"href":"https:\/\/handbag-sense.com\/de\/wp-json\/wp\/v2\/media?parent=9276"}],"wp:term":[{"taxonomy":"product_brand","embeddable":true,"href":"https:\/\/handbag-sense.com\/de\/wp-json\/wp\/v2\/product_brand?post=9276"},{"taxonomy":"product_cat","embeddable":true,"href":"https:\/\/handbag-sense.com\/de\/wp-json\/wp\/v2\/product_cat?post=9276"},{"taxonomy":"product_tag","embeddable":true,"href":"https:\/\/handbag-sense.com\/de\/wp-json\/wp\/v2\/product_tag?post=9276"}],"curies":[{"name":"wp","href":"https:\/\/api.w.org\/{rel}","templated":true}]}}