{"id":9039,"date":"2024-05-08T17:06:03","date_gmt":"2024-05-08T15:06:03","guid":{"rendered":"https:\/\/handbag-sense.com\/?post_type=product&#038;p=9039"},"modified":"2025-05-06T11:55:48","modified_gmt":"2025-05-06T09:55:48","slug":"hermes-kelly-28-togo-gris-neve","status":"publish","type":"product","link":"https:\/\/handbag-sense.com\/de\/produkt\/hermes-kelly-28-togo-gris-neve\/","title":{"rendered":"Kelly 28 Togo Gris Neve"},"content":{"rendered":"<div class=\"c-columns-m-1 c-columns-2 c-columns-gap-s\">\n<div><strong>Material:<\/strong> Togo-Leder<br \/>\n<strong>Farbe:<\/strong> Gris Neve<br \/>\n<strong>Metallelemente:<\/strong> Gold Hardware<br \/>\n<strong>Inner material:<\/strong> Leder<\/div>\n<div><strong>Note: <\/strong> 1 <img decoding=\"async\" class=\"info_box alignnone size-medium wp-image-885\" title=\"Info\" role=\"img\" src=\"https:\/\/handbag-sense.com\/wp-content\/uploads\/2023\/05\/info_icon.svg\" alt=\"info box\" width=\"15\" height=\"15\" \/><br \/>\n<strong>Baujahr\/Stempel:<\/strong> 2024 \/ B<br \/>\n<strong>Gr\u00f6\u00dfe:<\/strong> 28 x 20 x 10 cm<br \/>\n<strong>Versand:<\/strong> Weltweit<\/div>\n<\/div>\n<p><strong>Enth\u00e4lt:<\/strong> Originalquittung, Staubbeutel, Gurt, Clochette, Schloss, Schl\u00fcssel, Filz, Booklet, Box<\/p>\n","protected":false},"excerpt":{"rendered":"<p><strong>Herm\u00e8s Kelly 28 Togo Gris Neve mit goldenen Beschl\u00e4gen.<\/strong> Diese klassische Kelly 28 Retourne Tasche, handgefertigt aus Togo-Leder im neuen und faszinierenden Farbton Gris Neve, wird durch elegante goldene Beschl\u00e4ge hervorgehoben. Die Tasche wird komplett mit einer Clochette, einem Schloss, zwei Schl\u00fcsseln, dem Original-Tragegurt, der Originalverpackung und der Originalrechnung von 2024 geliefert. Durch ihr vielseitiges Design l\u00e4sst sich die Kelly 28 stilvoll als Umh\u00e4ngetasche tragen und eignet sich somit f\u00fcr verschiedene Anl\u00e4sse. Dieses ikonische St\u00fcck ist ungetragen und in brandneuem Zustand, gekennzeichnet mit dem Stempel B. Der <strong>Kelly 28 Togo in Gris Neve <\/strong>ist ein wahres Symbol f\u00fcr Raffinesse und nicht nur ein Accessoire, sondern eine lebenslange Investition in Stil.<\/p>\n","protected":false},"featured_media":18461,"template":"","meta":[],"product_brand":[2404],"product_cat":[347],"product_tag":[1436,1783],"class_list":{"0":"post-9039","1":"product","2":"type-product","3":"status-publish","4":"has-post-thumbnail","6":"product_brand-hermes-de","7":"product_cat-handtasche","8":"product_tag-hermes-kelly-28","9":"product_tag-kelly-28-gris-neve-de","10":"pa_brand-hermes-de","11":"pa_color-grau","12":"pa_grade-grad-1","13":"pa_hermes-models-kelly-de","14":"pa_material-leder","16":"first","17":"outofstock","18":"shipping-taxable","19":"product-type-simple"},"_links":{"self":[{"href":"https:\/\/handbag-sense.com\/de\/wp-json\/wp\/v2\/product\/9039","targetHints":{"allow":["GET"]}}],"collection":[{"href":"https:\/\/handbag-sense.com\/de\/wp-json\/wp\/v2\/product"}],"about":[{"href":"https:\/\/handbag-sense.com\/de\/wp-json\/wp\/v2\/types\/product"}],"wp:featuredmedia":[{"embeddable":true,"href":"https:\/\/handbag-sense.com\/de\/wp-json\/wp\/v2\/media\/18461"}],"wp:attachment":[{"href":"https:\/\/handbag-sense.com\/de\/wp-json\/wp\/v2\/media?parent=9039"}],"wp:term":[{"taxonomy":"product_brand","embeddable":true,"href":"https:\/\/handbag-sense.com\/de\/wp-json\/wp\/v2\/product_brand?post=9039"},{"taxonomy":"product_cat","embeddable":true,"href":"https:\/\/handbag-sense.com\/de\/wp-json\/wp\/v2\/product_cat?post=9039"},{"taxonomy":"product_tag","embeddable":true,"href":"https:\/\/handbag-sense.com\/de\/wp-json\/wp\/v2\/product_tag?post=9039"}],"curies":[{"name":"wp","href":"https:\/\/api.w.org\/{rel}","templated":true}]}}