{"id":8967,"date":"2024-05-07T17:42:55","date_gmt":"2024-05-07T15:42:55","guid":{"rendered":"https:\/\/handbag-sense.com\/?post_type=product&#038;p=8967"},"modified":"2025-05-06T11:55:50","modified_gmt":"2025-05-06T09:55:50","slug":"hermes-in-the-loop-18-vermillon","status":"publish","type":"product","link":"https:\/\/handbag-sense.com\/de\/produkt\/hermes-in-the-loop-18-vermillon\/","title":{"rendered":"In-the-Loop 18 Vermillon"},"content":{"rendered":"<div class=\"c-columns-m-1 c-columns-2 c-columns-gap-s\">\n<div><strong>Material:<\/strong> Taurillon Clemence\/Swift<br \/>\n<strong>Farbe:<\/strong> Zinnober<br \/>\n<strong>Metallelemente:<\/strong> Gold Hardware<br \/>\n<strong>Inner material:<\/strong> Leder<\/div>\n<div><strong>Grade:<\/strong> 1 <img decoding=\"async\" class=\"info_box alignnone size-medium wp-image-885\" title=\"Info\" role=\"img\" src=\"https:\/\/handbag-sense.com\/wp-content\/uploads\/2023\/05\/info_icon.svg\" alt=\"info box\" width=\"15\" height=\"15\" \/><br \/>\n<strong>Baujahr\/Stempel:<\/strong> 2023 \/ B<br \/>\n<strong>Gr\u00f6\u00dfe:<\/strong> 19,5 x 18 x 12 cm<br \/>\n<strong>Versand:<\/strong> Weltweit<\/div>\n<\/div>\n<p><strong>Enth\u00e4lt:<\/strong> Originalquittung, Staubbeutel, Karton<\/p>\n","protected":false},"excerpt":{"rendered":"<p><strong>Herm\u00e8s In-the-Loop 18 Vermillon Taurillon Clemence \/ Swift mit Gold-Hardware.<\/strong> Die <strong>Herm\u00e8s In-the-Loop 18 Tasche<\/strong>, handgefertigt aus Taurillon Clemence und Swift Leather in der Farbe Vermillon, verbindet Komfort mit Eleganz und ist ideal f\u00fcr die anspruchsvolle Fashionista. Das ungef\u00fctterte Innere und die einfachen, flexiblen Griffe verk\u00f6rpern minimalistischen Chic und sind ein unverzichtbares Accessoire f\u00fcr jede Garderobe und bieten vielseitige Styling-Optionen, egal ob in der Hand getragen oder in der Armbeuge getragen. Diese Tasche befindet sich in brandneuem Zustand und wird von einem Herm\u00e8s-Staubbeutel, einer Herm\u00e8s-Box und der Originalrechnung aus dem Jahr 2023 begleitet.<\/p>\n","protected":false},"featured_media":8925,"template":"","meta":[],"product_brand":[2404],"product_cat":[347,349,351],"product_tag":[2078,2077],"class_list":{"0":"post-8967","1":"product","2":"type-product","3":"status-publish","4":"has-post-thumbnail","6":"product_brand-hermes-de","7":"product_cat-handtasche","8":"product_cat-shopper-de","9":"product_cat-kleine-taschen","10":"product_tag-hermes-in-der-schleife-18","11":"product_tag-in-the-loop-18-vermillon-de","12":"pa_brand-hermes-de","13":"pa_color-gruen","14":"pa_grade-grad-1","15":"pa_material-leder","17":"first","18":"outofstock","19":"sold-individually","20":"product-type-simple"},"_links":{"self":[{"href":"https:\/\/handbag-sense.com\/de\/wp-json\/wp\/v2\/product\/8967","targetHints":{"allow":["GET"]}}],"collection":[{"href":"https:\/\/handbag-sense.com\/de\/wp-json\/wp\/v2\/product"}],"about":[{"href":"https:\/\/handbag-sense.com\/de\/wp-json\/wp\/v2\/types\/product"}],"wp:featuredmedia":[{"embeddable":true,"href":"https:\/\/handbag-sense.com\/de\/wp-json\/wp\/v2\/media\/8925"}],"wp:attachment":[{"href":"https:\/\/handbag-sense.com\/de\/wp-json\/wp\/v2\/media?parent=8967"}],"wp:term":[{"taxonomy":"product_brand","embeddable":true,"href":"https:\/\/handbag-sense.com\/de\/wp-json\/wp\/v2\/product_brand?post=8967"},{"taxonomy":"product_cat","embeddable":true,"href":"https:\/\/handbag-sense.com\/de\/wp-json\/wp\/v2\/product_cat?post=8967"},{"taxonomy":"product_tag","embeddable":true,"href":"https:\/\/handbag-sense.com\/de\/wp-json\/wp\/v2\/product_tag?post=8967"}],"curies":[{"name":"wp","href":"https:\/\/api.w.org\/{rel}","templated":true}]}}