{"id":8952,"date":"2024-05-06T17:53:34","date_gmt":"2024-05-06T15:53:34","guid":{"rendered":"https:\/\/handbag-sense.com\/?post_type=product&#038;p=8952"},"modified":"2025-05-06T11:55:51","modified_gmt":"2025-05-06T09:55:51","slug":"hermes-picotin-lock-18-vert-comics","status":"publish","type":"product","link":"https:\/\/handbag-sense.com\/de\/produkt\/hermes-picotin-lock-18-vert-comics\/","title":{"rendered":"Picotin Lock 18 Vert Comics"},"content":{"rendered":"<div class=\"c-columns-m-1 c-columns-2 c-columns-gap-s\">\n<div><strong>Material:<\/strong> Taurillon Clemence Leder<br \/>\n<strong>Farbe:<\/strong> Vert Comics<br \/>\n<strong>Metallelemente:<\/strong> Palladium Hardware<br \/>\n<strong>Innenmaterial:<\/strong> Leder<\/div>\n<div><strong>Grad:<\/strong> 1 <img decoding=\"async\" class=\"info_box alignnone size-medium wp-image-885\" title=\"Info\" role=\"img\" src=\"https:\/\/handbag-sense.com\/wp-content\/uploads\/2023\/05\/info_icon.svg\" alt=\"info box\" width=\"15\" height=\"15\" \/><br \/>\n<strong>Produktionsjahr\/Stempel:<\/strong> 2023\/U<br \/>\n<strong>Gr\u00f6\u00dfe: <\/strong>18 x 19 x 13,5 cm<br \/>\n<strong>Versand:<\/strong> Weltweit<\/div>\n<\/div>\n<p><strong>Beinhaltet:<\/strong> Originalrechnung, Staubbeutel, Box<\/p>\n","protected":false},"excerpt":{"rendered":"<p><strong>Herm\u00e8s Picotin Lock 18 Taurillon Clemence Vert Comics mit Palladium Hardware.<\/strong> Die <strong>Herm\u00e8s Picotin 18<\/strong> Tasche, handgefertigt aus Taurillon Clemence Leder in der Farbe Vert Comics, verbindet Komfort mit Eleganz und ist ideal f\u00fcr die anspruchsvolle Modekennerin. Ihr ungef\u00fcttertes Inneres und die einfachen, flexiblen Griffe verk\u00f6rpern minimalistischen Chic und machen sie zu einem unverzichtbaren Accessoire f\u00fcr jede Garderobe. Der dezente Charme des begleitenden Vorh\u00e4ngeschlosses kann weiter verst\u00e4rkt werden, wenn er mit passendem Schmuck kombiniert wird, was vielseitige Styling-Optionen bietet, egal ob in der Hand getragen oder in der Armbeuge genistet. Diese Tasche ist brandneu und wird mit einem Herm\u00e8s-Staubbeutel, einer Herm\u00e8s-Box und der Originalrechnung aus dem Jahr 2023 geliefert.<\/p>\n","protected":false},"featured_media":8965,"template":"","meta":[],"product_brand":[2404],"product_cat":[347,349,351],"product_tag":[1778,1779],"class_list":{"0":"post-8952","1":"product","2":"type-product","3":"status-publish","4":"has-post-thumbnail","6":"product_brand-hermes-de","7":"product_cat-handtasche","8":"product_cat-shopper-de","9":"product_cat-kleine-taschen","10":"product_tag-hermes-picotin-18-de","11":"product_tag-picotin-18-vert-comics-de","12":"pa_brand-hermes-de","13":"pa_color-gruen","14":"pa_grade-grad-1","15":"pa_material-leder","17":"first","18":"outofstock","19":"sold-individually","20":"product-type-simple"},"_links":{"self":[{"href":"https:\/\/handbag-sense.com\/de\/wp-json\/wp\/v2\/product\/8952","targetHints":{"allow":["GET"]}}],"collection":[{"href":"https:\/\/handbag-sense.com\/de\/wp-json\/wp\/v2\/product"}],"about":[{"href":"https:\/\/handbag-sense.com\/de\/wp-json\/wp\/v2\/types\/product"}],"wp:featuredmedia":[{"embeddable":true,"href":"https:\/\/handbag-sense.com\/de\/wp-json\/wp\/v2\/media\/8965"}],"wp:attachment":[{"href":"https:\/\/handbag-sense.com\/de\/wp-json\/wp\/v2\/media?parent=8952"}],"wp:term":[{"taxonomy":"product_brand","embeddable":true,"href":"https:\/\/handbag-sense.com\/de\/wp-json\/wp\/v2\/product_brand?post=8952"},{"taxonomy":"product_cat","embeddable":true,"href":"https:\/\/handbag-sense.com\/de\/wp-json\/wp\/v2\/product_cat?post=8952"},{"taxonomy":"product_tag","embeddable":true,"href":"https:\/\/handbag-sense.com\/de\/wp-json\/wp\/v2\/product_tag?post=8952"}],"curies":[{"name":"wp","href":"https:\/\/api.w.org\/{rel}","templated":true}]}}