{"id":8882,"date":"2024-05-03T21:26:27","date_gmt":"2024-05-03T19:26:27","guid":{"rendered":"https:\/\/handbag-sense.com\/?post_type=product&#038;p=8882"},"modified":"2025-05-06T11:55:53","modified_gmt":"2025-05-06T09:55:53","slug":"hermes-kelly-25-hss-schwarz-rose-mexico","status":"publish","type":"product","link":"https:\/\/handbag-sense.com\/de\/produkt\/hermes-kelly-25-hss-schwarz-rose-mexico\/","title":{"rendered":"Kelly 25 HSS Epsom Schwarz \/ Rose Mexiko"},"content":{"rendered":"<div class=\"c-columns-m-1 c-columns-2 c-columns-gap-s\">\n<div><strong>Material:<\/strong> Epsom leder<br \/>\n<strong>Farbe:<\/strong> Schwarz \/ Rosa Mexiko<br \/>\n<strong>Metallelemente:<\/strong> Gold Hardware<br \/>\n<strong>Inner material:<\/strong> Leder<\/div>\n<div><strong>Grade:<\/strong> 1 <img decoding=\"async\" class=\"info_box alignnone size-medium wp-image-885\" title=\"Info\" role=\"img\" src=\"https:\/\/handbag-sense.com\/wp-content\/uploads\/2023\/05\/info_icon.svg\" alt=\"info box\" width=\"15\" height=\"15\" \/><br \/>\n<strong>Baujahr\/Stempel:<\/strong> 2023 \/ B<br \/>\n<strong>Gr\u00f6\u00dfe:<\/strong> 25 x 19 x 9 cm<br \/>\n<strong>Versand:<\/strong> Weltweit<\/div>\n<\/div>\n<p><strong>Enth\u00e4lt:<\/strong> Originalquittung, Staubbeutel, Gurt, Clochette, Schloss, Schl\u00fcssel, Filz, Booklet, Box<\/p>\n","protected":false},"excerpt":{"rendered":"<p><strong>Herm\u00e8s Kelly 25 HSS (Hufeisenstempel) Schwarz \/ Rose Mexico Gold Hardware<\/strong>. Diese seltene Kelly 25 Sellier HSS-Tasche ist in 2 Farben erh\u00e4ltlich \u2013 Schwarz und Rose Mexico im Inneren. Die goldenen Beschl\u00e4ge verleihen der Tasche eine zus\u00e4tzliche Dimension der Eleganz, w\u00e4hrend das strapazierf\u00e4hige Epsom-Leder sowohl ein luxuri\u00f6ses Gef\u00fchl als auch eine zeitlose \u00c4sthetik bietet. Die <strong>Kelly HSS Bag<\/strong> ist perfekt f\u00fcr alle, die die feineren Details sch\u00e4tzen. Die <strong>Kelly 25 HSS-Tasche<\/strong> ist absolut neu und nie getragen, hat den Stempel B und wird mit der Originalquittung von 2023 geliefert. Eine ganz besondere Sammler-Kelly-Tasche in 25 cm, die nur einer VIP-Kundschaft angeboten wird. Mit seiner kompakten Gr\u00f6\u00dfe ist er der ideale Begleiter f\u00fcr besondere Anl\u00e4sse oder als stilvolles Accessoire f\u00fcr den Alltag. Ob als besonderes Geschenk oder als Statement-Piece f\u00fcr Ihren individuellen Stil \u2013 diese Kelly 25 Bag wird Ihren Look auf subtile Weise perfektionieren.<\/p>\n","protected":false},"featured_media":8936,"template":"","meta":[],"product_brand":[2404],"product_cat":[347,350,351,345],"product_tag":[2089,1575,2090],"class_list":{"0":"post-8882","1":"product","2":"type-product","3":"status-publish","4":"has-post-thumbnail","6":"product_brand-hermes-de","7":"product_cat-handtasche","8":"product_cat-schultertaschen","9":"product_cat-kleine-taschen","10":"product_cat-crossbody-taschen","11":"product_tag-hermes-kelly-hss-de","12":"product_tag-kelly-25-black-de","13":"product_tag-kelly-hss-schwarz","14":"pa_brand-hermes-de","15":"pa_color-schwarz","16":"pa_color-pink-de","17":"pa_grade-grad-1","18":"pa_hermes-models-kelly-de","19":"pa_material-leder","21":"first","22":"outofstock","23":"sold-individually","24":"product-type-simple"},"_links":{"self":[{"href":"https:\/\/handbag-sense.com\/de\/wp-json\/wp\/v2\/product\/8882","targetHints":{"allow":["GET"]}}],"collection":[{"href":"https:\/\/handbag-sense.com\/de\/wp-json\/wp\/v2\/product"}],"about":[{"href":"https:\/\/handbag-sense.com\/de\/wp-json\/wp\/v2\/types\/product"}],"wp:featuredmedia":[{"embeddable":true,"href":"https:\/\/handbag-sense.com\/de\/wp-json\/wp\/v2\/media\/8936"}],"wp:attachment":[{"href":"https:\/\/handbag-sense.com\/de\/wp-json\/wp\/v2\/media?parent=8882"}],"wp:term":[{"taxonomy":"product_brand","embeddable":true,"href":"https:\/\/handbag-sense.com\/de\/wp-json\/wp\/v2\/product_brand?post=8882"},{"taxonomy":"product_cat","embeddable":true,"href":"https:\/\/handbag-sense.com\/de\/wp-json\/wp\/v2\/product_cat?post=8882"},{"taxonomy":"product_tag","embeddable":true,"href":"https:\/\/handbag-sense.com\/de\/wp-json\/wp\/v2\/product_tag?post=8882"}],"curies":[{"name":"wp","href":"https:\/\/api.w.org\/{rel}","templated":true}]}}