{"id":8845,"date":"2024-05-02T17:41:00","date_gmt":"2024-05-02T15:41:00","guid":{"rendered":"https:\/\/handbag-sense.com\/?post_type=product&#038;p=8845"},"modified":"2025-05-06T13:02:56","modified_gmt":"2025-05-06T11:02:56","slug":"chanel-classic-kartenhalter-schwarz","status":"publish","type":"product","link":"https:\/\/handbag-sense.com\/de\/produkt\/chanel-classic-kartenhalter-schwarz\/","title":{"rendered":"Classic Kartenhalter in Schwarz"},"content":{"rendered":"<div class=\"c-columns-m-1 c-columns-2 c-columns-gap-s\">\n<div><strong>Material:<\/strong> Lammleder<br \/>\n<strong>Farbe:<\/strong> Schwarz<br \/>\n<strong>Metallelemente:<\/strong> silberne Hardware<br \/>\n<strong>Innenmaterial:<\/strong> Textilinnenfutter<\/div>\n<div><strong>Grad:<\/strong> 3\u00a0<img decoding=\"async\" class=\"info_box alignnone size-medium wp-image-885\" title=\"Info\" role=\"img\" src=\"https:\/\/handbag-sense.com\/wp-content\/uploads\/2023\/05\/info_icon.svg\" alt=\"info box\" width=\"15\" height=\"15\" \/><br \/>\n<strong>Produktionsjahr \/ Seriennummer:<\/strong> 2013, beginnt mit 171\u2026<br \/>\n<strong>Gr\u00f6\u00dfe:<\/strong> 11,3 x 7,5 cm<\/div>\n<\/div>\n<p><strong>Beinhaltet:<\/strong> Authentizit\u00e4tskarte<\/p>\n","protected":false},"excerpt":{"rendered":"<p><strong>Chanel Classic Kartenhalter in Schwarz mit silberner Hardware.<\/strong> Dieser klassische Chanel Kartenhalter ist ein zeitloses Accessoire von Chanel. Seine kompakte Gr\u00f6\u00dfe macht ihn ideal f\u00fcr jede Handtasche. Aus Lammleder gefertigt, verf\u00fcgt dieser Kartenhalter \u00fcber silberne Metallbeschl\u00e4ge. Der Kartenhalter wurde selten benutzt und befindet sich in sehr gutem Zustand. Er wird mit einer Authentizit\u00e4t Karte geliefert.<\/p>\n","protected":false},"featured_media":8721,"template":"","meta":[],"product_brand":[2417],"product_cat":[342,1592,348],"product_tag":[2060],"class_list":{"0":"post-8845","1":"product","2":"type-product","3":"status-publish","4":"has-post-thumbnail","6":"product_brand-chanel-de","7":"product_cat-accessoire-de","8":"product_cat-aktentaschen","9":"product_cat-andere-kategorien","10":"product_tag-chanel-geldborse-schwarz","11":"pa_brand-chanel-de","12":"pa_chanel-models-andere-modelle","13":"pa_color-schwarz","14":"pa_grade-grad-3","15":"pa_material-leder","17":"first","18":"outofstock","19":"shipping-taxable","20":"product-type-simple"},"_links":{"self":[{"href":"https:\/\/handbag-sense.com\/de\/wp-json\/wp\/v2\/product\/8845","targetHints":{"allow":["GET"]}}],"collection":[{"href":"https:\/\/handbag-sense.com\/de\/wp-json\/wp\/v2\/product"}],"about":[{"href":"https:\/\/handbag-sense.com\/de\/wp-json\/wp\/v2\/types\/product"}],"wp:featuredmedia":[{"embeddable":true,"href":"https:\/\/handbag-sense.com\/de\/wp-json\/wp\/v2\/media\/8721"}],"wp:attachment":[{"href":"https:\/\/handbag-sense.com\/de\/wp-json\/wp\/v2\/media?parent=8845"}],"wp:term":[{"taxonomy":"product_brand","embeddable":true,"href":"https:\/\/handbag-sense.com\/de\/wp-json\/wp\/v2\/product_brand?post=8845"},{"taxonomy":"product_cat","embeddable":true,"href":"https:\/\/handbag-sense.com\/de\/wp-json\/wp\/v2\/product_cat?post=8845"},{"taxonomy":"product_tag","embeddable":true,"href":"https:\/\/handbag-sense.com\/de\/wp-json\/wp\/v2\/product_tag?post=8845"}],"curies":[{"name":"wp","href":"https:\/\/api.w.org\/{rel}","templated":true}]}}