{"id":8843,"date":"2024-05-02T16:54:13","date_gmt":"2024-05-02T14:54:13","guid":{"rendered":"https:\/\/handbag-sense.com\/?post_type=product&#038;p=8843"},"modified":"2025-05-06T13:02:59","modified_gmt":"2025-05-06T11:02:59","slug":"chanel-kleines-portemonnaie-schwarz","status":"publish","type":"product","link":"https:\/\/handbag-sense.com\/de\/produkt\/chanel-kleines-portemonnaie-schwarz\/","title":{"rendered":"Kleines Portemonnaie Schwarz"},"content":{"rendered":"<div class=\"c-columns-m-1 c-columns-2 c-columns-gap-s\">\n<div><strong>Material:<\/strong> Lammleder<br \/>\n<strong>Farbe:<\/strong> Schwarz<br \/>\n<strong>Metallelemente:<\/strong> Gold Hardware<br \/>\n<strong>Inner material:<\/strong> Leder<\/div>\n<div><strong>Note: 1<\/strong> <img decoding=\"async\" class=\"info_box alignnone size-medium wp-image-885\" title=\"Info\" role=\"img\" src=\"https:\/\/handbag-sense.com\/wp-content\/uploads\/2023\/05\/info_icon.svg\" alt=\"info box\" width=\"15\" height=\"15\" \/><br \/>\n<strong>Produktionsjahr\/Buchstabe:<\/strong> 2017, beginnt mit 241...<br \/>\n<strong>Gr\u00f6\u00dfe:<\/strong> 11,3 x 7,5 x 2,1 cm<\/div>\n<\/div>\n<p><strong>Enth\u00e4lt:<\/strong> Authentizit\u00e4tskarte, Staubbeutel, Karton, Originalrechnung<\/p>\n","protected":false},"excerpt":{"rendered":"<p><strong>Chanel kleines Portemonnaie schwarz mit goldenen Beschl\u00e4gen<\/strong>. Dieses kleine Chanel-Portemonnaie ist ein zeitloses St\u00fcck, das die klassische Eleganz der Marke zur Geltung bringt. Durch ihre kompakte Gr\u00f6\u00dfe ist sie ideal f\u00fcr jede Handtasche. Dieses Portemonnaie aus Lammleder verf\u00fcgt \u00fcber goldene Metallbeschl\u00e4ge. Das Portemonnaie wurde ungetragen aufbewahrt und befindet sich in neuem Zustand. Es wird komplett mit einem Staubbeutel, einer Echtheitskarte, einer Originalquittung und einer Chanel-Box geliefert.<\/p>\n","protected":false},"featured_media":8727,"template":"","meta":[],"product_brand":[2417],"product_cat":[342,1592],"product_tag":[2060],"class_list":{"0":"post-8843","1":"product","2":"type-product","3":"status-publish","4":"has-post-thumbnail","6":"product_brand-chanel-de","7":"product_cat-accessoire-de","8":"product_cat-aktentaschen","9":"product_tag-chanel-geldborse-schwarz","10":"pa_brand-chanel-de","11":"pa_chanel-models-andere-modelle","12":"pa_color-schwarz","13":"pa_grade-grad-1","14":"pa_material-leder","16":"first","17":"outofstock","18":"shipping-taxable","19":"purchasable","20":"product-type-simple"},"_links":{"self":[{"href":"https:\/\/handbag-sense.com\/de\/wp-json\/wp\/v2\/product\/8843","targetHints":{"allow":["GET"]}}],"collection":[{"href":"https:\/\/handbag-sense.com\/de\/wp-json\/wp\/v2\/product"}],"about":[{"href":"https:\/\/handbag-sense.com\/de\/wp-json\/wp\/v2\/types\/product"}],"wp:featuredmedia":[{"embeddable":true,"href":"https:\/\/handbag-sense.com\/de\/wp-json\/wp\/v2\/media\/8727"}],"wp:attachment":[{"href":"https:\/\/handbag-sense.com\/de\/wp-json\/wp\/v2\/media?parent=8843"}],"wp:term":[{"taxonomy":"product_brand","embeddable":true,"href":"https:\/\/handbag-sense.com\/de\/wp-json\/wp\/v2\/product_brand?post=8843"},{"taxonomy":"product_cat","embeddable":true,"href":"https:\/\/handbag-sense.com\/de\/wp-json\/wp\/v2\/product_cat?post=8843"},{"taxonomy":"product_tag","embeddable":true,"href":"https:\/\/handbag-sense.com\/de\/wp-json\/wp\/v2\/product_tag?post=8843"}],"curies":[{"name":"wp","href":"https:\/\/api.w.org\/{rel}","templated":true}]}}