{"id":8837,"date":"2024-04-30T17:55:33","date_gmt":"2024-04-30T15:55:33","guid":{"rendered":"https:\/\/handbag-sense.com\/?post_type=product&#038;p=8837"},"modified":"2025-05-06T13:03:03","modified_gmt":"2025-05-06T11:03:03","slug":"chanel-double-zip-clutch-schwarz","status":"publish","type":"product","link":"https:\/\/handbag-sense.com\/de\/produkt\/chanel-double-zip-clutch-schwarz\/","title":{"rendered":"Double Zip Clutch Schwarz"},"content":{"rendered":"<div class=\"c-columns-m-1 c-columns-2 c-columns-gap-s\">\n<div><strong>Material:<\/strong> Lammleder<br \/>\n<strong>Farbe:<\/strong> Schwarz<br \/>\n<strong>Metallelemente:<\/strong> Gold Hardware<br \/>\n<strong>Innenmaterial:<\/strong> Textilfutter<\/div>\n<div><strong>Bewertung: <\/strong>2 <img decoding=\"async\" class=\"info_box alignnone size-medium wp-image-885\" title=\"Info\" role=\"img\" src=\"https:\/\/handbag-sense.com\/wp-content\/uploads\/2023\/05\/info_icon.svg\" alt=\"info box\" width=\"15\" height=\"15\" \/><br \/>\n<strong>Produktionsjahr\/Buchstabe:<\/strong> 2018, beginnt mit 259...<br \/>\n<strong>Gr\u00f6\u00dfe:<\/strong> 19 x 10 x 3 cm<\/div>\n<\/div>\n<p><strong>Enth\u00e4lt:<\/strong> Authentizit\u00e4tskarte, Staubbeutel, Karton, Originalrechnung<\/p>\n","protected":false},"excerpt":{"rendered":"<p><strong>Chanel Double Zip Clutch Schwarz mit Perlenkette.<\/strong> Diese <strong>Chanel-Clutch<\/strong> ist ein zeitloses St\u00fcck, das die klassische Eleganz der Marke zur Geltung bringt. Seine kompakte Gr\u00f6\u00dfe ist ideal f\u00fcr Abendveranstaltungen. Diese Tasche aus geschmeidigem Lammleder verf\u00fcgt \u00fcber goldene Metallbeschl\u00e4ge und eine markante, perlenbesetzte Schulterkette. Der Innenraum ist mit zwei Hauptf\u00e4chern mit Rei\u00dfverschluss und einem zus\u00e4tzlichen Mittelfach clever organisiert. Die Clutch kann stilvoll \u00fcber der Schulter oder als Umh\u00e4ngetasche getragen werden. Obwohl diese Tasche einmal anprobiert wurde, befindet sie sich in einem nahezu neuwertigen Zustand. Es wird komplett mit einem Staubbeutel, einer Echtheitskarte, einer Originalquittung und einer Chanel-Box geliefert.<\/p>\n","protected":false},"featured_media":8741,"template":"","meta":[],"product_brand":[2417],"product_cat":[350,351,344,346,345,342],"product_tag":[2072],"class_list":{"0":"post-8837","1":"product","2":"type-product","3":"status-publish","4":"has-post-thumbnail","6":"product_brand-chanel-de","7":"product_cat-schultertaschen","8":"product_cat-kleine-taschen","9":"product_cat-pochette-de","10":"product_cat-abendtasche","11":"product_cat-crossbody-taschen","12":"product_cat-accessoire-de","13":"product_tag-chanel-clutch-schwarz","14":"pa_brand-chanel-de","15":"pa_chanel-models-camera-de","16":"pa_chanel-models-wallet-on-chain-de","17":"pa_color-schwarz","18":"pa_grade-grad-2","19":"pa_material-leder","21":"first","22":"outofstock","23":"shipping-taxable","24":"product-type-simple"},"_links":{"self":[{"href":"https:\/\/handbag-sense.com\/de\/wp-json\/wp\/v2\/product\/8837","targetHints":{"allow":["GET"]}}],"collection":[{"href":"https:\/\/handbag-sense.com\/de\/wp-json\/wp\/v2\/product"}],"about":[{"href":"https:\/\/handbag-sense.com\/de\/wp-json\/wp\/v2\/types\/product"}],"wp:featuredmedia":[{"embeddable":true,"href":"https:\/\/handbag-sense.com\/de\/wp-json\/wp\/v2\/media\/8741"}],"wp:attachment":[{"href":"https:\/\/handbag-sense.com\/de\/wp-json\/wp\/v2\/media?parent=8837"}],"wp:term":[{"taxonomy":"product_brand","embeddable":true,"href":"https:\/\/handbag-sense.com\/de\/wp-json\/wp\/v2\/product_brand?post=8837"},{"taxonomy":"product_cat","embeddable":true,"href":"https:\/\/handbag-sense.com\/de\/wp-json\/wp\/v2\/product_cat?post=8837"},{"taxonomy":"product_tag","embeddable":true,"href":"https:\/\/handbag-sense.com\/de\/wp-json\/wp\/v2\/product_tag?post=8837"}],"curies":[{"name":"wp","href":"https:\/\/api.w.org\/{rel}","templated":true}]}}