{"id":8834,"date":"2024-04-30T16:48:48","date_gmt":"2024-04-30T14:48:48","guid":{"rendered":"https:\/\/handbag-sense.com\/?post_type=product&#038;p=8834"},"modified":"2025-05-06T13:03:05","modified_gmt":"2025-05-06T11:03:05","slug":"chanel-timeless-mini-rectangular-schwarz","status":"publish","type":"product","link":"https:\/\/handbag-sense.com\/de\/produkt\/chanel-timeless-mini-rectangular-schwarz\/","title":{"rendered":"Timeless Mini Rectangular Schwarz"},"content":{"rendered":"<div class=\"c-columns-m-1 c-columns-2 c-columns-gap-s\">\n<div><strong>Material:<\/strong> Lammleder<br \/>\n<strong>Farbe:<\/strong> Schwarz<br \/>\n<strong>Metallelemente:<\/strong> Gold Hardware<br \/>\n<strong>Innenmaterial:<\/strong> Textilfutter<\/div>\n<div><strong>Note: 1<\/strong> <img decoding=\"async\" class=\"info_box alignnone size-medium wp-image-885\" title=\"Info\" role=\"img\" src=\"https:\/\/handbag-sense.com\/wp-content\/uploads\/2023\/05\/info_icon.svg\" alt=\"info box\" width=\"15\" height=\"15\" \/><br \/>\n<strong>Baujahr\/Seriennummer:<\/strong> 2017, beginnt mit 244...<br \/>\n<strong>Gr\u00f6\u00dfe:<\/strong> 20 x 12 x 6 cm<\/div>\n<\/div>\n<p><strong>Beinhaltet: <\/strong>Originalrechnung, Authentizit\u00e4tskarte, Staubbeutel, Filz, Booklet, Box<\/p>\n","protected":false},"excerpt":{"rendered":"<p><strong>CHANEL Timeless Mini Rectangular Schwarz mit goldenen Hardware<\/strong>. Die <strong>Timeless Mini Rectangular Flap Bag<\/strong> ist aus schwarzem Lammleder gefertigt und verf\u00fcgt \u00fcber einen gewebten Kettenriemen und einen CC-Verschluss in goldfarbenem Finish. Das Innere der Tasche ist unterteilt in ein Hauptfach mit Rei\u00dfverschlussfach sowie ein zus\u00e4tzliches Einschubfach auf der R\u00fcckseite der Tasche. Es bietet ausreichend Platz f\u00fcr wichtige Dinge wie Handy, Lippenstift und Kartenhalter. Diese kleine Flap Bag Handtasche kann \u00fcber der Schulter oder als Umh\u00e4ngetasche getragen werden. Als bequeme und kompakte Handtasche verk\u00f6rpert sie das klassische Design von Chanel und ist der ideale Begleiter f\u00fcr jede Abendveranstaltung. Die <strong>Chanel Mini Rectangular Flap Bag<\/strong> ist neu und ungetragen und wird mit einer Echtheitskarte, einem Staubbeutel und in einer Chanel-Box geliefert.<\/p>\n","protected":false},"featured_media":8753,"template":"","meta":[],"product_brand":[2417],"product_cat":[347,350,351,346,345],"product_tag":[2097,1763],"class_list":{"0":"post-8834","1":"product","2":"type-product","3":"status-publish","4":"has-post-thumbnail","6":"product_brand-chanel-de","7":"product_cat-handtasche","8":"product_cat-schultertaschen","9":"product_cat-kleine-taschen","10":"product_cat-abendtasche","11":"product_cat-crossbody-taschen","12":"product_tag-chanel-mini-schwarz-de","13":"product_tag-chanel-timeless-mini-de","14":"pa_brand-chanel-de","15":"pa_chanel-models-timeless-classique-de","16":"pa_color-schwarz","17":"pa_material-leder","19":"first","20":"outofstock","21":"product-type-simple"},"_links":{"self":[{"href":"https:\/\/handbag-sense.com\/de\/wp-json\/wp\/v2\/product\/8834","targetHints":{"allow":["GET"]}}],"collection":[{"href":"https:\/\/handbag-sense.com\/de\/wp-json\/wp\/v2\/product"}],"about":[{"href":"https:\/\/handbag-sense.com\/de\/wp-json\/wp\/v2\/types\/product"}],"wp:featuredmedia":[{"embeddable":true,"href":"https:\/\/handbag-sense.com\/de\/wp-json\/wp\/v2\/media\/8753"}],"wp:attachment":[{"href":"https:\/\/handbag-sense.com\/de\/wp-json\/wp\/v2\/media?parent=8834"}],"wp:term":[{"taxonomy":"product_brand","embeddable":true,"href":"https:\/\/handbag-sense.com\/de\/wp-json\/wp\/v2\/product_brand?post=8834"},{"taxonomy":"product_cat","embeddable":true,"href":"https:\/\/handbag-sense.com\/de\/wp-json\/wp\/v2\/product_cat?post=8834"},{"taxonomy":"product_tag","embeddable":true,"href":"https:\/\/handbag-sense.com\/de\/wp-json\/wp\/v2\/product_tag?post=8834"}],"curies":[{"name":"wp","href":"https:\/\/api.w.org\/{rel}","templated":true}]}}