{"id":8832,"date":"2024-04-30T16:15:51","date_gmt":"2024-04-30T14:15:51","guid":{"rendered":"https:\/\/handbag-sense.com\/?post_type=product&#038;p=8832"},"modified":"2025-05-06T13:03:06","modified_gmt":"2025-05-06T11:03:06","slug":"chanel-wallet-on-chain-gruen","status":"publish","type":"product","link":"https:\/\/handbag-sense.com\/de\/produkt\/chanel-wallet-on-chain-gruen\/","title":{"rendered":"Wallet On Chain Gr\u00fcn"},"content":{"rendered":"<div class=\"c-columns-m-1 c-columns-2 c-columns-gap-s\">\n<div><strong>Material:<\/strong> genarbtes Kalbsleder<br \/>\n<strong>Farbe:<\/strong> gr\u00fcn<br \/>\n<strong>Metallelemente:<\/strong> goldene Hardware<br \/>\n<strong>Innenmaterial:<\/strong> Textilinnenfutter<\/div>\n<div><strong>Grad:<\/strong> 3\/4 <img decoding=\"async\" class=\"info_box alignnone size-medium wp-image-885\" title=\"Info\" role=\"img\" src=\"https:\/\/handbag-sense.com\/wp-content\/uploads\/2023\/05\/info_icon.svg\" alt=\"info box\" width=\"15\" height=\"15\" \/><br \/>\n<strong>Produktionsjahr \/ Seriennummer:<\/strong> 2021, beginnt mit 311\u2026<br \/>\n<strong>Gr\u00f6\u00dfe:<\/strong> 19,5 x 13 x 3 cm<\/div>\n<\/div>\n<p><strong>Beinhaltet:<\/strong> Authentizit\u00e4tskarte, Originalrechnung, Staubbeutel, Box<\/p>\n","protected":false},"excerpt":{"rendered":"<p><strong>Chanel Wallet On Chain Gr\u00fcn.<\/strong> Die Chanel Wallet On Chain ist ein zeitloses Accessoire, das die klassische Eleganz von Chanel verk\u00f6rpert. Ihre kompakte Gr\u00f6\u00dfe macht sie perfekt f\u00fcr den Abend und den Tag. Die Tasche ist aus gr\u00fcnem Kaviarleder gefertigt und verf\u00fcgt \u00fcber Beschl\u00e4ge aus goldfarbenem Metall sowie eine Schulterkette. Das Innere ist effizient in zwei Hauptf\u00e4cher und ein Rei\u00dfverschlussfach unterteilt, mit einem zus\u00e4tzlichen Rei\u00dfverschlussfach unter der Klappe. Die WOC kann \u00fcber der Schulter getragen oder als Crossbody-Tasche gestylt werden. Diese kleine Tasche wurde nie getragen und befindet sich daher in neuem Zustand. Sie kommt komplett mit Staubbeutel, Echtheitszertifikat, Originalbeleg und Chanel-Box<\/p>\n","protected":false},"featured_media":8779,"template":"","meta":[],"product_brand":[2417],"product_cat":[350,351,344,346,345,342],"product_tag":[1724],"class_list":{"0":"post-8832","1":"product","2":"type-product","3":"status-publish","4":"has-post-thumbnail","6":"product_brand-chanel-de","7":"product_cat-schultertaschen","8":"product_cat-kleine-taschen","9":"product_cat-pochette-de","10":"product_cat-abendtasche","11":"product_cat-crossbody-taschen","12":"product_cat-accessoire-de","13":"product_tag-chanel-wallet-on-chain-de","14":"pa_brand-chanel-de","15":"pa_chanel-models-wallet-on-chain-de","16":"pa_color-gruen","17":"pa_grade-grad-4","18":"pa_material-leder","20":"first","21":"outofstock","22":"shipping-taxable","23":"product-type-simple"},"_links":{"self":[{"href":"https:\/\/handbag-sense.com\/de\/wp-json\/wp\/v2\/product\/8832","targetHints":{"allow":["GET"]}}],"collection":[{"href":"https:\/\/handbag-sense.com\/de\/wp-json\/wp\/v2\/product"}],"about":[{"href":"https:\/\/handbag-sense.com\/de\/wp-json\/wp\/v2\/types\/product"}],"wp:featuredmedia":[{"embeddable":true,"href":"https:\/\/handbag-sense.com\/de\/wp-json\/wp\/v2\/media\/8779"}],"wp:attachment":[{"href":"https:\/\/handbag-sense.com\/de\/wp-json\/wp\/v2\/media?parent=8832"}],"wp:term":[{"taxonomy":"product_brand","embeddable":true,"href":"https:\/\/handbag-sense.com\/de\/wp-json\/wp\/v2\/product_brand?post=8832"},{"taxonomy":"product_cat","embeddable":true,"href":"https:\/\/handbag-sense.com\/de\/wp-json\/wp\/v2\/product_cat?post=8832"},{"taxonomy":"product_tag","embeddable":true,"href":"https:\/\/handbag-sense.com\/de\/wp-json\/wp\/v2\/product_tag?post=8832"}],"curies":[{"name":"wp","href":"https:\/\/api.w.org\/{rel}","templated":true}]}}