{"id":8829,"date":"2024-04-30T15:40:19","date_gmt":"2024-04-30T13:40:19","guid":{"rendered":"https:\/\/handbag-sense.com\/?post_type=product&#038;p=8829"},"modified":"2025-05-06T11:55:56","modified_gmt":"2025-05-06T09:55:56","slug":"hermes-kelly-25-epsom-craie-mauve-pale-gold","status":"publish","type":"product","link":"https:\/\/handbag-sense.com\/de\/produkt\/hermes-kelly-25-epsom-craie-mauve-pale-gold\/","title":{"rendered":"Kelly 25 Epsom Craie \/ Mauve Pale \/ Gold"},"content":{"rendered":"<div class=\"c-columns-m-1 c-columns-2 c-columns-gap-s\">\n<div><strong>Material:<\/strong> Epsom Leder<br \/>\n<strong>Farbe:<\/strong> Craie \/ Mauve Pale \/ Gold<br \/>\n<strong>Metallelemente:<\/strong> Palladium Hardware<br \/>\n<strong>Innenmaterial:<\/strong> Leder<\/div>\n<div><strong>Grad:<\/strong> 2\u00a0<img decoding=\"async\" class=\"info_box alignnone size-medium wp-image-885\" title=\"Info\" role=\"img\" src=\"https:\/\/handbag-sense.com\/wp-content\/uploads\/2023\/05\/info_icon.svg\" alt=\"info box\" width=\"15\" height=\"15\" \/><br \/>\n<strong>Produktionsjahr \/ Stempel:<\/strong> 2023 \/ B<br \/>\n<strong>Gr\u00f6\u00dfe:<\/strong> 25 x 19 x 9 cm<br \/>\n<strong>Versand:<\/strong> Weltweit<\/div>\n<\/div>\n<p><strong>Beinhaltet:<\/strong> Originalrechnung, Staubbeutel, Schulterriemen, Clochette, Schloss, 2 Schl\u00fcssel, Filz, Booklet, Box<\/p>\n<p>&nbsp;<\/p>\n<p>&nbsp;<\/p>\n","protected":false},"excerpt":{"rendered":"<p><strong>Herm\u00e8s Kelly 25 Epsom Craie \/ Mauve Pale \/ Gold mit Palladium Hardware.<\/strong> Erlebe den Charme der <strong>Herm\u00e8s Kelly 25 <\/strong>Epsom tricolore \u2013 ein exquisites Meisterwerk im Miniaturformat, das Deinen Stil auf eine neue Ebene hebt. Die silberne Hardware verleiht der Tasche eine zus\u00e4tzliche Dimension der Eleganz, w\u00e4hrend das strapazierf\u00e4hige Epsom-Leder sowohl eine luxuri\u00f6se Haptik als auch eine zeitlose \u00c4sthetik bietet. Die <strong>Kelly 25 Bag<\/strong> ist perfekt f\u00fcr diejenigen, die das Feine im Detail sch\u00e4tzen. Sie befindet sich in einem exzellenten Zustand mit minimaler Nutzung von nur 2-3 Mal und weist lediglich kleine Kratzer an der Hardware auf. Der Jahresstempel \u201eB\u201c f\u00fcr 2023 best\u00e4tigt ihre aktuelle Herstellung. Eine Investition in eine <strong>Herm\u00e8s Kelly Sellier Epsom Tricolore<\/strong>\u00a0ist eine Investition in ein St\u00fcck Modegeschichte.<\/p>\n","protected":false},"featured_media":8807,"template":"","meta":[],"product_brand":[2404],"product_cat":[347,345],"product_tag":[1569,2115,1757],"class_list":{"0":"post-8829","1":"product","2":"type-product","3":"status-publish","4":"has-post-thumbnail","6":"product_brand-hermes-de","7":"product_cat-handtasche","8":"product_cat-crossbody-taschen","9":"product_tag-hermes-kelly-25","10":"product_tag-kelly-25-craie-de","11":"product_tag-kelly-25-tricolore-de","12":"pa_brand-hermes-de","13":"pa_color-weiss","14":"pa_grade-grad-1","15":"pa_hermes-models-kelly-de","16":"pa_material-leder","18":"first","19":"outofstock","20":"shipping-taxable","21":"product-type-simple"},"_links":{"self":[{"href":"https:\/\/handbag-sense.com\/de\/wp-json\/wp\/v2\/product\/8829","targetHints":{"allow":["GET"]}}],"collection":[{"href":"https:\/\/handbag-sense.com\/de\/wp-json\/wp\/v2\/product"}],"about":[{"href":"https:\/\/handbag-sense.com\/de\/wp-json\/wp\/v2\/types\/product"}],"wp:featuredmedia":[{"embeddable":true,"href":"https:\/\/handbag-sense.com\/de\/wp-json\/wp\/v2\/media\/8807"}],"wp:attachment":[{"href":"https:\/\/handbag-sense.com\/de\/wp-json\/wp\/v2\/media?parent=8829"}],"wp:term":[{"taxonomy":"product_brand","embeddable":true,"href":"https:\/\/handbag-sense.com\/de\/wp-json\/wp\/v2\/product_brand?post=8829"},{"taxonomy":"product_cat","embeddable":true,"href":"https:\/\/handbag-sense.com\/de\/wp-json\/wp\/v2\/product_cat?post=8829"},{"taxonomy":"product_tag","embeddable":true,"href":"https:\/\/handbag-sense.com\/de\/wp-json\/wp\/v2\/product_tag?post=8829"}],"curies":[{"name":"wp","href":"https:\/\/api.w.org\/{rel}","templated":true}]}}