{"id":8341,"date":"2024-04-12T12:32:48","date_gmt":"2024-04-12T10:32:48","guid":{"rendered":"https:\/\/handbag-sense.com\/?post_type=product&#038;p=8341"},"modified":"2025-05-06T11:56:00","modified_gmt":"2025-05-06T09:56:00","slug":"hermes-kelly-mini-mushroom-chevre-leder","status":"publish","type":"product","link":"https:\/\/handbag-sense.com\/de\/produkt\/hermes-kelly-mini-mushroom-chevre-leder\/","title":{"rendered":"Kelly Mini Mushroom Ch\u00e8vre Leder"},"content":{"rendered":"<div class=\"c-columns-m-1 c-columns-2 c-columns-gap-s\">\n<div><strong>Material:<\/strong> Chevre-Leder<br \/>\n<strong>Farbe:<\/strong> Pilz<br \/>\n<strong>Metallelemente:<\/strong> Gold Hardware<br \/>\n<strong>Inner material:<\/strong> Leder<\/div>\n<div><strong>Grade:<\/strong> 1 <img decoding=\"async\" class=\"info_box alignnone size-medium wp-image-885\" title=\"Info\" role=\"img\" src=\"https:\/\/handbag-sense.com\/wp-content\/uploads\/2023\/05\/info_icon.svg\" alt=\"info box\" width=\"15\" height=\"15\" \/><br \/>\n<strong>Baujahr\/Stempel:<\/strong> 2024 \/ U<br \/>\n<strong>Gr\u00f6\u00dfe:<\/strong> 20 x 12 x 6 cm<br \/>\n<strong>Versand:<\/strong> Weltweit<\/div>\n<\/div>\n<p><strong>Enth\u00e4lt:<\/strong> Originalquittung, Staubbeutel, Gurt, Booklet, Box<\/p>\n","protected":false},"excerpt":{"rendered":"<p><strong>Herm\u00e8s Kelly Mini Mushroom Ch\u00e8vre Leder mit goldenen Beschl\u00e4gen<\/strong>. Diese seltene Kelly Mini Tasche ist aus Ch\u00e8vre-Leder in der Farbe Mushroom handgefertigt und mit goldenen Beschl\u00e4gen verziert. Die <strong>Kelly 20 Mushroom Tasche<\/strong> ist absolut neu und nie getragen, wird mit der Originalquittung von 2024 geliefert. Im Lieferumfang enthalten sind ein Schultergurt, ein Herm\u00e8s-Staubbeutel und die orangefarbene Box. Die Kelly Tasche aus dem Hause Herm\u00e8s Die <strong>Mini Kelly Bag<\/strong> ist perfekt f\u00fcr alle, die die feineren Details sch\u00e4tzen. Mit seiner kompakten Gr\u00f6\u00dfe ist er der ideale Begleiter f\u00fcr besondere Anl\u00e4sse oder als stilvolles Accessoire f\u00fcr den Alltag. Ob als besonderes Geschenk oder als Statement-Piece f\u00fcr Ihren individuellen Style \u2013 diese Mini Kelly Bag wird Ihren Look auf subtile Weise perfektionieren.<\/p>\n","protected":false},"featured_media":8327,"template":"","meta":[],"product_brand":[2404],"product_cat":[347,350,351,344,346],"product_tag":[1637,2059,1751],"class_list":{"0":"post-8341","1":"product","2":"type-product","3":"status-publish","4":"has-post-thumbnail","6":"product_brand-hermes-de","7":"product_cat-handtasche","8":"product_cat-schultertaschen","9":"product_cat-kleine-taschen","10":"product_cat-pochette-de","11":"product_cat-abendtasche","12":"product_tag-hermes-kelly-mini-de","13":"product_tag-kelly-20-pilze","14":"product_tag-kelly-mini-mushroom-de","15":"pa_brand-hermes-de","16":"pa_color-weiss","17":"pa_grade-grad-1","18":"pa_hermes-models-kelly-de","19":"pa_material-leder","21":"first","22":"outofstock","23":"sold-individually","24":"product-type-simple"},"_links":{"self":[{"href":"https:\/\/handbag-sense.com\/de\/wp-json\/wp\/v2\/product\/8341","targetHints":{"allow":["GET"]}}],"collection":[{"href":"https:\/\/handbag-sense.com\/de\/wp-json\/wp\/v2\/product"}],"about":[{"href":"https:\/\/handbag-sense.com\/de\/wp-json\/wp\/v2\/types\/product"}],"wp:featuredmedia":[{"embeddable":true,"href":"https:\/\/handbag-sense.com\/de\/wp-json\/wp\/v2\/media\/8327"}],"wp:attachment":[{"href":"https:\/\/handbag-sense.com\/de\/wp-json\/wp\/v2\/media?parent=8341"}],"wp:term":[{"taxonomy":"product_brand","embeddable":true,"href":"https:\/\/handbag-sense.com\/de\/wp-json\/wp\/v2\/product_brand?post=8341"},{"taxonomy":"product_cat","embeddable":true,"href":"https:\/\/handbag-sense.com\/de\/wp-json\/wp\/v2\/product_cat?post=8341"},{"taxonomy":"product_tag","embeddable":true,"href":"https:\/\/handbag-sense.com\/de\/wp-json\/wp\/v2\/product_tag?post=8341"}],"curies":[{"name":"wp","href":"https:\/\/api.w.org\/{rel}","templated":true}]}}