{"id":8321,"date":"2024-04-10T15:14:54","date_gmt":"2024-04-10T13:14:54","guid":{"rendered":"https:\/\/handbag-sense.com\/?post_type=product&#038;p=8321"},"modified":"2025-10-29T17:46:29","modified_gmt":"2025-10-29T16:46:29","slug":"hermes-videpoches-schwarz-togo","status":"publish","type":"product","link":"https:\/\/handbag-sense.com\/de\/produkt\/hermes-videpoches-schwarz-togo\/","title":{"rendered":"Videpoches Black Togo"},"content":{"rendered":"<div class=\"c-columns-m-1 c-columns-2 c-columns-gap-s\">\n<div><strong>Material:<\/strong> Togo-Leder<br \/>\n<strong>Farbe:<\/strong> Schwarz<br \/>\n<strong>Metallelemente:<\/strong> Palladium Hardware<br \/>\n<strong>Inner material:<\/strong> Leder<\/div>\n<div><strong>Grade:<\/strong> 1 <img decoding=\"async\" class=\"info_box alignnone size-medium wp-image-885\" title=\"Info\" role=\"img\" src=\"https:\/\/handbag-sense.com\/wp-content\/uploads\/2023\/05\/info_icon.svg\" alt=\"info box\" width=\"15\" height=\"15\" \/><br \/>\n<strong>Produktionsjahr:<\/strong> 2024<br \/>\n<strong>Gr\u00f6\u00dfe:<\/strong> 21 x 14 x 4 cm Riemen: 84-123 cm<br \/>\n<strong>Versand:<\/strong> Weltweit<\/div>\n<\/div>\n<p><strong>Enth\u00e4lt:<\/strong> Originalrechnung, Staubbeutel, Karton<\/p>\n","protected":false},"excerpt":{"rendered":"<p><strong>Herm\u00e8s Videpoches Black Togo mit Palladium-Beschl\u00e4gen.<\/strong> Die Herm\u00e8s Videpoches Tasche aus schwarzem Togo-Leder verbindet Komfort mit Eleganz. Seine Origami-inspirierte \u00d6ffnung, die mit zwei palladiumbeschichteten Clou de Selle-Druckkn\u00f6pfen gesichert ist, macht ihn zu einem echten Hingucker. Das perforierte \"H\" auf der Vorderseite unterstreicht die Eleganz von Herm\u00e8s. Der verstellbare Schultergurt aus schwarzem, wolligem Canvas erg\u00e4nzt das stilvolle Design perfekt. Ob \u00fcber der Schulter oder quer \u00fcber dem K\u00f6rper getragen, die Videpoches Tasche ist ein vielseitiger Begleiter f\u00fcr verschiedene Anl\u00e4sse. Es ist in brandneuem, ungetragenem Zustand und wird mit einem Herm\u00e8s-Staubbeutel, einer Herm\u00e8s-Box und der Originalrechnung aus dem Jahr 2024 geliefert.<\/p>\n","protected":false},"featured_media":8259,"template":"","meta":[],"product_brand":[2404],"product_cat":[351,344,345],"product_tag":[2073,2075],"class_list":{"0":"post-8321","1":"product","2":"type-product","3":"status-publish","4":"has-post-thumbnail","6":"product_brand-hermes-de","7":"product_cat-kleine-taschen","8":"product_cat-pochette-de","9":"product_cat-crossbody-taschen","10":"product_tag-hermes-videpoches-schwarz-de","11":"product_tag-videpoches-togo-schwarz","12":"pa_brand-hermes-de","13":"pa_color-schwarz","14":"pa_grade-grad-1","15":"pa_material-leder","17":"first","18":"instock","19":"sold-individually","20":"purchasable","21":"product-type-simple"},"_links":{"self":[{"href":"https:\/\/handbag-sense.com\/de\/wp-json\/wp\/v2\/product\/8321","targetHints":{"allow":["GET"]}}],"collection":[{"href":"https:\/\/handbag-sense.com\/de\/wp-json\/wp\/v2\/product"}],"about":[{"href":"https:\/\/handbag-sense.com\/de\/wp-json\/wp\/v2\/types\/product"}],"wp:featuredmedia":[{"embeddable":true,"href":"https:\/\/handbag-sense.com\/de\/wp-json\/wp\/v2\/media\/8259"}],"wp:attachment":[{"href":"https:\/\/handbag-sense.com\/de\/wp-json\/wp\/v2\/media?parent=8321"}],"wp:term":[{"taxonomy":"product_brand","embeddable":true,"href":"https:\/\/handbag-sense.com\/de\/wp-json\/wp\/v2\/product_brand?post=8321"},{"taxonomy":"product_cat","embeddable":true,"href":"https:\/\/handbag-sense.com\/de\/wp-json\/wp\/v2\/product_cat?post=8321"},{"taxonomy":"product_tag","embeddable":true,"href":"https:\/\/handbag-sense.com\/de\/wp-json\/wp\/v2\/product_tag?post=8321"}],"curies":[{"name":"wp","href":"https:\/\/api.w.org\/{rel}","templated":true}]}}