{"id":8318,"date":"2024-04-10T13:29:17","date_gmt":"2024-04-10T11:29:17","guid":{"rendered":"https:\/\/handbag-sense.com\/?post_type=product&#038;p=8318"},"modified":"2025-05-06T11:56:06","modified_gmt":"2025-05-06T09:56:06","slug":"hermes-constance-portemonnaie-slim-epsom-schwarz","status":"publish","type":"product","link":"https:\/\/handbag-sense.com\/de\/produkt\/hermes-constance-portemonnaie-slim-epsom-schwarz\/","title":{"rendered":"Constance Geldb\u00f6rse Slim Epsom Schwarz"},"content":{"rendered":"<div class=\"c-columns-m-1 c-columns-2 c-columns-gap-s\">\n<div><strong>Material:<\/strong> Epsom leder<br \/>\n<strong>Farbe:<\/strong> Schwarz<br \/>\n<strong>Metallelemente:<\/strong> Gold Hardware<br \/>\n<strong>Inner material:<\/strong> Leder<\/div>\n<div><strong>Note: 1<\/strong> <img decoding=\"async\" class=\"info_box alignnone size-medium wp-image-885\" title=\"Info\" role=\"img\" src=\"https:\/\/handbag-sense.com\/wp-content\/uploads\/2023\/05\/info_icon.svg\" alt=\"info box\" width=\"15\" height=\"15\" \/><br \/>\n<strong>Baujahr\/Stempel:<\/strong> 2024 \/ W<br \/>\n<strong>Gr\u00f6\u00dfe:<\/strong> 12 x 10 x 2 cm<br \/>\n<strong>Versand:<\/strong> Weltweit<\/div>\n<\/div>\n<p><strong>Enth\u00e4lt:<\/strong> Originalquittung, Staubbeutel, Filz, Karton<\/p>\n","protected":false},"excerpt":{"rendered":"<p><strong>Herm\u00e8s Constance Geldb\u00f6rse Slim Epsom Schwarz mit goldenen Beschl\u00e4gen.<\/strong> Dieses klassische Constance Slim Portemonnaie ist aus schwarzem Epsom-Leder handgefertigt und mit goldenen Beschl\u00e4gen verziert. Die Constance Slim zeichnet sich durch ihre ikonische \"H\"-Schlie\u00dfe aus. Im Inneren befinden sich zwei Steckpl\u00e4tze und ein winziges, herausnehmbares Geh\u00e4use mit Rei\u00dfverschluss. Die einzigartige Schlaufe auf der R\u00fcckseite erm\u00f6glicht es, dieses stilvolle Portemonnaie als G\u00fcrteltasche zu tragen. Geliefert in neuem, ungetragenem Zustand mit Herm\u00e8s-Staubbeutel und Originalverpackung \u2013 eine echte Bereicherung f\u00fcr jede Sammlung.<\/p>\n","protected":false},"featured_media":8181,"template":"","meta":[],"product_brand":[2404],"product_cat":[1592],"product_tag":[2055,2054],"class_list":{"0":"post-8318","1":"product","2":"type-product","3":"status-publish","4":"has-post-thumbnail","6":"product_brand-hermes-de","7":"product_cat-aktentaschen","8":"product_tag-constance-slim-schwarz-de","9":"product_tag-hermes-slim-konstanz","10":"pa_brand-hermes-de","11":"pa_color-schwarz","12":"pa_grade-grad-1","13":"pa_hermes-models-constance-de","14":"pa_hermes-models-andere-modelle","15":"pa_material-leder","17":"first","18":"outofstock","19":"shipping-taxable","20":"product-type-simple"},"_links":{"self":[{"href":"https:\/\/handbag-sense.com\/de\/wp-json\/wp\/v2\/product\/8318","targetHints":{"allow":["GET"]}}],"collection":[{"href":"https:\/\/handbag-sense.com\/de\/wp-json\/wp\/v2\/product"}],"about":[{"href":"https:\/\/handbag-sense.com\/de\/wp-json\/wp\/v2\/types\/product"}],"wp:featuredmedia":[{"embeddable":true,"href":"https:\/\/handbag-sense.com\/de\/wp-json\/wp\/v2\/media\/8181"}],"wp:attachment":[{"href":"https:\/\/handbag-sense.com\/de\/wp-json\/wp\/v2\/media?parent=8318"}],"wp:term":[{"taxonomy":"product_brand","embeddable":true,"href":"https:\/\/handbag-sense.com\/de\/wp-json\/wp\/v2\/product_brand?post=8318"},{"taxonomy":"product_cat","embeddable":true,"href":"https:\/\/handbag-sense.com\/de\/wp-json\/wp\/v2\/product_cat?post=8318"},{"taxonomy":"product_tag","embeddable":true,"href":"https:\/\/handbag-sense.com\/de\/wp-json\/wp\/v2\/product_tag?post=8318"}],"curies":[{"name":"wp","href":"https:\/\/api.w.org\/{rel}","templated":true}]}}