{"id":8284,"date":"2024-04-09T18:15:04","date_gmt":"2024-04-09T16:15:04","guid":{"rendered":"https:\/\/handbag-sense.com\/?post_type=product&#038;p=8284"},"modified":"2025-05-06T11:56:07","modified_gmt":"2025-05-06T09:56:07","slug":"hermes-birkin-35-togo-gris-meyer","status":"publish","type":"product","link":"https:\/\/handbag-sense.com\/de\/produkt\/hermes-birkin-35-togo-gris-meyer\/","title":{"rendered":"Birkin 35 Togo Gris Meyer"},"content":{"rendered":"<div class=\"c-columns-m-1 c-columns-2 c-columns-gap-s\">\n<div><strong>Material:<\/strong> Togo-Leder<br \/>\n<strong>Farbe:<\/strong> Gris Meyer<br \/>\n<strong>Metallelemente:<\/strong> Palladium Hardware<br \/>\n<strong>Inner material:<\/strong> Leder<\/div>\n<div><strong>Note: <\/strong>1 <img decoding=\"async\" class=\"info_box alignnone size-medium wp-image-885\" title=\"Info\" role=\"img\" src=\"https:\/\/handbag-sense.com\/wp-content\/uploads\/2023\/05\/info_icon.svg\" alt=\"info box\" width=\"15\" height=\"15\" \/><br \/>\n<strong>Baujahr\/Stempel:<\/strong> 2024 \/ B<br \/>\n<strong>Gr\u00f6\u00dfe: <\/strong>35 x 25 x 18 cm<br \/>\n<strong>Versand:<\/strong> Weltweit<\/div>\n<\/div>\n<p><strong>Enth\u00e4lt:<\/strong> Rechnung, Staubbeutel, Clochette, Schl\u00fcssel, Schloss, Filz, Booklet, Box<\/p>\n","protected":false},"excerpt":{"rendered":"<p><strong>Herm\u00e8s Birkin 35 Togo Gris Meyer Palladium-Beschl\u00e4ge<\/strong>. Diese ikonische Birkin 35 Handtasche ist aus Togo-Leder in der Farbe Gris Meyer handgefertigt und mit Palladium-Beschl\u00e4gen veredelt. Als zeitloses Symbol f\u00fcr modische Exzellenz gilt die Birkin als Ikone in der Welt der Luxushandtaschen und steht f\u00fcr unvergleichliche Eleganz und Klasse. Im Lieferumfang enthalten sind eine Clochette, ein Schloss mit zwei Schl\u00fcsseln, der charakteristische Herm\u00e8s-Staubbeutel und die ikonische orangefarbene Box. Die <strong>Herm\u00e8s Birkin Gris Meyer<\/strong> befindet sich in einem brandneuen und ungetragenen Zustand, die Originalrechnung aus dem Jahr 2024 liegt bei.<\/p>\n<p>&nbsp;<\/p>\n","protected":false},"featured_media":8261,"template":"","meta":[],"product_brand":[2404],"product_cat":[347],"product_tag":[2043,2042,1501,1984],"class_list":{"0":"post-8284","1":"product","2":"type-product","3":"status-publish","4":"has-post-thumbnail","6":"product_brand-hermes-de","7":"product_cat-handtasche","8":"product_tag-birkin-35-togo-de","9":"product_tag-birkin-gris-meyer-de","10":"product_tag-hermes-birkin-35-de","11":"product_tag-hermes-birkin-tasche","12":"pa_brand-hermes-de","13":"pa_color-grau","14":"pa_grade-grad-1","15":"pa_hermes-models-birkin-de","16":"pa_material-leder","18":"first","19":"outofstock","20":"sold-individually","21":"product-type-simple"},"_links":{"self":[{"href":"https:\/\/handbag-sense.com\/de\/wp-json\/wp\/v2\/product\/8284","targetHints":{"allow":["GET"]}}],"collection":[{"href":"https:\/\/handbag-sense.com\/de\/wp-json\/wp\/v2\/product"}],"about":[{"href":"https:\/\/handbag-sense.com\/de\/wp-json\/wp\/v2\/types\/product"}],"wp:featuredmedia":[{"embeddable":true,"href":"https:\/\/handbag-sense.com\/de\/wp-json\/wp\/v2\/media\/8261"}],"wp:attachment":[{"href":"https:\/\/handbag-sense.com\/de\/wp-json\/wp\/v2\/media?parent=8284"}],"wp:term":[{"taxonomy":"product_brand","embeddable":true,"href":"https:\/\/handbag-sense.com\/de\/wp-json\/wp\/v2\/product_brand?post=8284"},{"taxonomy":"product_cat","embeddable":true,"href":"https:\/\/handbag-sense.com\/de\/wp-json\/wp\/v2\/product_cat?post=8284"},{"taxonomy":"product_tag","embeddable":true,"href":"https:\/\/handbag-sense.com\/de\/wp-json\/wp\/v2\/product_tag?post=8284"}],"curies":[{"name":"wp","href":"https:\/\/api.w.org\/{rel}","templated":true}]}}