{"id":8171,"date":"2024-04-05T14:05:36","date_gmt":"2024-04-05T12:05:36","guid":{"rendered":"https:\/\/handbag-sense.com\/?post_type=product&#038;p=8171"},"modified":"2025-05-06T15:00:47","modified_gmt":"2025-05-06T13:00:47","slug":"louis-vuitton-bowling-montaigne-gm-schwarz","status":"publish","type":"product","link":"https:\/\/handbag-sense.com\/de\/produkt\/louis-vuitton-bowling-montaigne-gm-schwarz\/","title":{"rendered":"Bowling Montaigne GM Noir"},"content":{"rendered":"<div class=\"c-columns-m-1 c-columns-2 c-columns-gap-s\">\n<div><strong>Material:<\/strong> Epi Leder<br \/>\n<strong>Farbe:<\/strong> Schwarz<br \/>\n<strong>Metallelemente:<\/strong> Silber Metall<\/div>\n<div><strong>Note:<\/strong> 4 <img decoding=\"async\" class=\"info_box alignnone size-medium wp-image-885\" title=\"Info\" role=\"img\" src=\"https:\/\/handbag-sense.com\/wp-content\/uploads\/2023\/05\/info_icon.svg\" alt=\"info box\" width=\"15\" height=\"15\" \/><br \/>\n<strong>Innenmaterial:<\/strong> Textilfutter<br \/>\n<strong>Gr\u00f6\u00dfe:<\/strong> 37 x 26 x 17 cm<\/div>\n<\/div>\n<p><strong>Enth\u00e4lt:<\/strong> Staubbeutel, Original-Quittung<\/p>\n","protected":false},"excerpt":{"rendered":"<p><strong>Louis Vuitton Bowling Montaigne GM Schwarz.<\/strong> Die Louis Vuitton Montaigne Bowlingtasche aus Leder verk\u00f6rpert die klassische Eleganz und Handwerkskunst der Marke. Diese Tasche aus dem ikonischen Fischgr\u00e4tleder von LV hat eine strukturierte, raffinierte Silhouette, die sich perfekt f\u00fcr jeden Anlass eignet und sowohl Stil als auch Funktionalit\u00e4t f\u00fcr einen schicken Alltagslook bietet. Die <strong>Louis Vuitton Montaigne Black<\/strong> befindet sich in einem sehr guten Zustand, wird mit der Schutzh\u00fclle und der Originalquittung aus dem Jahr 2009 geliefert.<\/p>\n","protected":false},"featured_media":7595,"template":"","meta":[],"product_brand":[2436],"product_cat":[347,349],"product_tag":[],"class_list":{"0":"post-8171","1":"product","2":"type-product","3":"status-publish","4":"has-post-thumbnail","6":"product_brand-louis-vuitton-de","7":"product_cat-handtasche","8":"product_cat-shopper-de","9":"pa_brand-louis-vuitton-de","10":"pa_color-braun","11":"pa_grade-grad-2","12":"pa_material-leder","13":"pa_material-leinwand","15":"first","16":"instock","17":"shipping-taxable","18":"purchasable","19":"product-type-simple"},"_links":{"self":[{"href":"https:\/\/handbag-sense.com\/de\/wp-json\/wp\/v2\/product\/8171","targetHints":{"allow":["GET"]}}],"collection":[{"href":"https:\/\/handbag-sense.com\/de\/wp-json\/wp\/v2\/product"}],"about":[{"href":"https:\/\/handbag-sense.com\/de\/wp-json\/wp\/v2\/types\/product"}],"wp:featuredmedia":[{"embeddable":true,"href":"https:\/\/handbag-sense.com\/de\/wp-json\/wp\/v2\/media\/7595"}],"wp:attachment":[{"href":"https:\/\/handbag-sense.com\/de\/wp-json\/wp\/v2\/media?parent=8171"}],"wp:term":[{"taxonomy":"product_brand","embeddable":true,"href":"https:\/\/handbag-sense.com\/de\/wp-json\/wp\/v2\/product_brand?post=8171"},{"taxonomy":"product_cat","embeddable":true,"href":"https:\/\/handbag-sense.com\/de\/wp-json\/wp\/v2\/product_cat?post=8171"},{"taxonomy":"product_tag","embeddable":true,"href":"https:\/\/handbag-sense.com\/de\/wp-json\/wp\/v2\/product_tag?post=8171"}],"curies":[{"name":"wp","href":"https:\/\/api.w.org\/{rel}","templated":true}]}}